{"id":338,"date":"2024-07-25T08:04:19","date_gmt":"2024-07-25T08:04:19","guid":{"rendered":"https:\/\/atlantic.wamvietnam.com\/?page_id=338"},"modified":"2025-09-24T14:26:37","modified_gmt":"2025-09-24T07:26:37","slug":"heat-pump","status":"publish","type":"page","link":"https:\/\/atlantic-comfort.vn\/vn\/heat-pump\/","title":{"rendered":"B\u01a1m nhi\u1ec7t"},"content":{"rendered":"<div data-elementor-type=\"wp-page\" data-elementor-id=\"338\" class=\"elementor elementor-338\" data-elementor-post-type=\"page\">\n\t\t\t\t<div class=\"elementor-element elementor-element-32fdd4a e-con-full e-flex e-con e-parent\" data-id=\"32fdd4a\" data-element_type=\"container\">\n\t\t\t\t<div class=\"elementor-element elementor-element-2c91abd elementor-widget elementor-widget-atlantic_title_banner\" data-id=\"2c91abd\" data-element_type=\"widget\" data-widget_type=\"atlantic_title_banner.default\">\n\t\t\t\t<div class=\"elementor-widget-container\">\n\t\t\t\t\t\n        <div class=\"banner-range bg-light\">\n            <div class=\"container\">\n                <div class=\"row\">\n                    <div class=\"col-md-9\">\n                        <div class=\"header-section header-section--xl\">\n                            <h1 class=\"section-title\">B\u01a1m nhi\u1ec7t<\/h1>\n                            <p class=\"section-title-desc\">Kh\u00e1m ph\u00e1 th\u00eam v\u1ec1 c\u00e1c gi\u1ea3i ph\u00e1p n\u01b0\u1edbc n\u00f3ng c\u1ee7a ch\u00fang t\u00f4i \u2013 ti\u1ebft ki\u1ec7m \u0111i\u1ec7n, th\u00e2n thi\u1ec7n v\u1edbi m\u00f4i tr\u01b0\u1eddng v\u00e0 mang l\u1ea1i s\u1ef1 tho\u1ea3i m\u00e1i t\u1ed1i \u0111a.<\/p>\n                        <\/div>\n                        <div class=\"banner-range__text\"><\/div>\n                    <\/div>\n                    <div class=\"col-md-3 d-none d-md-block\">\n                        <div class=\"banner-range__img\">\n                            <picture class=\"ezimage-field img-fluid\">\n                                <source srcset=\"https:\/\/atlantic-comfort.vn\/wp-content\/uploads\/2025\/05\/EGEO_200L_ambiance_2022.jpg, https:\/\/atlantic-comfort.vn\/wp-content\/uploads\/2025\/05\/EGEO_200L_ambiance_2022.jpg 2x\" class=\"enhancedimage--img--lazyload enhancedimage--focused-img\" data-focus-x=\"0\" data-focus-y=\"-0\" data-width=\"332\" data-height=\"310\" width=\"332\" height=\"310\" data-variation=\"summary_guide\" media=\"(min-width: 576px)\" type=\"image\/png\">\n                                <img loading=\"lazy\" decoding=\"async\" src=\"https:\/\/atlantic-comfort.vn\/wp-content\/uploads\/2025\/05\/EGEO_200L_ambiance_2022.jpg\" alt=\"\" class=\"enhancedimage--img enhancedimage--img--lazyload enhancedimage--focused-img\" srcset=\"https:\/\/atlantic-comfort.vn\/wp-content\/uploads\/2025\/05\/EGEO_200L_ambiance_2022.jpg, https:\/\/atlantic-comfort.vn\/wp-content\/uploads\/2025\/05\/EGEO_200L_ambiance_2022.jpg 2x\" data-focus-x=\"0\" data-focus-y=\"-0\" data-width=\"332\" data-height=\"310\" width=\"332\" height=\"310\" data-variation=\"summary_guide\" type=\"image\/png\">\n                            <\/picture>\n                        <\/div>\n                    <\/div>\n                <\/div>\n            <\/div>\n        <\/div>\n\n        \t\t\t\t<\/div>\n\t\t\t\t<\/div>\n\t\t\t\t<\/div>\n\t\t<div class=\"elementor-element elementor-element-542f77d e-flex e-con-boxed e-con e-parent\" data-id=\"542f77d\" data-element_type=\"container\">\n\t\t\t\t\t<div class=\"e-con-inner\">\n\t\t\t\t<div class=\"elementor-element elementor-element-f4eb4d9 elementor-widget elementor-widget-atlantic_product_grid_auto\" data-id=\"f4eb4d9\" data-element_type=\"widget\" data-widget_type=\"atlantic_product_grid_auto.default\">\n\t\t\t\t<div class=\"elementor-widget-container\">\n\t\t\t\t\t    <div class=\"landing-section range-section\">\n        <div class=\"container\">\n            <span class=\"is-loading d-none\"><\/span>\n            <ul class=\"advice-card__list row list-unstyled\">\n                                    <li class=\"col-12 col-sm-6 col-lg-4\">\n                        <div class=\"advice-card atl-rounded\">\n                            <div class=\"advice-card__image atl-rounded\">\n                                <a href=\"https:\/\/atlantic-comfort.vn\/vn\/heat-pump\/opro-turbo-hz\/\">\n                                    <picture class=\"ezimage-field img-object-fit\">\n                                        <source srcset=\"https:\/\/atlantic-comfort.vn\/wp-content\/uploads\/2025\/09\/OPro-Turbo-HZ-Ambiance.jpg\" width=\"432\" height=\"243\" type=\"image\/jpeg\">\n                                        <img fetchpriority=\"high\" decoding=\"async\" src=\"https:\/\/atlantic-comfort.vn\/wp-content\/uploads\/2025\/09\/OPro-Turbo-HZ-Ambiance.jpg\" width=\"432\" height=\"243\" alt=\"O&#039;Pro Turbo HZ\" class=\"img-fluid\">\n                                    <\/picture>\n                                <\/a>\n                            <\/div>\n                            <div class=\"advice-card__body\">\n                                <h2 class=\"advice-card__title\">\n                                    <a href=\"https:\/\/atlantic-comfort.vn\/vn\/heat-pump\/opro-turbo-hz\/\">O&#039;Pro Turbo HZ<\/a>\n                                <\/h2>\n                                <p class=\"advice-card__text\">Khi c\u00f4ng ngh\u1ec7 Ph\u00e1p ch\u1ea1m \u0111\u1ebfn ti\u1ec7n nghi gia \u0111\u00ecnh<\/p>\n                                <div class=\"product-about-services-col advice-card__btn\">\n                                    <a href=\"https:\/\/atlantic-comfort.vn\/vn\/heat-pump\/opro-turbo-hz\/\" class=\"btn btn-primary\">\n                                        <span class=\"atlicon atlicon-file\" aria-hidden=\"true\"><\/span>\n                                        <span class=\"text\">T\u00ecm hi\u1ec3u th\u00eam<\/span>\n                                    <\/a>\n                                <\/div>\n                            <\/div>\n                        <\/div>\n                    <\/li>\n                                    <li class=\"col-12 col-sm-6 col-lg-4\">\n                        <div class=\"advice-card atl-rounded\">\n                            <div class=\"advice-card__image atl-rounded\">\n                                <a href=\"https:\/\/atlantic-comfort.vn\/vn\/heat-pump\/opro-turbo\/\">\n                                    <picture class=\"ezimage-field img-object-fit\">\n                                        <source srcset=\"https:\/\/atlantic-comfort.vn\/wp-content\/uploads\/2025\/09\/5c27f97c8468-o-pro-turbo-ambiance.jpg\" width=\"432\" height=\"243\" type=\"image\/jpeg\">\n                                        <img decoding=\"async\" src=\"https:\/\/atlantic-comfort.vn\/wp-content\/uploads\/2025\/09\/5c27f97c8468-o-pro-turbo-ambiance.jpg\" width=\"432\" height=\"243\" alt=\"O&#039;Pro Turbo\" class=\"img-fluid\">\n                                    <\/picture>\n                                <\/a>\n                            <\/div>\n                            <div class=\"advice-card__body\">\n                                <h2 class=\"advice-card__title\">\n                                    <a href=\"https:\/\/atlantic-comfort.vn\/vn\/heat-pump\/opro-turbo\/\">O&#039;Pro Turbo<\/a>\n                                <\/h2>\n                                <p class=\"advice-card__text\">B\u00ecnh n\u00f3ng l\u1ea1nh Ph\u00e1p, b\u1ec1n b\u1ec9 v\u01b0\u1ee3t th\u1eddi gian<\/p>\n                                <div class=\"product-about-services-col advice-card__btn\">\n                                    <a href=\"https:\/\/atlantic-comfort.vn\/vn\/heat-pump\/opro-turbo\/\" class=\"btn btn-primary\">\n                                        <span class=\"atlicon atlicon-file\" aria-hidden=\"true\"><\/span>\n                                        <span class=\"text\">T\u00ecm hi\u1ec3u th\u00eam<\/span>\n                                    <\/a>\n                                <\/div>\n                            <\/div>\n                        <\/div>\n                    <\/li>\n                                    <li class=\"col-12 col-sm-6 col-lg-4\">\n                        <div class=\"advice-card atl-rounded\">\n                            <div class=\"advice-card__image atl-rounded\">\n                                <a href=\"https:\/\/atlantic-comfort.vn\/vn\/heat-pump\/opro-central-domestic\/\">\n                                    <picture class=\"ezimage-field img-object-fit\">\n                                        <source srcset=\"https:\/\/atlantic-comfort.vn\/wp-content\/uploads\/2025\/09\/ATL_OPRO_Central_Domestic_VM_Lifestyle.jpg\" width=\"432\" height=\"243\" type=\"image\/jpeg\">\n                                        <img decoding=\"async\" src=\"https:\/\/atlantic-comfort.vn\/wp-content\/uploads\/2025\/09\/ATL_OPRO_Central_Domestic_VM_Lifestyle.jpg\" width=\"432\" height=\"243\" alt=\"O&#039;Pro Central Domestic\" class=\"img-fluid\">\n                                    <\/picture>\n                                <\/a>\n                            <\/div>\n                            <div class=\"advice-card__body\">\n                                <h2 class=\"advice-card__title\">\n                                    <a href=\"https:\/\/atlantic-comfort.vn\/vn\/heat-pump\/opro-central-domestic\/\">O&#039;Pro Central Domestic<\/a>\n                                <\/h2>\n                                <p class=\"advice-card__text\">\u0110\u1eb3ng c\u1ea5p b\u00ecnh n\u00f3ng l\u1ea1nh Ph\u00e1p, ki\u1ebfn t\u1ea1o chu\u1ea9n s\u1ed1ng m\u1edbi<\/p>\n                                <div class=\"product-about-services-col advice-card__btn\">\n                                    <a href=\"https:\/\/atlantic-comfort.vn\/vn\/heat-pump\/opro-central-domestic\/\" class=\"btn btn-primary\">\n                                        <span class=\"atlicon atlicon-file\" aria-hidden=\"true\"><\/span>\n                                        <span class=\"text\">T\u00ecm hi\u1ec3u th\u00eam<\/span>\n                                    <\/a>\n                                <\/div>\n                            <\/div>\n                        <\/div>\n                    <\/li>\n                            <\/ul>\n        <\/div>\n    <\/div>\n    \t\t\t\t<\/div>\n\t\t\t\t<\/div>\n\t\t\t\t\t<\/div>\n\t\t\t\t<\/div>\n\t\t<div class=\"elementor-element elementor-element-21d0b3b e-con-full e-flex e-con e-parent\" data-id=\"21d0b3b\" data-element_type=\"container\">\n\t\t\t\t<div class=\"elementor-element elementor-element-fc6f209 elementor-widget elementor-widget-atlantic_our_advice_ideas\" data-id=\"fc6f209\" data-element_type=\"widget\" data-widget_type=\"atlantic_our_advice_ideas.default\">\n\t\t\t\t<div class=\"elementor-widget-container\">\n\t\t\t\t\t        <div class=\"landing-section advices-ideas-section bg-light\">\n            <div class=\"container\">\n                <div class=\"header-section header-section--md\">\n                    <p class=\"section-title\">L\u1eddi khuy\u00ean v\u00e0 \u00fd t\u01b0\u1edfng c\u1ee7a ch\u00fang t\u00f4i<\/p>\n                <\/div>\n                <ul class=\"row highlight-md-list list-unstyled\">\n                                            <li class=\"col-12 col-sm-6 col-lg-4\">\n                            <a href=\"\/vn\/water-heater-installation-technologies\/maintaining-your-water-heater\/\" class=\"highlight-box atl-rounded highlight-box--md\">\n                                <div class=\"highlight-image highlight-image--md\">\n                                    <picture class=\"ezimage-field\">\n                                        <img decoding=\"async\" src=\"https:\/\/atlantic-comfort.vn\/wp-content\/uploads\/2025\/04\/Maintaining-your-water-heater.jpeg\" alt=\"B\u1ea3o tr\u00ec b\u00ecnh n\u01b0\u1edbc n\u00f3ng c\u1ee7a b\u1ea1n\" class=\"enhancedimage--img img-fluid\">\n                                    <\/picture>\n                                <\/div>\n                                <div class=\"highlight-body highlight-body--md\">\n                                    <h2 class=\"highlight-title highlight-title--md\">B\u1ea3o tr\u00ec b\u00ecnh n\u01b0\u1edbc n\u00f3ng c\u1ee7a b\u1ea1n<\/h2>\n                                <\/div>\n                            <\/a>\n                        <\/li>\n                                            <li class=\"col-12 col-sm-6 col-lg-4\">\n                            <a href=\"\/vn\/water-heater-installation-technologies\/choosing-your-water-heater\/\" class=\"highlight-box atl-rounded highlight-box--md\">\n                                <div class=\"highlight-image highlight-image--md\">\n                                    <picture class=\"ezimage-field\">\n                                        <img decoding=\"async\" src=\"https:\/\/atlantic-comfort.vn\/wp-content\/uploads\/2025\/04\/Choosing-your-water-heater.jpg\" alt=\"C\u00e1ch ch\u1ecdn b\u00ecnh n\u01b0\u1edbc n\u00f3ng ph\u00f9 h\u1ee3p\" class=\"enhancedimage--img img-fluid\">\n                                    <\/picture>\n                                <\/div>\n                                <div class=\"highlight-body highlight-body--md\">\n                                    <h2 class=\"highlight-title highlight-title--md\">C\u00e1ch ch\u1ecdn b\u00ecnh n\u01b0\u1edbc n\u00f3ng ph\u00f9 h\u1ee3p<\/h2>\n                                <\/div>\n                            <\/a>\n                        <\/li>\n                                            <li class=\"col-12 col-sm-6 col-lg-4\">\n                            <a href=\"\/vn\/water-heater-installation-technologies\/installing-your-water-heater\/\" class=\"highlight-box atl-rounded highlight-box--md\">\n                                <div class=\"highlight-image highlight-image--md\">\n                                    <picture class=\"ezimage-field\">\n                                        <img decoding=\"async\" src=\"https:\/\/atlantic-comfort.vn\/wp-content\/uploads\/2025\/04\/HD_Lifestyle_-AMI_Slim_rvb-1-scaled.jpg\" alt=\"Quy tr\u00ecnh l\u1eafp \u0111\u1eb7t m\u00e1y n\u01b0\u1edbc n\u00f3ng\" class=\"enhancedimage--img img-fluid\">\n                                    <\/picture>\n                                <\/div>\n                                <div class=\"highlight-body highlight-body--md\">\n                                    <h2 class=\"highlight-title highlight-title--md\">Quy tr\u00ecnh l\u1eafp \u0111\u1eb7t m\u00e1y n\u01b0\u1edbc n\u00f3ng<\/h2>\n                                <\/div>\n                            <\/a>\n                        <\/li>\n                                            <li class=\"col-12 col-sm-6 col-lg-4\">\n                            <a href=\"\/vn\/water-heater-installation-technologies\/connectivity-remote-piloting-cozytouch\/\" class=\"highlight-box atl-rounded highlight-box--md\">\n                                <div class=\"highlight-image highlight-image--md\">\n                                    <picture class=\"ezimage-field\">\n                                        <img decoding=\"async\" src=\"https:\/\/atlantic-comfort.vn\/wp-content\/uploads\/2025\/04\/COZYTOUCH_smartphone_new-scaled.jpg\" alt=\"K\u1ebft n\u1ed1i &amp; \u0110i\u1ec1u khi\u1ec3n t\u1eeb xa: Cozytouch\" class=\"enhancedimage--img img-fluid\">\n                                    <\/picture>\n                                <\/div>\n                                <div class=\"highlight-body highlight-body--md\">\n                                    <h2 class=\"highlight-title highlight-title--md\">K\u1ebft n\u1ed1i &amp; \u0110i\u1ec1u khi\u1ec3n t\u1eeb xa: Cozytouch<\/h2>\n                                <\/div>\n                            <\/a>\n                        <\/li>\n                                            <li class=\"col-12 col-sm-6 col-lg-4\">\n                            <a href=\"\/vn\/how-to-choose-your-heat-pump\/aerothermal-heating-systems\/\" class=\"highlight-box atl-rounded highlight-box--md\">\n                                <div class=\"highlight-image highlight-image--md\">\n                                    <picture class=\"ezimage-field\">\n                                        <img decoding=\"async\" src=\"https:\/\/atlantic-comfort.vn\/wp-content\/uploads\/2025\/04\/910970712048-shutterstock_394279750.png\" alt=\"H\u1ec7 th\u1ed1ng s\u01b0\u1edfi kh\u00ed nhi\u1ec7t\" class=\"enhancedimage--img img-fluid\">\n                                    <\/picture>\n                                <\/div>\n                                <div class=\"highlight-body highlight-body--md\">\n                                    <h2 class=\"highlight-title highlight-title--md\">H\u1ec7 th\u1ed1ng s\u01b0\u1edfi kh\u00ed nhi\u1ec7t<\/h2>\n                                <\/div>\n                            <\/a>\n                        <\/li>\n                                            <li class=\"col-12 col-sm-6 col-lg-4\">\n                            <a href=\"\/vn\/how-to-choose-your-heat-pump\/how-to-choose-your-heat-pump\/\" class=\"highlight-box atl-rounded highlight-box--md\">\n                                <div class=\"highlight-image highlight-image--md\">\n                                    <picture class=\"ezimage-field\">\n                                        <img decoding=\"async\" src=\"https:\/\/atlantic-comfort.vn\/wp-content\/uploads\/2025\/04\/9aa7d554d605-PAGE_42_iStock-537706754.png\" alt=\"C\u00e1ch l\u1ef1a ch\u1ecdn m\u00e1y b\u01a1m nhi\u1ec7t ph\u00f9 h\u1ee3p\" class=\"enhancedimage--img img-fluid\">\n                                    <\/picture>\n                                <\/div>\n                                <div class=\"highlight-body highlight-body--md\">\n                                    <h2 class=\"highlight-title highlight-title--md\">C\u00e1ch l\u1ef1a ch\u1ecdn m\u00e1y b\u01a1m nhi\u1ec7t ph\u00f9 h\u1ee3p<\/h2>\n                                <\/div>\n                            <\/a>\n                        <\/li>\n                                    <\/ul>\n            <\/div>\n        <\/div>\n        \t\t\t\t<\/div>\n\t\t\t\t<\/div>\n\t\t\t\t<div class=\"elementor-element elementor-element-2b906b0 elementor-widget elementor-widget-atlantic_product_get_in_touch\" data-id=\"2b906b0\" data-element_type=\"widget\" data-widget_type=\"atlantic_product_get_in_touch.default\">\n\t\t\t\t<div class=\"elementor-widget-container\">\n\t\t\t\t\t        <div id=\"questionsAnchor\" class=\"landing-section bg-light questions-section\">\n            <div class=\"container\">\n                <div class=\"questions-section-inner\">\n                    <div class=\"d-flex justify-content-md-center\">\n                        <div class=\"header-section header-section--md\">\n                            <p class=\"section-title\">C\u1ea7n h\u1ed7 tr\u1ee3 th\u00eam th\u00f4ng tin?<\/p>\n                        <\/div>\n                    <\/div>\n                    <div class=\"questions-section-body\">\n                        <ul class=\"row justify-content-center text-center list-unstyled mb-0\">\n                            <li class=\"col-sm-4\">\n                                <div class=\"question-box atl-rounded\">\n                                    <div class=\"question-box-icon\">\n                                        <span class=\"atlicon atlicon-comments-question-check\" aria-hidden=\"true\"><\/span>\n                                    <\/div>\n                                    <div class=\"question-box-title\">\u0110\u1eebng ng\u1ea7n ng\u1ea1i<\/div>\n                                    <div class=\"question-box-text\">\n                                        <p>k\u1ebft n\u1ed1i v\u1edbi ch\u00fang t\u00f4i ho\u1eb7c b\u1ed9 ph\u1eadn ch\u0103m s\u00f3c kh\u00e1ch h\u00e0ng!<\/p>\n                                    <\/div>\n                                    <a href=\"\/vn\/get-in-touch-with-us\/\" class=\"btn btn-primary\" target=\"_self\">\n                                        <span class=\"text\">Li\u00ean h\u1ec7<\/span>\n                                    <\/a>\n                                <\/div>\n                            <\/li>\n                        <\/ul>\n                    <\/div>\n                <\/div>\n            <\/div>\n        <\/div>\n        \t\t\t\t<\/div>\n\t\t\t\t<\/div>\n\t\t\t\t<\/div>\n\t\t\t\t<\/div>","protected":false},"excerpt":{"rendered":"<p>Heat pump Discover more about our hot water solutions &#8211; efficient, eco-friendly, and built for comfort. O\u2019Pro Turbo HZ Where French technology meets home comfort Learn more O\u2019Pro Turbo The French Water Heater, Timelessly Reliable Learn more O&#039;Pro Central Domestic The French Water Heater, Redefining Modern Living Learn more Our Advice &amp; Ideas Maintaining your [&hellip;]<\/p>","protected":false},"author":1,"featured_media":0,"parent":0,"menu_order":7,"comment_status":"closed","ping_status":"closed","template":"","meta":{"inline_featured_image":false,"footnotes":""},"class_list":["post-338","page","type-page","status-publish","hentry"],"_links":{"self":[{"href":"https:\/\/atlantic-comfort.vn\/vn\/wp-json\/wp\/v2\/pages\/338","targetHints":{"allow":["GET"]}}],"collection":[{"href":"https:\/\/atlantic-comfort.vn\/vn\/wp-json\/wp\/v2\/pages"}],"about":[{"href":"https:\/\/atlantic-comfort.vn\/vn\/wp-json\/wp\/v2\/types\/page"}],"author":[{"embeddable":true,"href":"https:\/\/atlantic-comfort.vn\/vn\/wp-json\/wp\/v2\/users\/1"}],"replies":[{"embeddable":true,"href":"https:\/\/atlantic-comfort.vn\/vn\/wp-json\/wp\/v2\/comments?post=338"}],"version-history":[{"count":0,"href":"https:\/\/atlantic-comfort.vn\/vn\/wp-json\/wp\/v2\/pages\/338\/revisions"}],"wp:attachment":[{"href":"https:\/\/atlantic-comfort.vn\/vn\/wp-json\/wp\/v2\/media?parent=338"}],"curies":[{"name":"wp","href":"https:\/\/api.w.org\/{rel}","templated":true}]}}