{"id":19690,"date":"2025-10-31T08:41:21","date_gmt":"2025-10-31T01:41:21","guid":{"rendered":"https:\/\/atlantic-comfort.vn\/?page_id=19690"},"modified":"2025-10-31T08:42:20","modified_gmt":"2025-10-31T01:42:20","slug":"e-commerce-operation","status":"publish","type":"page","link":"https:\/\/atlantic-comfort.vn\/vn\/join-us\/e-commerce-operation\/","title":{"rendered":"Nh\u00e2n vi\u00ean v\u1eadn h\u00e0nh Th\u01b0\u01a1ng m\u1ea1i \u0111i\u1ec7n t\u1eed"},"content":{"rendered":"<div data-elementor-type=\"wp-page\" data-elementor-id=\"19690\" class=\"elementor elementor-19690\" data-elementor-post-type=\"page\">\n\t\t\t\t<div class=\"elementor-element elementor-element-f6558dc e-flex e-con-boxed e-con e-parent\" data-id=\"f6558dc\" data-element_type=\"container\">\n\t\t\t\t\t<div class=\"e-con-inner\">\n\t\t\t\t<div class=\"elementor-element elementor-element-9a322c0 elementor-widget elementor-widget-atlantic_heading_widget\" data-id=\"9a322c0\" data-element_type=\"widget\" data-widget_type=\"atlantic_heading_widget.default\">\n\t\t\t\t<div class=\"elementor-widget-container\">\n\t\t\t\t\t<div class=\"header-section header-section--xl\"><p class=\"section-title\">Nh\u00e2n vi\u00ean v\u1eadn h\u00e0nh Th\u01b0\u01a1ng m\u1ea1i \u0111i\u1ec7n t\u1eed<\/p><p class=\"section-title-desc\"><\/p><\/div>\t\t\t\t<\/div>\n\t\t\t\t<\/div>\n\t\t\t\t<div class=\"elementor-element elementor-element-54423ac elementor-widget elementor-widget-text-editor\" data-id=\"54423ac\" data-element_type=\"widget\" data-widget_type=\"text-editor.default\">\n\t\t\t\t<div class=\"elementor-widget-container\">\n\t\t\t\t\t\t\t\t\t<p>T\u1ea1i Groupe Atlantic Vietnam, ch\u00fang t\u00f4i cam k\u1ebft mang l\u1ea1i s\u1ef1 tho\u1ea3i m\u00e1i v\u1ec1 nhi\u1ec7t cho m\u1ecdi ng\u00f4i nh\u00e0 v\u00e0 doanh nghi\u1ec7p tr\u00ean kh\u1eafp Vi\u1ec7t Nam. L\u00e0 chi nh\u00e1nh c\u1ee7a t\u1eadp \u0111o\u00e0n Groupe Atlantic t\u1eeb n\u0103m 2018, ch\u00fang t\u00f4i \u0111\u00e3 k\u1ebft h\u1ee3p chuy\u00ean m\u00f4n \u0111\u1ecba ph\u01b0\u01a1ng v\u1edbi s\u1ef1 kh\u00e9o l\u00e9o c\u1ee7a m\u1ed9t nh\u00e0 l\u00e3nh \u0111\u1ea1o to\u00e0n c\u1ea7u \u0111\u1ec3 cung c\u1ea5p c\u00e1c lo\u1ea1i b\u00ecnh n\u01b0\u1edbc n\u00f3ng gi\u00e1n ti\u1ebfp, m\u00e1y n\u01b0\u1edbc n\u00f3ng tr\u1ef1c ti\u1ebfp v\u00e0 b\u01a1m nhi\u1ec7t. N\u01a1i l\u00e0m vi\u1ec7c h\u1ee3p t\u00e1c c\u1ee7a ch\u00fang t\u00f4i n\u00e2ng cao ph\u00e1t tri\u1ec3n nh\u1eefng t\u00e0i n\u0103ng h\u01b0\u1edbng \u0111\u1ebfn kh\u00e1ch h\u00e0ng \u0111\u1ec3 ph\u00e1t tri\u1ec3n, th\u00e0nh c\u00f4ng v\u00e0 t\u1ea1o ra c\u00e1c t\u00e1c \u0111\u1ed9ng c\u00f3 \u00fd ngh\u0129a. Ch\u00fang ta s\u1ebd c\u00f9ng nhau x\u00e2y d\u1ef1ng s\u1ef1 tho\u1ea3i m\u00e1i v\u1ec1 nhi\u1ec7t v\u1edbi cam k\u1ebft v\u1ec1 s\u1ef1 xu\u1ea5t s\u1eafc, \u0111\u1ed5i m\u1edbi v\u00e0 l\u1ee3i \u00edch c\u1ee7a kh\u00e1ch h\u00e0ng.<\/p><p>\u0110am m\u00ea m\u1ea1ng x\u00e3 h\u1ed9i? Quan t\u00e2m \u0111\u1ebfn vi\u1ec7c chuy\u1ec3n \u0111\u1ed5i \u1ea3nh h\u01b0\u1edfng th\u00e0nh doanh s\u1ed1 th\u1ef1c t\u1ebf? H\u00e3y xem v\u1ecb tr\u00ed Nh\u00e2n vi\u00ean v\u1eadn h\u00e0nh Th\u01b0\u01a1ng m\u1ea1i \u0111i\u1ec7n t\u1eed c\u1ee7a ch\u00fang t\u00f4i.<\/p><p><strong>V\u1edbi vai tr\u00f2 l\u00e0 Nh\u00e2n vi\u00ean v\u1eadn h\u00e0nh Th\u01b0\u01a1ng m\u1ea1i \u0111i\u1ec7n t\u1eed, b\u1ea1n s\u1ebd\u2026<\/strong><\/p><ul><li>Tham gia x\u00e2y d\u1ef1ng k\u1ebf ho\u1ea1ch b\u00e1n h\u00e0ng tr\u00ean c\u00e1c k\u00eanh TM\u0110T: doanh thu, chi ph\u00ed, c\u00e1c ch\u1ec9 s\u1ed1 \u0111\u00e1nh gi\u00e1\u2026<\/li><li>Thi\u1ebft l\u1eadp c\u00e1c ch\u01b0\u01a1ng tr\u00ecnh khuy\u1ebfn m\u1ea1i tr\u00ean Seller Center. Cung c\u1ea5p v\u00e0 t\u01b0 v\u1ea5n th\u00f4ng tin s\u1ea3n ph\u1ea9m \u0111\u1ea7y \u0111\u1ee7 v\u00e0 ch\u00ednh x\u00e1c \u0111\u1ec3 \u0111\u00e1p \u1ee9ng nhu c\u1ea7u c\u1ee7a kh\u00e1ch h\u00e0ng.<\/li><li>Bi\u1ebft ph\u00e2n b\u1ed5 ng\u00e2n s\u00e1ch, ph\u1ed1i h\u1ee3p tri\u1ec3n khai c\u00e1c ho\u1ea1t \u0111\u1ed9ng k\u00e9o traffic v\u00e0o gian h\u00e0ng: qu\u1ea3ng c\u00e1o n\u1ed9i s\u00e0n\/ngo\u1ea1i s\u00e0n, tham gia c\u00e1c chi\u1ebfn d\u1ecbch b\u00e1n h\u00e0ng c\u1ee7a s\u00e0n.<\/li><li>T\u1ed1i \u01b0u c\u00e1c ch\u1ec9 s\u1ed1: t\u1ef7 l\u1ec7 Click, t\u1ef7 l\u1ec7 Chuy\u1ec3n \u0111\u1ed5i, ROAS, Chi ph\u00ed B\u00e1n H\u00e0ng\/Doanh thu\u2026<\/li><li>Tri\u1ec3n khai c\u00e1c ho\u1ea1t \u0111\u1ed9ng b\u00e1n h\u00e0ng tr\u00ean c\u00e1c k\u00eanh TM\u0110T (Lazada, Shopee, TikTok).<\/li><li>\u0110\u0103ng b\u00e1n s\u1ea3n ph\u1ea9m, ch\u1ec9nh s\u1eeda, t\u1ed1i \u01b0u danh m\u1ee5c s\u1ea3n ph\u1ea9m, listing v\u00e0 m\u00f4 t\u1ea3 s\u1ea3n ph\u1ea9m chu\u1ea9n Mall; c\u00e0i \u0111\u1eb7t khuy\u1ebfn m\u00e3i cho s\u1ea3n ph\u1ea9m.<\/li><li>Gi\u00e1m s\u00e1t t\u1ed3n kho h\u00e0ng ng\u00e0y, \u0111\u1ea3m b\u1ea3o kh\u00f4ng \u0111\u1ec3 x\u1ea3y ra t\u00ecnh tr\u1ea1ng c\u00f2n h\u00e0ng trong kho nh\u01b0ng tr\u00ean s\u00e0n hi\u1ec3n th\u1ecb h\u1ebft h\u00e0ng; d\u1ef1 b\u00e1o b\u00e1n h\u00e0ng v\u00e0 nhu c\u1ea7u nh\u1eadp h\u00e0ng.<\/li><li>Th\u1ef1c hi\u1ec7n c\u00e1c c\u00f4ng vi\u1ec7c kh\u00e1c theo ph\u00e2n c\u00f4ng c\u1ee7a Tr\u01b0\u1edfng b\u1ed9 ph\u1eadn.<\/li><\/ul><p><strong>B\u1ea1n th\u00edch h\u1ee3p n\u1ebfu\u2026<\/strong><\/p><ul><li>T\u1ed1t nghi\u1ec7p Cao \u0111\u1eb3ng tr\u1edf l\u00ean chuy\u00ean ng\u00e0nh: Qu\u1ea3n tr\u1ecb Kinh doanh, Marketing, Th\u01b0\u01a1ng m\u1ea1i \u0111i\u1ec7n t\u1eed.<\/li><li>M\u1ea1nh v\u1ec1 Content l\u00e0 m\u1ed9t l\u1ee3i th\u1ebf.<\/li><li>\u01afu ti\u00ean \u1ee9ng vi\u00ean th\u00e0nh th\u1ea1o c\u00f4ng c\u1ee5 qu\u1ea3n l\u00fd tr\u00ean c\u00e1c s\u00e0n TM\u0110T (Shopee, Lazada, TikTok).<\/li><li>\u01afu ti\u00ean \u1ee9ng vi\u00ean c\u00f3 kinh nghi\u1ec7m social media.<\/li><li>T\u01b0 duy s\u1ed1 li\u1ec7u, t\u01b0 duy gi\u1ea3i ph\u00e1p, t\u01b0 duy logic v\u00e0 k\u1ef9 n\u0103ng gi\u1ea3i quy\u1ebft v\u1ea5n \u0111\u1ec1.<\/li><li>Giao ti\u1ebfp v\u00e0 th\u01b0\u01a1ng l\u01b0\u1ee3ng v\u1edbi KAM s\u00e0n v\u1ec1 deal v\u00e0 quy\u1ec1n l\u1ee3i h\u1ee3p t\u00e1c.<\/li><li>Th\u00e0nh th\u1ea1o MS Office.<\/li><li>Trung th\u1ef1c, c\u1ea7u ti\u1ebfn.<\/li><li>C\u00f3 \u00edt nh\u1ea5t 6 th\u00e1ng kinh nghi\u1ec7m kinh doanh ho\u1eb7c qu\u1ea3n l\u00fd s\u00e0n TM\u0110T.<\/li><\/ul><p><strong>L\u1ee3i \u00edch d\u00e0nh cho b\u1ea1n l\u00e0 g\u00ec?<\/strong><\/p><ul><li>Tham gia v\u00e0o m\u1ed9t n\u01a1i l\u00e0m vi\u1ec7c h\u1ee3p t\u00e1c, ph\u00e1t tri\u1ec3n.<\/li><li>Tham gia v\u00e0o c\u00e1c ho\u1ea1t \u0111\u1ed9ng n\u00e2ng cao nh\u1eadn th\u1ee9c v\u1ec1 th\u01b0\u01a1ng hi\u1ec7u c\u1ee7a ch\u00fang t\u00f4i t\u1ea1i Vi\u1ec7t Nam.<\/li><li>T\u1eadn h\u01b0\u1edfng c\u00e1c l\u1ee3i \u00edch c\u1ee7a m\u1ed9t c\u00f4ng ty to\u00e0n c\u1ea7u v\u00e0 \u0111\u1ecba ph\u01b0\u01a1ng (ra m\u1eaft s\u1ea3n ph\u1ea9m th\u01b0\u1eddng xuy\u00ean, t\u0103ng l\u01b0\u01a1ng h\u00e0ng n\u0103m, kh\u00e1m s\u1ee9c kh\u1ecfe h\u00e0ng n\u0103m, ph\u1ee5 c\u1ea5p sinh nh\u1eadt, ti\u1ec7c t\u1ea5t ni\u00ean\u2026)<\/li><li class=\"translation-block\">L\u01b0\u01a1ng c\u01a1 b\u1ea3n 13 th\u00e1ng, ti\u1ec1n th\u01b0\u1edfng \u0111\u01b0\u1ee3c tr\u1ea3 h\u00e0ng n\u0103m.<\/li><li>\u0110\u01b0\u1ee3c h\u01b0\u1edfng ch\u1ebf \u0111\u1ed9 \u0111\u00f3ng b\u1ea3o hi\u1ec3m x\u00e3 h\u1ed9i full l\u01b0\u01a1ng, tham gia b\u1ea3o hi\u1ec3m c\u1ee7a chi nh\u00e1nh \u0111\u1ecba ph\u01b0\u01a1ng.<\/li><li>Ngh\u1ec9 ph\u00e9p 12 ng\u00e0y trong n\u0103m. \u0110\u01b0\u1ee3c c\u1ea5p th\u00eam 1 ng\u00e0y ngh\u1ec9 ph\u00e9p cho m\u1ed7i 5 n\u0103m l\u00e0m vi\u1ec7c t\u1ea1i c\u00f4ng ty.<\/li><li>C\u01a1 s\u1edf v\u1eadt ch\u1ea5t t\u1ed1t \u1edf trung t\u00e2m th\u00e0nh ph\u1ed1 H\u1ed3 Ch\u00ed Minh.<\/li><li>\u0110\u1ed3ng ph\u1ee5c, m\u00e1y t\u00ednh x\u00e1ch tay...<\/li><\/ul>\t\t\t\t\t\t\t\t<\/div>\n\t\t\t\t<\/div>\n\t\t\t\t<div class=\"elementor-element elementor-element-c44b2ce elementor-widget elementor-widget-spacer\" data-id=\"c44b2ce\" data-element_type=\"widget\" data-widget_type=\"spacer.default\">\n\t\t\t\t<div class=\"elementor-widget-container\">\n\t\t\t\t\t\t\t<div class=\"elementor-spacer\">\n\t\t\t<div class=\"elementor-spacer-inner\"><\/div>\n\t\t<\/div>\n\t\t\t\t\t\t<\/div>\n\t\t\t\t<\/div>\n\t\t\t\t\t<\/div>\n\t\t\t\t<\/div>\n\t\t<div class=\"elementor-element elementor-element-ea0066c e-con-full e-flex e-con e-parent\" data-id=\"ea0066c\" data-element_type=\"container\">\n\t\t\t\t<div class=\"elementor-element elementor-element-88d121f elementor-widget elementor-widget-atlantic_product_get_in_touch\" data-id=\"88d121f\" data-element_type=\"widget\" data-widget_type=\"atlantic_product_get_in_touch.default\">\n\t\t\t\t<div class=\"elementor-widget-container\">\n\t\t\t\t\t        <div id=\"questionsAnchor\" class=\"landing-section bg-light questions-section\">\n            <div class=\"container\">\n                <div class=\"questions-section-inner\">\n                    <div class=\"d-flex justify-content-md-center\">\n                        <div class=\"header-section header-section--md\">\n                            <p class=\"section-title\">C\u00e1ch th\u1ee9c \u1ee9ng tuy\u1ec3n? <\/p>\n                        <\/div>\n                    <\/div>\n                    <div class=\"questions-section-body\">\n                        <ul class=\"row justify-content-center text-center list-unstyled mb-0\">\n                            <li class=\"col-sm-4\">\n                                <div class=\"question-box atl-rounded\">\n                                    <div class=\"question-box-icon\">\n                                        <span class=\"atlicon atlicon-comments-question-check\" aria-hidden=\"true\"><\/span>\n                                    <\/div>\n                                    <div class=\"question-box-title\">\u0110\u1eebng ng\u1ea7n ng\u1ea1i<\/div>\n                                    <div class=\"question-box-text\">\n                                        <p>H\u00e3y g\u1eedi CV c\u1ee7a b\u1ea1n \u0111\u1ebfn ph\u00f2ng nh\u00e2n s\u1ef1 (nlethu@groupe-atlantic.com), v\u00e0 ghi r\u00f5 t\u00ean v\u1ecb tr\u00ed \u1ee9ng tuy\u1ec3n \u1edf ph\u1ea7n ti\u00eau \u0111\u1ec1 email. <\/p>\n                                    <\/div>\n                                    <a href=\"mailto:nlethu@groupe-atlantic.com\" class=\"btn btn-primary\" target=\"_self\">\n                                        <span class=\"text\">Send email<\/span>\n                                    <\/a>\n                                <\/div>\n                            <\/li>\n                        <\/ul>\n                    <\/div>\n                <\/div>\n            <\/div>\n        <\/div>\n        \t\t\t\t<\/div>\n\t\t\t\t<\/div>\n\t\t\t\t<\/div>\n\t\t\t\t<\/div>","protected":false},"excerpt":{"rendered":"<p>E-commerce Operation At Groupe Atlantic Vietnam, we are dedicated to bringing thermal comfort to homes and businesses across Vietnam. Since becoming part of Groupe Atlantic in 2018, we have combined local expertise with the \u201csavoir-faire\u201d of a global leader to deliver innovative electric water heaters, water heaters, and heat pumps. Our collaborative workplace empowers customer-focused [&hellip;]<\/p>","protected":false},"author":1,"featured_media":0,"parent":19551,"menu_order":2,"comment_status":"closed","ping_status":"closed","template":"","meta":{"inline_featured_image":false,"footnotes":""},"class_list":["post-19690","page","type-page","status-publish","hentry"],"_links":{"self":[{"href":"https:\/\/atlantic-comfort.vn\/vn\/wp-json\/wp\/v2\/pages\/19690","targetHints":{"allow":["GET"]}}],"collection":[{"href":"https:\/\/atlantic-comfort.vn\/vn\/wp-json\/wp\/v2\/pages"}],"about":[{"href":"https:\/\/atlantic-comfort.vn\/vn\/wp-json\/wp\/v2\/types\/page"}],"author":[{"embeddable":true,"href":"https:\/\/atlantic-comfort.vn\/vn\/wp-json\/wp\/v2\/users\/1"}],"replies":[{"embeddable":true,"href":"https:\/\/atlantic-comfort.vn\/vn\/wp-json\/wp\/v2\/comments?post=19690"}],"version-history":[{"count":4,"href":"https:\/\/atlantic-comfort.vn\/vn\/wp-json\/wp\/v2\/pages\/19690\/revisions"}],"predecessor-version":[{"id":19694,"href":"https:\/\/atlantic-comfort.vn\/vn\/wp-json\/wp\/v2\/pages\/19690\/revisions\/19694"}],"up":[{"embeddable":true,"href":"https:\/\/atlantic-comfort.vn\/vn\/wp-json\/wp\/v2\/pages\/19551"}],"wp:attachment":[{"href":"https:\/\/atlantic-comfort.vn\/vn\/wp-json\/wp\/v2\/media?parent=19690"}],"curies":[{"name":"wp","href":"https:\/\/api.w.org\/{rel}","templated":true}]}}