{"id":19685,"date":"2025-10-31T08:39:26","date_gmt":"2025-10-31T01:39:26","guid":{"rendered":"https:\/\/atlantic-comfort.vn\/?page_id=19685"},"modified":"2025-10-31T08:40:35","modified_gmt":"2025-10-31T01:40:35","slug":"sales-representative","status":"publish","type":"page","link":"https:\/\/atlantic-comfort.vn\/vn\/join-us\/sales-representative\/","title":{"rendered":"\u0110\u1ea1i di\u1ec7n Kinh Doanh"},"content":{"rendered":"<div data-elementor-type=\"wp-page\" data-elementor-id=\"19685\" class=\"elementor elementor-19685\" data-elementor-post-type=\"page\">\n\t\t\t\t<div class=\"elementor-element elementor-element-f6558dc e-flex e-con-boxed e-con e-parent\" data-id=\"f6558dc\" data-element_type=\"container\">\n\t\t\t\t\t<div class=\"e-con-inner\">\n\t\t\t\t<div class=\"elementor-element elementor-element-9a322c0 elementor-widget elementor-widget-atlantic_heading_widget\" data-id=\"9a322c0\" data-element_type=\"widget\" data-widget_type=\"atlantic_heading_widget.default\">\n\t\t\t\t<div class=\"elementor-widget-container\">\n\t\t\t\t\t<div class=\"header-section header-section--xl\"><p class=\"section-title\">\u0110\u1ea1i di\u1ec7n Kinh Doanh<\/p><p class=\"section-title-desc\"><\/p><\/div>\t\t\t\t<\/div>\n\t\t\t\t<\/div>\n\t\t\t\t<div class=\"elementor-element elementor-element-54423ac elementor-widget elementor-widget-text-editor\" data-id=\"54423ac\" data-element_type=\"widget\" data-widget_type=\"text-editor.default\">\n\t\t\t\t<div class=\"elementor-widget-container\">\n\t\t\t\t\t\t\t\t\t<p>T\u1ea1i Groupe Atlantic Vietnam, ch\u00fang t\u00f4i cam k\u1ebft mang l\u1ea1i s\u1ef1 tho\u1ea3i m\u00e1i v\u1ec1 nhi\u1ec7t cho m\u1ecdi ng\u00f4i nh\u00e0 v\u00e0 doanh nghi\u1ec7p tr\u00ean kh\u1eafp Vi\u1ec7t Nam. L\u00e0 chi nh\u00e1nh c\u1ee7a t\u1eadp \u0111o\u00e0n Groupe Atlantic t\u1eeb n\u0103m 2019, ch\u00fang t\u00f4i \u0111\u00e3 k\u1ebft h\u1ee3p chuy\u00ean m\u00f4n \u0111\u1ecba ph\u01b0\u01a1ng v\u1edbi s\u1ef1 kh\u00e9o l\u00e9o c\u1ee7a m\u1ed9t nh\u00e0 l\u00e3nh \u0111\u1ea1o to\u00e0n c\u1ea7u \u0111\u1ec3 cung c\u1ea5p c\u00e1c lo\u1ea1i b\u00ecnh n\u01b0\u1edbc n\u00f3ng gi\u00e1n ti\u1ebfp, m\u00e1y n\u01b0\u1edbc n\u00f3ng tr\u1ef1c ti\u1ebfp v\u00e0 b\u01a1m nhi\u1ec7t. N\u01a1i l\u00e0m vi\u1ec7c h\u1ee3p t\u00e1c c\u1ee7a ch\u00fang t\u00f4i n\u00e2ng cao ph\u00e1t tri\u1ec3n nh\u1eefng t\u00e0i n\u0103ng h\u01b0\u1edbng \u0111\u1ebfn kh\u00e1ch h\u00e0ng \u0111\u1ec3 ph\u00e1t tri\u1ec3n, th\u00e0nh c\u00f4ng v\u00e0 t\u1ea1o ra c\u00e1c t\u00e1c \u0111\u1ed9ng c\u00f3 \u00fd ngh\u0129a. Ch\u00fang ta s\u1ebd c\u00f9ng nhau x\u00e2y d\u1ef1ng s\u1ef1 tho\u1ea3i m\u00e1i v\u1ec1 nhi\u1ec7t v\u1edbi cam k\u1ebft v\u1ec1 s\u1ef1 xu\u1ea5t s\u1eafc, \u0111\u1ed5i m\u1edbi v\u00e0 l\u1ee3i \u00edch c\u1ee7a kh\u00e1ch h\u00e0ng.<\/p><p>\u0110am m\u00ea doanh s\u1ed1? Th\u00edch th\u1eed th\u00e1ch v\u00e0 m\u00f4i tr\u01b0\u1eddng c\u1ea1nh tranh t\u00edch c\u1ef1c? M\u1ee5c ti\u00eau ngh\u1ec1 nghi\u1ec7p c\u1ee7a b\u1ea1n g\u1eafn v\u1edbi ph\u00e1t tri\u1ec3n kinh doanh? H\u00e3y t\u00ecm hi\u1ec3u v\u1ecb tr\u00ed \u0110\u1ea1i di\u1ec7n Kinh doanh c\u1ee7a ch\u00fang t\u00f4i.<\/p><p><strong>V\u1edbi vai tr\u00f2 l\u00e0 \u0110\u1ea1i di\u1ec7n Kinh doanh<\/strong><strong>,<\/strong><strong> b\u1ea1n s\u1ebd\u2026<\/strong><\/p><ul><li>M\u1edf r\u1ed9ng th\u1ecb tr\u01b0\u1eddng, t\u00ecm ki\u1ebfm kh\u00e1ch h\u00e0ng m\u1edbi thu\u1ed9c khu v\u1ef1c ph\u1ee5 tr\u00e1ch (s\u1ea3n ph\u1ea9m b\u00ecnh n\u01b0\u1edbc n\u00f3ng).<\/li><li>Ch\u0103m s\u00f3c kh\u00e1ch h\u00e0ng\/\u0111\u1ea1i l\u00fd\/NPP hi\u1ec7n c\u00f3 \u0111\u1ec3 l\u1ea5y h\u00e0ng cho c\u00f4ng ty theo khu v\u1ef1c \u0111\u01b0\u1ee3c giao.<\/li><li>Qu\u1ea3n l\u00fd v\u00e0 thu h\u1ed3i c\u00f4ng n\u1ee3.<\/li><li>Ph\u1ed1i h\u1ee3p v\u1edbi Marketing \u0111\u1ec3 ph\u00e1t tri\u1ec3n th\u01b0\u01a1ng hi\u1ec7u s\u1ea3n ph\u1ea9m.<\/li><li>Ch\u0103m s\u00f3c v\u00e0 duy tr\u00ec m\u1ed1i quan h\u1ec7 v\u1edbi kh\u00e1ch h\u00e0ng.<\/li><li>Th\u1ef1c hi\u1ec7n c\u00e1c c\u00f4ng vi\u1ec7c kh\u00e1c theo y\u00eau c\u1ea7u c\u1ee7a Tr\u01b0\u1edfng b\u1ed9 ph\u1eadn v\u00e0 Ban gi\u00e1m \u0111\u1ed1c.<\/li><\/ul><p><strong>B\u1ea1n th\u00edch h\u1ee3p n\u1ebfu\u2026<\/strong><\/p><ul><li>T\u1ed1t nghi\u1ec7p Trung c\u1ea5p\/Cao \u0111\u1eb3ng\/\u0110\u1ea1i h\u1ecdc \u1edf t\u1ea5t c\u1ea3 ng\u00e0nh ngh\u1ec1.<\/li><li>\u01afu ti\u00ean c\u00f3 kinh nghi\u1ec7m l\u00e0m vi\u1ec7c t\u1ea1i v\u1ecb tr\u00ed t\u01b0\u01a1ng t\u1ef1 l\u0129nh v\u1ef1c V\u1eadt li\u1ec7u x\u00e2y d\u1ef1ng, trang tr\u00ed n\u1ed9i th\u1ea5t, m\u00e1y n\u01b0\u1edbc n\u00f3ng, \u0111i\u1ec7n gia d\u1ee5ng ...<\/li><li>C\u00f3 \u0111am m\u00ea v\u00e0 y\u00eau th\u00edch c\u00f4ng vi\u1ec7c kinh doanh.<\/li><li>K\u1ef9 n\u0103ng giao ti\u1ebfp, g\u1eb7p g\u1ee1 kh\u00e1ch h\u00e0ng t\u1ed1t.<\/li><li>Trung th\u1ef1c, ch\u0103m ch\u1ec9, n\u0103ng \u0111\u1ed9ng, c\u00f3 \u0111\u1ed9ng l\u1ef1c v\u00e0 tinh th\u1ea7n tr\u00e1ch nhi\u1ec7m, l\u00e0m vi\u1ec7c nghi\u00eam t\u00fac.<\/li><\/ul><p><strong>L\u1ee3i \u00edch d\u00e0nh cho b\u1ea1n l\u00e0 g\u00ec?<\/strong><\/p><ul><li>Tham gia v\u00e0o m\u1ed9t n\u01a1i l\u00e0m vi\u1ec7c h\u1ee3p t\u00e1c, ph\u00e1t tri\u1ec3n.<\/li><li>Tham gia v\u00e0o c\u00e1c ho\u1ea1t \u0111\u1ed9ng n\u00e2ng cao nh\u1eadn th\u1ee9c v\u1ec1 th\u01b0\u01a1ng hi\u1ec7u c\u1ee7a ch\u00fang t\u00f4i t\u1ea1i Vi\u1ec7t Nam.<\/li><li>T\u1eadn h\u01b0\u1edfng c\u00e1c l\u1ee3i \u00edch c\u1ee7a m\u1ed9t c\u00f4ng ty to\u00e0n c\u1ea7u v\u00e0 \u0111\u1ecba ph\u01b0\u01a1ng (ra m\u1eaft s\u1ea3n ph\u1ea9m th\u01b0\u1eddng xuy\u00ean, t\u0103ng l\u01b0\u01a1ng h\u00e0ng n\u0103m, kh\u00e1m s\u1ee9c kh\u1ecfe h\u00e0ng n\u0103m, ph\u1ee5 c\u1ea5p sinh nh\u1eadt, ti\u1ec7c t\u1ea5t ni\u00ean\u2026)<\/li><li class=\"translation-block\">L\u01b0\u01a1ng c\u01a1 b\u1ea3n 13 th\u00e1ng, ti\u1ec1n th\u01b0\u1edfng \u0111\u01b0\u1ee3c tr\u1ea3 h\u00e0ng n\u0103m.<\/li><li>\u0110\u01b0\u1ee3c h\u01b0\u1edfng ch\u1ebf \u0111\u1ed9 \u0111\u00f3ng b\u1ea3o hi\u1ec3m x\u00e3 h\u1ed9i full l\u01b0\u01a1ng, tham gia b\u1ea3o hi\u1ec3m c\u1ee7a chi nh\u00e1nh \u0111\u1ecba ph\u01b0\u01a1ng.<\/li><li>Ngh\u1ec9 ph\u00e9p 12 ng\u00e0y trong n\u0103m. \u0110\u01b0\u1ee3c c\u1ea5p th\u00eam 1 ng\u00e0y ngh\u1ec9 ph\u00e9p cho m\u1ed7i 5 n\u0103m l\u00e0m vi\u1ec7c t\u1ea1i c\u00f4ng ty.<\/li><li>C\u01a1 s\u1edf v\u1eadt ch\u1ea5t t\u1ed1t \u1edf trung t\u00e2m th\u00e0nh ph\u1ed1 H\u1ed3 Ch\u00ed Minh.<\/li><li>\u0110\u1ed3ng ph\u1ee5c, m\u00e1y t\u00ednh x\u00e1ch tay, ph\u1ee5 c\u1ea5p \u0111i\u1ec7n tho\u1ea1i..<\/li><\/ul>\t\t\t\t\t\t\t\t<\/div>\n\t\t\t\t<\/div>\n\t\t\t\t<div class=\"elementor-element elementor-element-c44b2ce elementor-widget elementor-widget-spacer\" data-id=\"c44b2ce\" data-element_type=\"widget\" data-widget_type=\"spacer.default\">\n\t\t\t\t<div class=\"elementor-widget-container\">\n\t\t\t\t\t\t\t<div class=\"elementor-spacer\">\n\t\t\t<div class=\"elementor-spacer-inner\"><\/div>\n\t\t<\/div>\n\t\t\t\t\t\t<\/div>\n\t\t\t\t<\/div>\n\t\t\t\t\t<\/div>\n\t\t\t\t<\/div>\n\t\t<div class=\"elementor-element elementor-element-ea0066c e-con-full e-flex e-con e-parent\" data-id=\"ea0066c\" data-element_type=\"container\">\n\t\t\t\t<div class=\"elementor-element elementor-element-88d121f elementor-widget elementor-widget-atlantic_product_get_in_touch\" data-id=\"88d121f\" data-element_type=\"widget\" data-widget_type=\"atlantic_product_get_in_touch.default\">\n\t\t\t\t<div class=\"elementor-widget-container\">\n\t\t\t\t\t        <div id=\"questionsAnchor\" class=\"landing-section bg-light questions-section\">\n            <div class=\"container\">\n                <div class=\"questions-section-inner\">\n                    <div class=\"d-flex justify-content-md-center\">\n                        <div class=\"header-section header-section--md\">\n                            <p class=\"section-title\">C\u00e1ch th\u1ee9c \u1ee9ng tuy\u1ec3n? <\/p>\n                        <\/div>\n                    <\/div>\n                    <div class=\"questions-section-body\">\n                        <ul class=\"row justify-content-center text-center list-unstyled mb-0\">\n                            <li class=\"col-sm-4\">\n                                <div class=\"question-box atl-rounded\">\n                                    <div class=\"question-box-icon\">\n                                        <span class=\"atlicon atlicon-comments-question-check\" aria-hidden=\"true\"><\/span>\n                                    <\/div>\n                                    <div class=\"question-box-title\">\u0110\u1eebng ng\u1ea7n ng\u1ea1i<\/div>\n                                    <div class=\"question-box-text\">\n                                        <p>H\u00e3y g\u1eedi CV c\u1ee7a b\u1ea1n \u0111\u1ebfn ph\u00f2ng nh\u00e2n s\u1ef1 (nlethu@groupe-atlantic.com), v\u00e0 ghi r\u00f5 t\u00ean v\u1ecb tr\u00ed \u1ee9ng tuy\u1ec3n \u1edf ph\u1ea7n ti\u00eau \u0111\u1ec1 email. <\/p>\n                                    <\/div>\n                                    <a href=\"mailto:nlethu@groupe-atlantic.com\" class=\"btn btn-primary\" target=\"_self\">\n                                        <span class=\"text\">Send email<\/span>\n                                    <\/a>\n                                <\/div>\n                            <\/li>\n                        <\/ul>\n                    <\/div>\n                <\/div>\n            <\/div>\n        <\/div>\n        \t\t\t\t<\/div>\n\t\t\t\t<\/div>\n\t\t\t\t<\/div>\n\t\t\t\t<\/div>","protected":false},"excerpt":{"rendered":"<p>Sales Representative At Groupe Atlantic Vietnam, we are dedicated to bringing thermal comfort to homes and businesses across Vietnam. Since becoming part of Groupe Atlantic in 2019, we have combined local expertise with the \u201csavoir-faire\u201d of a global leader to deliver innovative electric water heaters, water heaters, and heat pumps. Our collaborative workplace empowers customer-focused [&hellip;]<\/p>","protected":false},"author":1,"featured_media":0,"parent":19551,"menu_order":1,"comment_status":"closed","ping_status":"closed","template":"","meta":{"inline_featured_image":false,"footnotes":""},"class_list":["post-19685","page","type-page","status-publish","hentry"],"_links":{"self":[{"href":"https:\/\/atlantic-comfort.vn\/vn\/wp-json\/wp\/v2\/pages\/19685","targetHints":{"allow":["GET"]}}],"collection":[{"href":"https:\/\/atlantic-comfort.vn\/vn\/wp-json\/wp\/v2\/pages"}],"about":[{"href":"https:\/\/atlantic-comfort.vn\/vn\/wp-json\/wp\/v2\/types\/page"}],"author":[{"embeddable":true,"href":"https:\/\/atlantic-comfort.vn\/vn\/wp-json\/wp\/v2\/users\/1"}],"replies":[{"embeddable":true,"href":"https:\/\/atlantic-comfort.vn\/vn\/wp-json\/wp\/v2\/comments?post=19685"}],"version-history":[{"count":4,"href":"https:\/\/atlantic-comfort.vn\/vn\/wp-json\/wp\/v2\/pages\/19685\/revisions"}],"predecessor-version":[{"id":19689,"href":"https:\/\/atlantic-comfort.vn\/vn\/wp-json\/wp\/v2\/pages\/19685\/revisions\/19689"}],"up":[{"embeddable":true,"href":"https:\/\/atlantic-comfort.vn\/vn\/wp-json\/wp\/v2\/pages\/19551"}],"wp:attachment":[{"href":"https:\/\/atlantic-comfort.vn\/vn\/wp-json\/wp\/v2\/media?parent=19685"}],"curies":[{"name":"wp","href":"https:\/\/api.w.org\/{rel}","templated":true}]}}