{"id":1968,"date":"2025-04-24T01:50:16","date_gmt":"2025-04-23T18:50:16","guid":{"rendered":"https:\/\/atlantic-comfort-vn.wamstore.com\/?page_id=1968"},"modified":"2025-05-14T10:40:26","modified_gmt":"2025-05-14T03:40:26","slug":"connectivity-remote-piloting-cozytouch","status":"publish","type":"page","link":"https:\/\/atlantic-comfort.vn\/vn\/water-heater-installation-technologies\/connectivity-remote-piloting-cozytouch\/","title":{"rendered":"K\u1ebft n\u1ed1i &amp; \u0110i\u1ec1u khi\u1ec3n t\u1eeb xa: Cozytouch"},"content":{"rendered":"<div data-elementor-type=\"wp-page\" data-elementor-id=\"1968\" class=\"elementor elementor-1968\" data-elementor-post-type=\"page\">\n\t\t\t\t<div class=\"elementor-element elementor-element-cb21c9b e-flex e-con-boxed e-con e-parent\" data-id=\"cb21c9b\" data-element_type=\"container\">\n\t\t\t\t\t<div class=\"e-con-inner\">\n\t\t\t\t<div class=\"elementor-element elementor-element-fb845ef elementor-hidden-desktop elementor-hidden-tablet elementor-hidden-mobile elementor-widget elementor-widget-html\" data-id=\"fb845ef\" data-element_type=\"widget\" data-widget_type=\"html.default\">\n\t\t\t\t<div class=\"elementor-widget-container\">\n\t\t\t\t\t<div class=\"ezlandingpage-field\">                <div class=\"container container-big landing-page__zones\">\n    <div class=\"row\">\n                    <div class=\"col-12\">\n                \n<div class=\"header-section header-section--xl\">\n    <h1 class=\"section-title\">K\u1ebft n\u1ed1i &amp; \u0110i\u1ec1u khi\u1ec3n t\u1eeb xa: Cozytouch<\/h1>\n<\/div>\n            <\/div>\n                            <div class=\"column-aside col-12 col-md-3\">\n                <div id=\"scrollspy\" class=\"scrollspy list-unstyled\">\n                    <button class=\"dropdown-toggle\" data-bs-toggle=\"dropdown\" role=\"button\" aria-expanded=\"false\">\n                        <span>B\u1ea3n t\u00f3m t\u1eaft<\/span>\n                        <span class=\"atlicon atlicon-angle-down\"><\/span>\n                    <\/button>\n                    <div class=\"dropdown-menu\">\n                        <ul class=\"scrollspy--list list-unstyled js-summary-list-data\">\n                        <\/ul>\n                    <\/div>\n                <\/div>\n            <\/div>\n                <div class=\"col-12 col-md-9\">\n            <div class=\"scrollspy-content\">\n                <div class=\"wysiwyg js-summary-source\">\n                    <div class=\"ezrichtext-field\">\n                                                                            <div class=\"landing-page__zone landing-page__zone--5756\" data-ibexa-zone-id=\"5756\">\n                                                                    \n                                                                            <div class=\"landing-page__block block_richtext\" data-ez-block-id=\"14409\">\n                                            <div class=\"block-richtext\">\n    <p>Trong th\u1ebf gi\u1edbi ng\u00e0y nay, <strong>k\u1ebft n\u1ed1i v\u00e0 \u0111i\u1ec1u khi\u1ec3n t\u1eeb xa c\u00e1c thi\u1ebft b\u1ecb gia d\u1ee5ng<\/strong> \u0111ang ng\u00e0y c\u00e0ng tr\u1edf n\u00ean quan tr\u1ecdng v\u00e0 ph\u1ed5 bi\u1ebfn. Do \u0111\u00f3, Atlantic t\u1ef1 h\u00e0o gi\u1edbi thi\u1ec7u d\u00f2ng s\u1ea3n ph\u1ea9m m\u1edbi c\u1ee7a m\u00ecnh <strong>s\u1ea3n ph\u1ea9m k\u1ebft n\u1ed1i<\/strong>.<\/p>        \n<div class=\"align-center ibexa-embed-type-image\">\n    \n    \n    <figure class=\"ezimage-field\"><img decoding=\"async\" src=\"https:\/\/atlantic-comfort.com\/var\/atlantic_com\/storage\/images\/_aliases\/large\/8\/2\/0\/3\/3028-1-eng-GB\/3fdf3b5ace6f-Cozytouch-protocols.png\" alt=\"\" height=\"163\" width=\"300\"><\/figure>\n\n<\/div>\n<p>L\u00e0 m\u1ed9t chuy\u00ean gia n\u1ed5i ti\u1ebfng v\u1ec1 s\u1ef1 tho\u1ea3i m\u00e1i v\u1ec1 nhi\u1ec7t, Atlantic \u0111\u00e3 n\u1ed7 l\u1ef1c \u0111\u00e1ng k\u1ec3 v\u00e0o <strong>ph\u00e1t tri\u1ec3n gi\u1ea3i ph\u00e1p s\u00e1ng t\u1ea1o<\/strong>. \u0110\u00f3 l\u00e0 l\u00fd do t\u1ea1i sao k\u1ebft n\u1ed1i \u0111ang \u1edf <strong>trung t\u00e2m t\u1ea7m nh\u00ecn c\u1ee7a ch\u00fang t\u00f4i<\/strong> trong nhi\u1ec1u n\u0103m t\u1edbi.<\/p><p>Atlantic \u0111\u00e3 ph\u00e1t tri\u1ec3n \u1ee9ng d\u1ee5ng Cozytouch cho ph\u00e9p <strong>k\u1ebft n\u1ed1i v\u00e0 \u0111i\u1ec1u khi\u1ec3n c\u00e1c thi\u1ebft b\u1ecb c\u1ee7a b\u1ea1n t\u1eeb xa<\/strong> th\u00f4ng qua \u0111i\u1ec7n tho\u1ea1i th\u00f4ng minh ho\u1eb7c m\u00e1y t\u00ednh b\u1ea3ng.<\/p><p>S\u00e1ng t\u1ea1o v\u00e0 m\u1ea1nh m\u1ebd, Cozytouch c\u00f3 th\u1ec3 qu\u1ea3n l\u00fd c\u00e1c s\u1ea3n ph\u1ea9m s\u01b0\u1edfi \u1ea5m ph\u00f2ng, s\u01b0\u1edfi n\u01b0\u1edbc, b\u01a1m nhi\u1ec7t v\u00e0 th\u00f4ng gi\u00f3 t\u01b0\u01a1ng th\u00edch.<\/p><p>\u0110\u1ec3 bi\u1ebft th\u00eam th\u00f4ng tin v\u00e0 h\u01b0\u1edbng d\u1eabn v\u1ec1 Cozytouch t\u1ea1i \u0111\u00e2y: <a href=\"https:\/\/cozytouch-app.com\/\" title=\"https:\/\/cozytouch-app.com\/\">https:\/\/cozytouch-app.com\/<\/a><\/p><p>&nbsp;<\/p><p>&nbsp;<\/p><h3 style=\"text-align:justify;\"><strong>&nbsp;Thu\u1eadn l\u1ee3i<\/strong><\/h3><p style=\"text-align:justify;\">V\u1edbi Cozytouch, c\u00e1c thi\u1ebft b\u1ecb c\u00f3 th\u1ec3 \u0111\u01b0\u1ee3c gi\u00e1m s\u00e1t t\u1eeb xa \u0111\u1ec3 \u0111\u1ea1t \u0111\u01b0\u1ee3c s\u1ef1 tho\u1ea3i m\u00e1i t\u1ed1i \u01b0u v\u00e0 ti\u1ebft ki\u1ec7m n\u0103ng l\u01b0\u1ee3ng t\u1ed1i \u0111a.<\/p><p style=\"text-align:justify;\">Gi\u1ea3i ph\u00e1p th\u00e2n thi\u1ec7n v\u1edbi ng\u01b0\u1eddi d\u00f9ng, \u1ee9ng d\u1ee5ng Cozytouch tr\u00ean \u0111i\u1ec7n tho\u1ea1i th\u00f4ng minh ho\u1eb7c m\u00e1y t\u00ednh b\u1ea3ng cho ph\u00e9p b\u1ea1n d\u1ec5 d\u00e0ng \u0111\u1ed3ng b\u1ed9 h\u00f3a t\u1ea5t c\u1ea3 c\u00e1c thi\u1ebft b\u1ecb t\u01b0\u01a1ng th\u00edch, theo d\u00f5i m\u1ee9c ti\u00eau th\u1ee5 n\u0103ng l\u01b0\u1ee3ng h\u00e0ng ng\u00e0y v\u00e0 ki\u1ec3m so\u00e1t c\u00e0i \u0111\u1eb7t c\u1ee7a ch\u00fang.<\/p><p style=\"text-align:justify;\">V\u1edbi kh\u1ea3 n\u0103ng b\u1ea3o v\u1ec7 d\u1eef li\u1ec7u ng\u01b0\u1eddi d\u00f9ng m\u1ea1nh m\u1ebd, Cozytouch ho\u1ea1t \u0111\u1ed9ng v\u1edbi l\u1ec7nh x\u00e1c th\u1ef1c kh\u00f3a an to\u00e0n v\u00e0 qu\u1ea3n l\u00fd d\u1eef li\u1ec7u li\u00ean quan \u0111\u1ebfn s\u1ea3n ph\u1ea9m c\u0169ng nh\u01b0 c\u00e1c th\u00f4ng s\u1ed1 th\u00f3i quen c\u1ee7a b\u1ea1n m\u1ed9t c\u00e1ch an to\u00e0n.<\/p><p style=\"text-align:justify;\"><em>\u00ab C\u00f4ng ngh\u1ec7 ti\u1ebft ki\u1ec7m n\u0103ng l\u01b0\u1ee3ng v\u00e0 ti\u1ec7n nghi c\u1ee7a ch\u00fang t\u00f4i n\u1eb1m trong s\u1ed1 nh\u1eefng c\u00f4ng ngh\u1ec7 c\u00f3 hi\u1ec7u su\u1ea5t t\u1ed1t nh\u1ea5t tr\u00ean to\u00e0n th\u1ebf gi\u1edbi! \u00bb<\/em><\/p><h3 style=\"text-align:justify;\"><strong>C\u00e1c t\u00ednh n\u0103ng k\u1ef9 thu\u1eadt ch\u00ednh:<\/strong><\/h3><ul><li>Gi\u00e1m s\u00e1t thi\u1ebft b\u1ecb theo th\u1eddi gian th\u1ef1c: c\u00e0i \u0111\u1eb7t nhi\u1ec7t \u0111\u1ed9, ch\u1ebf \u0111\u1ed9 xem m\u1ee9c ti\u00eau th\u1ee5 \u0111i\u1ec7n, qu\u1ea3n l\u00fd ho\u1ea1t \u0111\u1ed9ng, ph\u00e1t hi\u1ec7n \u0111\u00f3ng\/m\u1edf c\u1eeda s\u1ed5 v\u00e0 v\u1eafng m\u1eb7t\/c\u00f3 m\u1eb7t, c\u00e0i \u0111\u1eb7t ch\u1ee9c n\u0103ng \u0111i\u1ec1u khi\u1ec3n th\u00f4ng minh, l\u1eadp tr\u00ecnh chi ti\u1ebft<\/li><li>Ng\u00e0y qua ng\u00e0y, ch\u01b0\u01a1ng tr\u00ecnh v\u00e0 phi c\u00f4ng t\u1eeb xa mi\u1ec5n ph\u00ed<\/li><li>T\u01b0\u01a1ng th\u00edch v\u1edbi m\u00e1y s\u01b0\u1edfi ph\u00f2ng, b\u1ed9 t\u1ea3n nhi\u1ec7t ph\u00f2ng t\u1eafm, m\u00e1y n\u01b0\u1edbc n\u00f3ng, m\u00e1y b\u01a1m nhi\u1ec7t v\u00e0 h\u1ec7 th\u1ed1ng th\u00f4ng gi\u00f3.<\/li><li>Ho\u1ea1t \u0111\u1ed9ng v\u1edbi giao th\u1ee9c internet ho\u1eb7c giao th\u1ee9c IO-Homecontrol (t\u00f9y theo ki\u1ec3u m\u00e1y)<\/li><\/ul>\n\n<\/div>\n\n                                        <\/div>\n                                                                                                <\/div>\n                                            <\/div>\n                <\/div>\n            <\/div>\n        <\/div>\n    <\/div>\n<\/div>\n\n    <aside class=\"landing-page__zone landing-page__zone--5757\" data-ibexa-zone-id=\"5757\">\n            <\/aside>\n\n\n\n\n\n\n    <\/div>\t\t\t\t<\/div>\n\t\t\t\t<\/div>\n\t\t\t\t<div class=\"elementor-element elementor-element-b8471a6 elementor-widget elementor-widget-atlantic_our_advice_detail_widget\" data-id=\"b8471a6\" data-element_type=\"widget\" data-widget_type=\"atlantic_our_advice_detail_widget.default\">\n\t\t\t\t<div class=\"elementor-widget-container\">\n\t\t\t\t\t    <div class=\"ezlandingpage-field\">\n        <div class=\"container container-big landing-page__zones\">\n            <div class=\"row\">\n                <div class=\"col-12\">\n                    <div class=\"header-section header-section--xl\">\n                        <h1 class=\"section-title\">Quy tr\u00ecnh l\u1eafp \u0111\u1eb7t m\u00e1y n\u01b0\u1edbc n\u00f3ng<\/h1>\n                    <\/div>\n                <\/div>\n                <div class=\"column-aside col-12 col-md-3\">\n                    <div id=\"scrollspy\" class=\"scrollspy list-unstyled\">\n                        <button class=\"dropdown-toggle\" data-bs-toggle=\"dropdown\" role=\"button\" aria-expanded=\"false\">\n                            <span>B\u1ea3n t\u00f3m t\u1eaft<\/span>\n                            <span class=\"atlicon atlicon-angle-down\"><\/span>\n                        <\/button>\n                        <div class=\"dropdown-menu\">\n                            <ul class=\"scrollspy--list list-unstyled js-summary-list-data\">\n                                                            <\/ul>\n                        <\/div>\n                    <\/div>\n                <\/div>\n                <div class=\"col-12 col-md-9\">\n                    <div class=\"scrollspy-content\">\n                        <div class=\"wysiwyg js-summary-source\">\n                            <div class=\"ezrichtext-field\">\n                                <div class=\"wysiwyg js-summary-source\"><div class=\"ezrichtext-field\"><div class=\"landing-page__zone landing-page__zone--5756\" data-ibexa-zone-id=\"5756\"><div class=\"landing-page__block block_richtext\" data-ez-block-id=\"14409\"><div class=\"block-richtext\"><p>Trong th\u1ebf gi\u1edbi ng\u00e0y nay, <strong>k\u1ebft n\u1ed1i v\u00e0 \u0111i\u1ec1u khi\u1ec3n t\u1eeb xa c\u00e1c thi\u1ebft b\u1ecb gia d\u1ee5ng<\/strong> \u0111ang ng\u00e0y c\u00e0ng tr\u1edf n\u00ean quan tr\u1ecdng v\u00e0 ph\u1ed5 bi\u1ebfn. Do \u0111\u00f3, Atlantic t\u1ef1 h\u00e0o gi\u1edbi thi\u1ec7u d\u00f2ng s\u1ea3n ph\u1ea9m m\u1edbi c\u1ee7a m\u00ecnh <strong>s\u1ea3n ph\u1ea9m k\u1ebft n\u1ed1i<\/strong>.<\/p><div class=\"align-center ibexa-embed-type-image\"><figure class=\"ezimage-field\"><a href=\"\/wp-content\/uploads\/2025\/05\/3fdf3b5ace6f-Cozytouch-protocols.png\"><img decoding=\"async\" class=\"alignnone\" src=\"\/wp-content\/uploads\/2025\/05\/3fdf3b5ace6f-Cozytouch-protocols.png\" alt=\"\" width=\"300\" height=\"163\"><\/a><\/figure><\/div><p>L\u00e0 m\u1ed9t chuy\u00ean gia n\u1ed5i ti\u1ebfng v\u1ec1 s\u1ef1 tho\u1ea3i m\u00e1i v\u1ec1 nhi\u1ec7t, Atlantic \u0111\u00e3 n\u1ed7 l\u1ef1c \u0111\u00e1ng k\u1ec3 v\u00e0o <strong>ph\u00e1t tri\u1ec3n gi\u1ea3i ph\u00e1p s\u00e1ng t\u1ea1o<\/strong>. \u0110\u00f3 l\u00e0 l\u00fd do t\u1ea1i sao k\u1ebft n\u1ed1i \u0111ang \u1edf <strong>trung t\u00e2m t\u1ea7m nh\u00ecn c\u1ee7a ch\u00fang t\u00f4i<\/strong> trong nhi\u1ec1u n\u0103m t\u1edbi.<\/p><p>Atlantic \u0111\u00e3 ph\u00e1t tri\u1ec3n \u1ee9ng d\u1ee5ng Cozytouch cho ph\u00e9p <strong>k\u1ebft n\u1ed1i v\u00e0 \u0111i\u1ec1u khi\u1ec3n c\u00e1c thi\u1ebft b\u1ecb c\u1ee7a b\u1ea1n t\u1eeb xa<\/strong> th\u00f4ng qua \u0111i\u1ec7n tho\u1ea1i th\u00f4ng minh ho\u1eb7c m\u00e1y t\u00ednh b\u1ea3ng.<\/p><p>S\u00e1ng t\u1ea1o v\u00e0 m\u1ea1nh m\u1ebd, Cozytouch c\u00f3 th\u1ec3 qu\u1ea3n l\u00fd c\u00e1c s\u1ea3n ph\u1ea9m s\u01b0\u1edfi \u1ea5m ph\u00f2ng, s\u01b0\u1edfi n\u01b0\u1edbc, b\u01a1m nhi\u1ec7t v\u00e0 th\u00f4ng gi\u00f3 t\u01b0\u01a1ng th\u00edch.<\/p><p>\u0110\u1ec3 bi\u1ebft th\u00eam th\u00f4ng tin v\u00e0 h\u01b0\u1edbng d\u1eabn v\u1ec1 Cozytouch t\u1ea1i \u0111\u00e2y: <a title=\"https:\/\/cozytouch-app.com\/\" href=\"https:\/\/cozytouch-app.com\/\">https:\/\/cozytouch-app.com\/<\/a><\/p><p>\u00a0<\/p><p>\u00a0<\/p><h3 style=\"text-align: justify;\"><strong>\u00a0Thu\u1eadn l\u1ee3i<\/strong><\/h3><p style=\"text-align: justify;\">V\u1edbi Cozytouch, c\u00e1c thi\u1ebft b\u1ecb c\u00f3 th\u1ec3 \u0111\u01b0\u1ee3c gi\u00e1m s\u00e1t t\u1eeb xa \u0111\u1ec3 \u0111\u1ea1t \u0111\u01b0\u1ee3c s\u1ef1 tho\u1ea3i m\u00e1i t\u1ed1i \u01b0u v\u00e0 ti\u1ebft ki\u1ec7m n\u0103ng l\u01b0\u1ee3ng t\u1ed1i \u0111a.<\/p><p style=\"text-align: justify;\">Gi\u1ea3i ph\u00e1p th\u00e2n thi\u1ec7n v\u1edbi ng\u01b0\u1eddi d\u00f9ng, \u1ee9ng d\u1ee5ng Cozytouch tr\u00ean \u0111i\u1ec7n tho\u1ea1i th\u00f4ng minh ho\u1eb7c m\u00e1y t\u00ednh b\u1ea3ng cho ph\u00e9p b\u1ea1n d\u1ec5 d\u00e0ng \u0111\u1ed3ng b\u1ed9 h\u00f3a t\u1ea5t c\u1ea3 c\u00e1c thi\u1ebft b\u1ecb t\u01b0\u01a1ng th\u00edch, theo d\u00f5i m\u1ee9c ti\u00eau th\u1ee5 n\u0103ng l\u01b0\u1ee3ng h\u00e0ng ng\u00e0y v\u00e0 ki\u1ec3m so\u00e1t c\u00e0i \u0111\u1eb7t c\u1ee7a ch\u00fang.<\/p><p style=\"text-align: justify;\">V\u1edbi kh\u1ea3 n\u0103ng b\u1ea3o v\u1ec7 d\u1eef li\u1ec7u ng\u01b0\u1eddi d\u00f9ng m\u1ea1nh m\u1ebd, Cozytouch ho\u1ea1t \u0111\u1ed9ng v\u1edbi l\u1ec7nh x\u00e1c th\u1ef1c kh\u00f3a an to\u00e0n v\u00e0 qu\u1ea3n l\u00fd d\u1eef li\u1ec7u li\u00ean quan \u0111\u1ebfn s\u1ea3n ph\u1ea9m c\u0169ng nh\u01b0 c\u00e1c th\u00f4ng s\u1ed1 th\u00f3i quen c\u1ee7a b\u1ea1n m\u1ed9t c\u00e1ch an to\u00e0n.<\/p><p style=\"text-align: justify;\"><em>\u00ab C\u00f4ng ngh\u1ec7 ti\u1ebft ki\u1ec7m n\u0103ng l\u01b0\u1ee3ng v\u00e0 ti\u1ec7n nghi c\u1ee7a ch\u00fang t\u00f4i n\u1eb1m trong s\u1ed1 nh\u1eefng c\u00f4ng ngh\u1ec7 c\u00f3 hi\u1ec7u su\u1ea5t t\u1ed1t nh\u1ea5t tr\u00ean to\u00e0n th\u1ebf gi\u1edbi! \u00bb<\/em><\/p><h3 style=\"text-align: justify;\"><strong>C\u00e1c t\u00ednh n\u0103ng k\u1ef9 thu\u1eadt ch\u00ednh:<\/strong><\/h3><ul><li>Gi\u00e1m s\u00e1t thi\u1ebft b\u1ecb theo th\u1eddi gian th\u1ef1c: c\u00e0i \u0111\u1eb7t nhi\u1ec7t \u0111\u1ed9, ch\u1ebf \u0111\u1ed9 xem m\u1ee9c ti\u00eau th\u1ee5 \u0111i\u1ec7n, qu\u1ea3n l\u00fd ho\u1ea1t \u0111\u1ed9ng, ph\u00e1t hi\u1ec7n \u0111\u00f3ng\/m\u1edf c\u1eeda s\u1ed5 v\u00e0 v\u1eafng m\u1eb7t\/c\u00f3 m\u1eb7t, c\u00e0i \u0111\u1eb7t ch\u1ee9c n\u0103ng \u0111i\u1ec1u khi\u1ec3n th\u00f4ng minh, l\u1eadp tr\u00ecnh chi ti\u1ebft<\/li><li>Ng\u00e0y qua ng\u00e0y, ch\u01b0\u01a1ng tr\u00ecnh v\u00e0 phi c\u00f4ng t\u1eeb xa mi\u1ec5n ph\u00ed<\/li><li>T\u01b0\u01a1ng th\u00edch v\u1edbi m\u00e1y s\u01b0\u1edfi ph\u00f2ng, b\u1ed9 t\u1ea3n nhi\u1ec7t ph\u00f2ng t\u1eafm, m\u00e1y n\u01b0\u1edbc n\u00f3ng, m\u00e1y b\u01a1m nhi\u1ec7t v\u00e0 h\u1ec7 th\u1ed1ng th\u00f4ng gi\u00f3.<\/li><li>Ho\u1ea1t \u0111\u1ed9ng v\u1edbi giao th\u1ee9c internet ho\u1eb7c giao th\u1ee9c IO-Homecontrol (t\u00f9y theo ki\u1ec3u m\u00e1y)<\/li><\/ul><\/div><\/div><\/div><\/div><\/div>                            <\/div>\n                        <\/div>\n                    <\/div>\n                <\/div>\n            <\/div>\n        <\/div>\n        <aside class=\"landing-page__zone landing-page__zone--3261\" data-ibexa-zone-id=\"3261\"><\/aside>\n    <\/div>\n\n\t\t<script>\n    document.addEventListener('DOMContentLoaded', function () {\n        const links = document.querySelectorAll('.js-summary-list-data a');\n        const sections = Array.from(document.querySelectorAll('.scrollspy-content h2'));\n\n        function activateLink(id) {\n            document.querySelectorAll('.scrollspy--item').forEach(li => li.classList.remove('active'));\n            const activeItem = document.querySelector('.scrollspy--item a[href=\"#' + id + '\"]');\n            if (activeItem && activeItem.parentElement) {\n                activeItem.parentElement.classList.add('active');\n            }\n        }\n\n        window.addEventListener('scroll', function () {\n            let currentId = '';\n            sections.forEach((section) => {\n                const rect = section.getBoundingClientRect();\n                if (rect.top < 150) {\n                    currentId = section.id;\n                }\n            });\n            if (currentId) activateLink(currentId);\n        });\n\n        links.forEach(link => {\n            link.addEventListener('click', function (e) {\n                e.preventDefault();\n                const target = document.querySelector(this.getAttribute('href'));\n                if (target) {\n                    window.scrollTo({ top: target.offsetTop - 100, behavior: 'smooth' });\n                }\n            });\n        });\n    });\n    <\/script>\n\n        \t\t\t\t<\/div>\n\t\t\t\t<\/div>\n\t\t\t\t\t<\/div>\n\t\t\t\t<\/div>\n\t\t\t\t<\/div>","protected":false},"excerpt":{"rendered":"<p>Connectivity &amp; Remote Piloting: Cozytouch Summary In today&#8217;s world, connectivity and remote piloting of home appliances is becoming increasingly important and popular. Consequently, Atlantic is proud to present its new range of connected products. As a renowned expert in thermal confort, Atlantic puts a considerable effort into innovative solutions development. That\u2019s why connectivity is at [&hellip;]<\/p>","protected":false},"author":1,"featured_media":2179,"parent":1954,"menu_order":4,"comment_status":"closed","ping_status":"open","template":"","meta":{"inline_featured_image":false,"footnotes":""},"class_list":["post-1968","page","type-page","status-publish","has-post-thumbnail","hentry"],"_links":{"self":[{"href":"https:\/\/atlantic-comfort.vn\/vn\/wp-json\/wp\/v2\/pages\/1968","targetHints":{"allow":["GET"]}}],"collection":[{"href":"https:\/\/atlantic-comfort.vn\/vn\/wp-json\/wp\/v2\/pages"}],"about":[{"href":"https:\/\/atlantic-comfort.vn\/vn\/wp-json\/wp\/v2\/types\/page"}],"author":[{"embeddable":true,"href":"https:\/\/atlantic-comfort.vn\/vn\/wp-json\/wp\/v2\/users\/1"}],"replies":[{"embeddable":true,"href":"https:\/\/atlantic-comfort.vn\/vn\/wp-json\/wp\/v2\/comments?post=1968"}],"version-history":[{"count":0,"href":"https:\/\/atlantic-comfort.vn\/vn\/wp-json\/wp\/v2\/pages\/1968\/revisions"}],"up":[{"embeddable":true,"href":"https:\/\/atlantic-comfort.vn\/vn\/wp-json\/wp\/v2\/pages\/1954"}],"wp:featuredmedia":[{"embeddable":true,"href":"https:\/\/atlantic-comfort.vn\/vn\/wp-json\/wp\/v2\/media\/2179"}],"wp:attachment":[{"href":"https:\/\/atlantic-comfort.vn\/vn\/wp-json\/wp\/v2\/media?parent=1968"}],"curies":[{"name":"wp","href":"https:\/\/api.w.org\/{rel}","templated":true}]}}