{"id":1966,"date":"2025-04-24T01:49:55","date_gmt":"2025-04-23T18:49:55","guid":{"rendered":"https:\/\/atlantic-comfort-vn.wamstore.com\/?page_id=1966"},"modified":"2025-05-07T16:28:01","modified_gmt":"2025-05-07T09:28:01","slug":"installing-your-water-heater","status":"publish","type":"page","link":"https:\/\/atlantic-comfort.vn\/vn\/water-heater-installation-technologies\/installing-your-water-heater\/","title":{"rendered":"Quy tr\u00ecnh l\u1eafp \u0111\u1eb7t m\u00e1y n\u01b0\u1edbc n\u00f3ng"},"content":{"rendered":"<div data-elementor-type=\"wp-page\" data-elementor-id=\"1966\" class=\"elementor elementor-1966\" data-elementor-post-type=\"page\">\n\t\t\t\t<div class=\"elementor-element elementor-element-cb21c9b e-flex e-con-boxed e-con e-parent\" data-id=\"cb21c9b\" data-element_type=\"container\">\n\t\t\t\t\t<div class=\"e-con-inner\">\n\t\t\t\t<div class=\"elementor-element elementor-element-0f35411 elementor-widget elementor-widget-atlantic_our_advice_detail_widget\" data-id=\"0f35411\" data-element_type=\"widget\" data-widget_type=\"atlantic_our_advice_detail_widget.default\">\n\t\t\t\t<div class=\"elementor-widget-container\">\n\t\t\t\t\t    <div class=\"ezlandingpage-field\">\n        <div class=\"container container-big landing-page__zones\">\n            <div class=\"row\">\n                <div class=\"col-12\">\n                    <div class=\"header-section header-section--xl\">\n                        <h1 class=\"section-title\">Quy tr\u00ecnh l\u1eafp \u0111\u1eb7t m\u00e1y n\u01b0\u1edbc n\u00f3ng<\/h1>\n                    <\/div>\n                <\/div>\n                <div class=\"column-aside col-12 col-md-3\">\n                    <div id=\"scrollspy\" class=\"scrollspy list-unstyled\">\n                        <button class=\"dropdown-toggle\" data-bs-toggle=\"dropdown\" role=\"button\" aria-expanded=\"false\">\n                            <span>B\u1ea3n t\u00f3m t\u1eaft<\/span>\n                            <span class=\"atlicon atlicon-angle-down\"><\/span>\n                        <\/button>\n                        <div class=\"dropdown-menu\">\n                            <ul class=\"scrollspy--list list-unstyled js-summary-list-data\">\n                                                            <\/ul>\n                        <\/div>\n                    <\/div>\n                <\/div>\n                <div class=\"col-12 col-md-9\">\n                    <div class=\"scrollspy-content\">\n                        <div class=\"wysiwyg js-summary-source\">\n                            <div class=\"ezrichtext-field\">\n                                <div class=\"block-richtext\"><p><strong>Quy tr\u00ecnh l\u1eafp \u0111\u1eb7t th\u1ee7 c\u00f4ng t\u1eebng b\u01b0\u1edbc<\/strong><\/p><p style=\"text-align: justify;\">Vi\u1ec7c l\u1eafp \u0111\u1eb7t b\u00ecnh n\u01b0\u1edbc n\u00f3ng ph\u1ee5 thu\u1ed9c v\u00e0o lo\u1ea1i h\u1ec7 th\u1ed1ng m\u00e0 b\u1ea1n l\u1ef1a ch\u1ecdn. <strong>C\u00e1c m\u1eabu s\u1eed d\u1ee5ng n\u0103ng l\u01b0\u1ee3ng m\u1eb7t tr\u1eddi v\u00e0 h\u1ec7 th\u1ed1ng nhi\u1ec7t \u0111\u1ed9ng l\u1ef1c h\u1ecdc<\/strong> c\u00f3 c\u1ea5u t\u1ea1o ph\u1ee9c t\u1ea1p, \u0111\u00f2i h\u1ecfi ph\u1ea3i c\u00f3 s\u1ef1 l\u1eafp \u0111\u1eb7t b\u1edfi k\u1ef9 thu\u1eadt vi\u00ean c\u00f3 chuy\u00ean m\u00f4n. Ng\u01b0\u1ee3c l\u1ea1i, vi\u1ec7c l\u1eafp \u0111\u1eb7t m\u1ed9t <strong>b\u00ecnh n\u01b0\u1edbc n\u00f3ng \u0111i\u1ec7n <\/strong>th\u00f4ng th\u01b0\u1eddng c\u00f3 th\u1ec3 \u0111\u01b0\u1ee3c t\u1ef1 th\u1ef1c hi\u1ec7n\u2026 V\u1edbi \u0111i\u1ec1u ki\u1ec7n b\u1ea1n c\u00f3 kinh nghi\u1ec7m nh\u1ea5t \u0111\u1ecbnh v\u1ec1 h\u1ec7 th\u1ed1ng \u0111i\u1ec7n v\u00e0 \u1ed1ng n\u01b0\u1edbc.<\/p><p>V\u1ecb tr\u00ed l\u1eafp \u0111\u1eb7t ph\u00f9 h\u1ee3p<\/p><p style=\"text-align: justify;\">C\u00e0ng \u0111\u1eb7t b\u00ecnh n\u01b0\u1edbc n\u00f3ng g\u1ea7n c\u00e1c \u0111i\u1ec3m s\u1eed d\u1ee5ng n\u01b0\u1edbc (ph\u00f2ng t\u1eafm, b\u1ebfp, ph\u00f2ng gi\u1eb7t), h\u1ec7 th\u1ed1ng s\u1ebd ho\u1ea1t \u0111\u1ed9ng c\u00e0ng hi\u1ec7u qu\u1ea3: mang l\u1ea1i s\u1ef1 ti\u1ec7n nghi cao h\u01a1n, n\u01b0\u1edbc n\u00f3ng g\u1ea7n nh\u01b0 ngay l\u1eadp t\u1ee9c, ti\u1ebft ki\u1ec7m n\u0103ng l\u01b0\u1ee3ng v\u00e0 gi\u1ea3m l\u01b0\u1ee3ng n\u01b0\u1edbc ph\u1ea3i x\u1ea3 ra trong khi ch\u1edd n\u01b0\u1edbc \u0111\u1ea1t \u0111\u1ebfn nhi\u1ec7t \u0111\u1ed9 c\u1ea7n thi\u1ebft. M\u1ed9t s\u1ed1 thi\u1ebft b\u1ecb c\u00f3 th\u1ec3 \u0111\u01b0\u1ee3c l\u1eafp \u0111\u1eb7t theo ph\u01b0\u01a1ng ngang ho\u1eb7c ph\u01b0\u01a1ng \u0111\u1ee9ng (g\u1eafn t\u01b0\u1eddng ho\u1eb7c \u0111\u1eb7t s\u00e0n), gi\u00fap linh ho\u1ea1t trong vi\u1ec7c l\u1eafp \u0111\u1eb7t t\u1ea1i c\u00e1c kh\u00f4ng gian k\u1ef9 thu\u1eadt h\u1ea1n ch\u1ebf di\u1ec7n t\u00edch. L\u00fd t\u01b0\u1edfng nh\u1ea5t l\u00e0 \u1edf n\u01a1i c\u00f3 th\u00f4ng gi\u00f3.\u00a0<\/p><p><strong>An to\u00e0n thi\u1ebft b\u1ecb v\u00e0 ng\u01b0\u1eddi s\u1eed d\u1ee5ng<\/strong><\/p><p>M\u1ee9c \u0111\u1ed9 b\u1ea3o v\u1ec7 thi\u1ebft b\u1ecb \u0111i\u1ec7n tr\u01b0\u1edbc tia n\u01b0\u1edbc \u0111\u01b0\u1ee3c x\u00e1c \u0111\u1ecbnh b\u1eb1ng ch\u1ec9 s\u1ed1 IP, qua \u0111\u00f3 quy \u0111\u1ecbnh c\u00e1c khu v\u1ef1c c\u00f3 th\u1ec3 l\u1eafp \u0111\u1eb7t thi\u1ebft b\u1ecb m\u1ed9t c\u00e1ch an to\u00e0n khi g\u1ea7n c\u00e1c \u0111i\u1ec3m tho\u00e1t n\u01b0\u1edbc.<\/p><p>Thi\u1ebft b\u1ecb c\u1ee7a Atlantic c\u00f3 ch\u1ec9 s\u1ed1 IP cao, l\u00ean \u0111\u1ebfn IP24, cho ph\u00e9p l\u1eafp \u0111\u1eb7t t\u1ea1i v\u00f9ng 2 ho\u1eb7c 3 trong ph\u00f2ng t\u1eafm, t\u00f9y theo quy \u0111\u1ecbnh c\u1ee7a t\u1eebng qu\u1ed1c gia.<\/p><p>Ch\u1ec9 s\u1ed1 IP c\u1ee7a s\u1ea3n ph\u1ea9m Atlantic \u0111\u1ea3m b\u1ea3o thi\u1ebft b\u1ecb v\u1eadn h\u00e0nh an to\u00e0n.<\/p><p><strong>Van an to\u00e0n \u00e1p su\u1ea5t<\/strong><\/p><p style=\"text-align: justify;\">Van x\u1ea3 \u00e1p l\u00e0 b\u1ed9 ph\u1eadn quan tr\u1ecdng gi\u00fap b\u1ea3o v\u1ec7 b\u00ecnh n\u01b0\u1edbc n\u00f3ng tr\u01b0\u1edbc nguy c\u01a1 qu\u00e1 \u00e1p.\nVan \u0111\u01b0\u1ee3c l\u1eafp tr\u1ef1c ti\u1ebfp v\u00e0o b\u00ecnh (kh\u00f4ng qua van kh\u00f3a hay b\u1ed9 gi\u1ea3m \u00e1p), c\u00f3 nhi\u1ec7m v\u1ee5 c\u00e2n b\u1eb1ng \u00e1p su\u1ea5t b\u00ean trong thi\u1ebft b\u1ecb.\n\n\u0110\u1ec3 thi\u1ebft b\u1ecb ho\u1ea1t \u0111\u1ed9ng b\u1ec1n l\u00e2u, n\u00ean ch\u1ecdn lo\u1ea1i van l\u00e0m b\u1eb1ng inox, c\u00f3 kh\u1ea3 n\u0103ng ch\u1ed1ng \u0103n m\u00f2n t\u1ed1t \u2014 \u0111\u1eb7c bi\u1ec7t trong m\u00f4i tr\u01b0\u1eddng n\u01b0\u1edbc c\u00f3 nhi\u1ec1u kho\u00e1ng ch\u1ea5t nh\u01b0 canxi, magi\u00ea (th\u01b0\u1eddng g\u1ecdi l\u00e0 n\u01b0\u1edbc c\u1ee9ng).\n\nN\u1ebfu \u00e1p su\u1ea5t n\u01b0\u1edbc v\u01b0\u1ee3t qu\u00e1 5 bar, n\u00ean l\u1eafp th\u00eam b\u1ed9 gi\u1ea3m \u00e1p \u1edf \u0111\u01b0\u1eddng n\u01b0\u1edbc l\u1ea1nh \u0111\u1ea7u v\u00e0o, tr\u01b0\u1edbc van x\u1ea3 \u00e1p, \u0111\u1ec3 b\u1ea3o v\u1ec7 to\u00e0n b\u1ed9 h\u1ec7 th\u1ed1ng.\u00a0<\/p><p><strong>B\u1ed9 gi\u1edbi h\u1ea1n nhi\u1ec7t \u0111\u1ed9<\/strong><\/p><p style=\"text-align: justify;\">L\u00e0 thi\u1ebft b\u1ecb b\u1eaft bu\u1ed9c ph\u1ea3i c\u00f3 n\u1ebfu h\u1ec7 th\u1ed1ng \u0111\u01b0\u1eddng \u1ed1ng s\u1eed d\u1ee5ng v\u1eadt li\u1ec7u nh\u1ef1a PEX, trong c\u00e1c c\u00f4ng tr\u00ecnh c\u1ea3i t\u1ea1o l\u1edbn ho\u1eb7c l\u1eafp \u0111\u1eb7t m\u1edbi.\n\nT\u01b0\u01a1ng t\u1ef1 nh\u01b0 van tr\u1ed9n nhi\u1ec7t, b\u1ed9 gi\u1edbi h\u1ea1n nhi\u1ec7t \u0111\u1ed9 pha tr\u1ed9n n\u01b0\u1edbc n\u00f3ng t\u1eeb b\u00ecnh ch\u1ee9a v\u1edbi n\u01b0\u1edbc l\u1ea1nh t\u1eeb h\u1ec7 th\u1ed1ng c\u1ea5p \u0111\u1ec3 ng\u0103n ng\u1eeba nguy c\u01a1 b\u1ecfng t\u1ea1i \u0111\u1ea7u ra.\nNhi\u1ec7t \u0111\u1ed9 n\u01b0\u1edbc sau khi tr\u1ed9n \u0111\u01b0\u1ee3c gi\u1edbi h\u1ea1n \u1edf m\u1ee9c t\u1ed1i \u0111a 55\u00b0C. \u00a0<\/p><p><strong>Ch\u00e2n \u0111\u1ee1 c\u1ed1 \u0111\u1ecbnh<\/strong><\/p><p style=\"text-align: justify;\">Ch\u00e2n \u0111\u1ee1 ho\u1eb7c ki\u1ec1ng ba ch\u00e2n c\u00f3 th\u1ec3 kh\u00f4ng b\u1eaft bu\u1ed9c trong m\u1ed9t s\u1ed1 tr\u01b0\u1eddng h\u1ee3p l\u1eafp \u0111\u1eb7t.\nTuy nhi\u00ean, n\u1ebfu l\u1eafp b\u00ecnh n\u01b0\u1edbc n\u00f3ng treo t\u01b0\u1eddng d\u1ea1ng \u0111\u1ee9ng m\u00e0 t\u01b0\u1eddng kh\u00f4ng ph\u1ea3i l\u00e0 t\u01b0\u1eddng ch\u1ecbu l\u1ef1c, th\u00ec vi\u1ec7c s\u1eed d\u1ee5ng ch\u00e2n \u0111\u1ee1 l\u00e0 b\u1eaft bu\u1ed9c.\n\nVi\u1ec7c s\u1eed d\u1ee5ng ch\u00e2n \u0111\u1ee1 gi\u00fap vi\u1ec7c l\u1eafp \u0111\u1eb7t tr\u1edf n\u00ean d\u1ec5 d\u00e0ng h\u01a1n, ch\u1ec9 c\u1ea7n hai \u0111i\u1ec3m c\u1ed1 \u0111\u1ecbnh.\nN\u1ebfu kh\u00f4ng s\u1eed d\u1ee5ng ch\u00e2n \u0111\u1ee1, c\u1ea7n chu\u1ea9n b\u1ecb d\u1ee5ng c\u1ee5 v\u00e0 ph\u1ee5 ki\u1ec7n l\u1eafp \u0111\u1eb7t ph\u00f9 h\u1ee3p v\u1edbi k\u1ebft c\u1ea5u t\u01b0\u1eddng \u0111\u1ec3 \u0111\u1ea3m b\u1ea3o an to\u00e0n.\u00a0<\/p><p><strong>K\u1ebft n\u1ed1i th\u1ee7y l\u1ef1c<\/strong><\/p><p style=\"text-align: justify;\">V\u00ec l\u00fd do an to\u00e0n, t\u1ea5t c\u1ea3 c\u00e1c k\u1ebft n\u1ed1i v\u1ec1 \u0111\u01b0\u1eddng \u1ed1ng n\u01b0\u1edbc v\u00e0 \u0111i\u1ec7n ph\u1ea3i \u0111\u01b0\u1ee3c th\u1ef1c hi\u1ec7n khi ngu\u1ed3n \u0111i\u1ec7n t\u1ed5ng \u0111\u00e3 \u0111\u01b0\u1ee3c ng\u1eaft ho\u00e0n to\u00e0n. Quy tr\u00ecnh bao g\u1ed3m 4 b\u01b0\u1edbc:<\/p><ol><li>L\u1eafp \u0111\u1ea7u n\u1ed1i c\u00e1ch \u0111i\u1ec7n: Th\u01b0\u1eddng \u0111\u01b0\u1ee3c \u0111i k\u00e8m v\u1edbi b\u00ecnh n\u01b0\u1edbc n\u00f3ng. B\u1ed9 ph\u1eadn n\u00e0y c\u00f3 ch\u1ee9c n\u0103ng lo\u1ea1i b\u1ecf d\u00f2ng \u0111i\u1ec7n \u0103n m\u00f2n (nguy\u00ean nh\u00e2n g\u00e2y r\u1ec9 s\u00e9t), b\u1ea3o v\u1ec7 c\u00e1c thi\u1ebft b\u1ecb \u0111i\u1ec7n v\u00e0 \u0111i\u1ec7n t\u1eed, \u0111\u1ed3ng th\u1eddi c\u00e1ch ly kh\u1ecfi d\u00f2ng \u0111i\u1ec7n r\u00f2.\nC\u1ea7n \u0111\u01b0\u1ee3c l\u1eafp v\u00e0o \u0111\u1ea7u ra n\u01b0\u1edbc n\u00f3ng (th\u01b0\u1eddng \u0111\u01b0\u1ee3c \u0111\u00e1nh d\u1ea5u b\u1eb1ng m\u00e0u \u0111\u1ecf). L\u01b0u \u00fd kh\u00f4ng qu\u00ean l\u1eafp ron cao su \u0111\u1ec3 \u0111\u1ea3m b\u1ea3o k\u00edn n\u01b0\u1edbc<\/li><li>Tr\u00e1m k\u00edn ren \u1edf \u0111\u1ea7u v\u00e0o n\u01b0\u1edbc l\u1ea1nh (th\u01b0\u1eddng \u0111\u01b0\u1ee3c \u0111\u00e1nh d\u1ea5u b\u1eb1ng m\u00e0u xanh) b\u1eb1ng s\u1ee3i gai d\u1ea7u, keo chuy\u00ean d\u1ee5ng ho\u1eb7c b\u0103ng Teflon. Sau \u0111\u00f3, v\u1eb7n van x\u1ea3 \u00e1p su\u1ea5t v\u00e0o v\u1ecb tr\u00ed n\u00e0y.<\/li><li>D\u00f9ng \u1ed1ng m\u1ec1m chuy\u00ean d\u1ee5ng \u0111\u1ec3 k\u1ebft n\u1ed1i \u0111\u1ea7u ra n\u01b0\u1edbc n\u00f3ng v\u00e0 \u0111\u1ea7u v\u00e0o n\u01b0\u1edbc l\u1ea1nh (th\u00f4ng qua van x\u1ea3 \u00e1p su\u1ea5t).<\/li><li>K\u1ebft n\u1ed1i b\u1eb1ng \u1ed1ng chuy\u00ean d\u1ee5ng v\u1edbi \u0111\u1ea7u ra n\u01b0\u1edbc n\u00f3ng v\u00e0 \u0111\u1ea7u v\u00e0o n\u01b0\u1edbc l\u1ea1nh th\u00f4ng qua van gi\u1ea3m \u00e1p.\u00a0<\/li><\/ol><p><strong>\u0110\u1ea5u n\u1ed1i h\u1ec7 th\u1ed1ng \u0111i\u1ec7n<\/strong><\/p><p style=\"text-align: justify;\">\u0110\u1ec3 \u0111\u1ea5u n\u1ed1i \u0111i\u1ec7n cho b\u00ecnh n\u01b0\u1edbc n\u00f3ng, c\u1ea7n s\u1eed d\u1ee5ng m\u1ed9t \u0111\u01b0\u1eddng d\u00e2y ri\u00eang bi\u1ec7t, \u0111i d\u00e2y \u0111\u1ed3ng l\u00f5i \u0111\u1eb7c v\u1edbi ti\u1ebft di\u1ec7n t\u1ed1i thi\u1ec3u 2.5mm\u00b2.\nH\u1ec7 th\u1ed1ng b\u1ea3o v\u1ec7 ph\u1ea3i bao g\u1ed3m:\n\n- CB 16A (aptomat)\n\n-  R\u01a1-le ch\u1ed1ng gi\u1eadt (c\u1ea7u dao ch\u1ed1ng r\u00f2) 30mA\n\nKhi l\u1eafp \u0111\u1eb7t, c\u1ea7n tu\u00e2n th\u1ee7 s\u01a1 \u0111\u1ed3 k\u1ef9 thu\u1eadt v\u00e0 h\u01b0\u1edbng d\u1eabn an to\u00e0n c\u1ee7a nh\u00e0 s\u1ea3n xu\u1ea5t. N\u1ebfu thi\u1ebft b\u1ecb c\u00f3 h\u1ed7 tr\u1ee3 ch\u1ebf \u0111\u1ed9 b\u1eadt\/t\u1eaft ng\u00e0y - \u0111\u00eam, \u0111\u1eebng qu\u00ean k\u1ebft n\u1ed1i c\u00f4ng t\u1eafc \u0111i\u1ec1u khi\u1ec3n t\u01b0\u01a1ng \u1ee9ng.\n\nTr\u01b0\u1edbc khi \u0111\u00f3ng n\u1eafp che c\u1ee7a b\u00ecnh n\u01b0\u1edbc n\u00f3ng, h\u00e3y ki\u1ec3m tra l\u1ea7n cu\u1ed1i \u0111\u1ed9 ch\u1eafc ch\u1eafn c\u1ee7a c\u00e1c \u0111i\u1ec3m \u0111\u1ea5u n\u1ed1i \u0111i\u1ec7n \u0111\u1ec3 \u0111\u1ea3m b\u1ea3o an to\u00e0n.<\/p><p><strong>Quy tr\u00ecnh kh\u1edfi \u0111\u1ed9ng thi\u1ebft b\u1ecb<\/strong><\/p><p style=\"text-align: justify;\">Thao t\u00e1c r\u1ea5t \u0111\u01a1n gi\u1ea3n: m\u1edf nh\u1eb9 m\u1ed9t v\u00f2i n\u01b0\u1edbc n\u00f3ng, sau \u0111\u00f3 m\u1edf van c\u1ea5p n\u01b0\u1edbc v\u00e0o b\u00ecnh \u0111\u1ec3 b\u1eaft \u0111\u1ea7u l\u00e0m \u0111\u1ea7y. M\u1ee5c \u0111\u00edch c\u1ee7a b\u01b0\u1edbc n\u00e0y l\u00e0 \u0111\u1ec3 \u0111\u1ea9y h\u1ebft kh\u00f4ng kh\u00ed c\u00f2n b\u00ean trong b\u00ecnh ch\u1ee9a. Khi th\u1ea5y n\u01b0\u1edbc ch\u1ea3y \u0111\u1ec1u, h\u00e3y \u0111\u00f3ng v\u00f2i n\u01b0\u1edbc l\u1ea1i v\u00e0 ch\u1edd b\u00ecnh \u0111\u01b0\u1ee3c n\u1ea1p \u0111\u1ea7y ho\u00e0n to\u00e0n. Sau \u0111\u00f3, b\u1eadt ngu\u1ed3n \u0111i\u1ec7n \u0111\u1ec3 ti\u1ebfn h\u00e0nh \u0111un n\u00f3ng l\u1ea7n \u0111\u1ea7u. N\u1ebfu b\u00ecnh c\u00f3 ch\u1ebf \u0111\u1ed9 ng\u00e0y\/\u0111\u00eam, h\u00e3y t\u1eaft ch\u1ebf \u0111\u1ed9 n\u00e0y.\n\nT\u00f9y theo t\u1eebng m\u1eabu m\u00e1y, qu\u00e1 tr\u00ecnh l\u00e0m n\u00f3ng \u0111\u1ea7u ti\u00ean c\u00f3 th\u1ec3 k\u00e9o d\u00e0i t\u1eeb 1 gi\u1edd 30 ph\u00fat \u0111\u1ebfn 8 ti\u1ebfng. Trong th\u1eddi gian n\u00e0y, h\u00e3y ki\u1ec3m tra van x\u1ea3 \u00e1p \u2013 n\u1ebfu ho\u1ea1t \u0111\u1ed9ng \u0111\u00fang, n\u01b0\u1edbc s\u1ebd nh\u1ecf gi\u1ecdt qua \u1ed1ng tho\u00e1t. Sau khi b\u00ecnh \u0111un n\u00f3ng xong, ki\u1ec3m tra l\u1ea1i \u0111\u1ed9 k\u00edn c\u1ee7a c\u00e1c m\u1ed1i n\u1ed1i v\u00e0 n\u1eafp kim lo\u1ea1i g\u1eafn thi\u1ebft b\u1ecb v\u00e0o b\u00ecnh. N\u1ebfu c\u1ea7n thi\u1ebft, h\u00e3y si\u1ebft ch\u1eb7t l\u1ea1i \u0111\u1ec3 \u0111\u1ea3m b\u1ea3o kh\u00f4ng r\u00f2 r\u1ec9.<\/p><\/div>                            <\/div>\n                        <\/div>\n                    <\/div>\n                <\/div>\n            <\/div>\n        <\/div>\n        <aside class=\"landing-page__zone landing-page__zone--3261\" data-ibexa-zone-id=\"3261\"><\/aside>\n    <\/div>\n\n\t\t<script>\n    document.addEventListener('DOMContentLoaded', function () {\n        const links = document.querySelectorAll('.js-summary-list-data a');\n        const sections = Array.from(document.querySelectorAll('.scrollspy-content h2'));\n\n        function activateLink(id) {\n            document.querySelectorAll('.scrollspy--item').forEach(li => li.classList.remove('active'));\n            const activeItem = document.querySelector('.scrollspy--item a[href=\"#' + id + '\"]');\n            if (activeItem && activeItem.parentElement) {\n                activeItem.parentElement.classList.add('active');\n            }\n        }\n\n        window.addEventListener('scroll', function () {\n            let currentId = '';\n            sections.forEach((section) => {\n                const rect = section.getBoundingClientRect();\n                if (rect.top < 150) {\n                    currentId = section.id;\n                }\n            });\n            if (currentId) activateLink(currentId);\n        });\n\n        links.forEach(link => {\n            link.addEventListener('click', function (e) {\n                e.preventDefault();\n                const target = document.querySelector(this.getAttribute('href'));\n                if (target) {\n                    window.scrollTo({ top: target.offsetTop - 100, behavior: 'smooth' });\n                }\n            });\n        });\n    });\n    <\/script>\n\n        \t\t\t\t<\/div>\n\t\t\t\t<\/div>\n\t\t\t\t\t<\/div>\n\t\t\t\t<\/div>\n\t\t\t\t<\/div>","protected":false},"excerpt":{"rendered":"<p>Installing your water heater Summary A STEP BY STEP DIY INSTALLATION PROCESS The installation of a water heater depends on the selected system. The solar and thermodynamic models are complex and require the intervention of a qualified professional. By contrast, installing a conventional electric water heater is within your reach\u2026 Provided that you possess some [&hellip;]<\/p>","protected":false},"author":1,"featured_media":2176,"parent":1954,"menu_order":2,"comment_status":"closed","ping_status":"open","template":"","meta":{"inline_featured_image":false,"footnotes":""},"class_list":["post-1966","page","type-page","status-publish","has-post-thumbnail","hentry"],"_links":{"self":[{"href":"https:\/\/atlantic-comfort.vn\/vn\/wp-json\/wp\/v2\/pages\/1966","targetHints":{"allow":["GET"]}}],"collection":[{"href":"https:\/\/atlantic-comfort.vn\/vn\/wp-json\/wp\/v2\/pages"}],"about":[{"href":"https:\/\/atlantic-comfort.vn\/vn\/wp-json\/wp\/v2\/types\/page"}],"author":[{"embeddable":true,"href":"https:\/\/atlantic-comfort.vn\/vn\/wp-json\/wp\/v2\/users\/1"}],"replies":[{"embeddable":true,"href":"https:\/\/atlantic-comfort.vn\/vn\/wp-json\/wp\/v2\/comments?post=1966"}],"version-history":[{"count":0,"href":"https:\/\/atlantic-comfort.vn\/vn\/wp-json\/wp\/v2\/pages\/1966\/revisions"}],"up":[{"embeddable":true,"href":"https:\/\/atlantic-comfort.vn\/vn\/wp-json\/wp\/v2\/pages\/1954"}],"wp:featuredmedia":[{"embeddable":true,"href":"https:\/\/atlantic-comfort.vn\/vn\/wp-json\/wp\/v2\/media\/2176"}],"wp:attachment":[{"href":"https:\/\/atlantic-comfort.vn\/vn\/wp-json\/wp\/v2\/media?parent=1966"}],"curies":[{"name":"wp","href":"https:\/\/api.w.org\/{rel}","templated":true}]}}