{"id":1964,"date":"2025-04-24T01:49:37","date_gmt":"2025-04-23T18:49:37","guid":{"rendered":"https:\/\/atlantic-comfort-vn.wamstore.com\/?page_id=1964"},"modified":"2025-05-14T10:44:28","modified_gmt":"2025-05-14T03:44:28","slug":"choosing-your-water-heater","status":"publish","type":"page","link":"https:\/\/atlantic-comfort.vn\/vn\/water-heater-installation-technologies\/choosing-your-water-heater\/","title":{"rendered":"C\u00e1ch ch\u1ecdn b\u00ecnh n\u01b0\u1edbc n\u00f3ng ph\u00f9 h\u1ee3p"},"content":{"rendered":"<div data-elementor-type=\"wp-page\" data-elementor-id=\"1964\" class=\"elementor elementor-1964\" data-elementor-post-type=\"page\">\n\t\t\t\t<div class=\"elementor-element elementor-element-cb21c9b e-flex e-con-boxed e-con e-parent\" data-id=\"cb21c9b\" data-element_type=\"container\">\n\t\t\t\t\t<div class=\"e-con-inner\">\n\t\t\t\t<div class=\"elementor-element elementor-element-a590483 elementor-widget elementor-widget-atlantic_our_advice_detail_widget\" data-id=\"a590483\" data-element_type=\"widget\" data-widget_type=\"atlantic_our_advice_detail_widget.default\">\n\t\t\t\t<div class=\"elementor-widget-container\">\n\t\t\t\t\t    <div class=\"ezlandingpage-field\">\n        <div class=\"container container-big landing-page__zones\">\n            <div class=\"row\">\n                <div class=\"col-12\">\n                    <div class=\"header-section header-section--xl\">\n                        <h1 class=\"section-title\">C\u00e1ch ch\u1ecdn b\u00ecnh n\u01b0\u1edbc n\u00f3ng ph\u00f9 h\u1ee3p<\/h1>\n                    <\/div>\n                <\/div>\n                <div class=\"column-aside col-12 col-md-3\">\n                    <div id=\"scrollspy\" class=\"scrollspy list-unstyled\">\n                        <button class=\"dropdown-toggle\" data-bs-toggle=\"dropdown\" role=\"button\" aria-expanded=\"false\">\n                            <span>B\u1ea3n t\u00f3m t\u1eaft<\/span>\n                            <span class=\"atlicon atlicon-angle-down\"><\/span>\n                        <\/button>\n                        <div class=\"dropdown-menu\">\n                            <ul class=\"scrollspy--list list-unstyled js-summary-list-data\">\n                                                                    <li class=\"scrollspy--item\">\n                                        <a href=\"#chapitre-ancre0\"><strong>N\u00ean ch\u1ecdn lo\u1ea1i m\u00e1y n\u01b0\u1edbc n\u00f3ng n\u00e0o?<\/strong><\/a>\n                                    <\/li>\n                                                            <\/ul>\n                        <\/div>\n                    <\/div>\n                <\/div>\n                <div class=\"col-12 col-md-9\">\n                    <div class=\"scrollspy-content\">\n                        <div class=\"wysiwyg js-summary-source\">\n                            <div class=\"ezrichtext-field\">\n                                <p><strong>M\u1ed9t chi\u1ebfc b\u00ecnh n\u01b0\u1edbc n\u00f3ng l\u00fd t\u01b0\u1edfng l\u00e0 thi\u1ebft b\u1ecb gi\u00fap b\u1ea1n t\u1eadn h\u01b0\u1edfng d\u00f2ng n\u01b0\u1edbc \u1ea5m \u00e1p b\u1ea5t c\u1ee9 l\u00fac n\u00e0o, m\u00e0 kh\u00f4ng lo t\u1ed1n k\u00e9m. \u0110\u1ec3 l\u1ef1a ch\u1ecdn \u0111\u01b0\u1ee3c s\u1ea3n ph\u1ea9m ph\u00f9 h\u1ee3p, d\u01b0\u1edbi \u0111\u00e2y l\u00e0 nh\u1eefng \u0111i\u1ec1u c\u01a1 b\u1ea3n b\u1ea1n n\u00ean bi\u1ebft.<\/strong><\/p><p>N\u01b0\u1edbc n\u00f3ng l\u00e0 y\u1ebfu t\u1ed1 kh\u00f4ng th\u1ec3 thi\u1ebfu cho m\u1ed9t cu\u1ed9c s\u1ed1ng ti\u1ec7n nghi, ch\u00fang ta s\u1eed d\u1ee5ng ch\u00fang h\u1eb1ng ng\u00e0y m\u00e0 hi\u1ebfm khi \u0111\u1ec3 \u00fd. Tuy nhi\u00ean, \u0111\u1ec3 d\u00f2ng n\u01b0\u1edbc \u1ea5y \u0111\u1ebfn \u0111\u01b0\u1ee3c v\u00f2i c\u1ee7a b\u1ea1n, ch\u00fang c\u1ea7n \u0111\u01b0\u1ee3c l\u00e0m n\u00f3ng m\u1ed9t c\u00e1ch hi\u1ec7u qu\u1ea3. Th\u00e1ch th\u1ee9c l\u00e0 l\u00e0m sao ch\u1ecdn \u0111\u01b0\u1ee3c m\u1ed9t chi\u1ebfc b\u00ecnh n\u01b0\u1edbc n\u00f3ng c\u00f3 th\u1ec3 cung c\u1ea5p n\u01b0\u1edbc li\u00ean t\u1ee5c, gi\u1eef nhi\u1ec7t \u1ed5n \u0111\u1ecbnh, m\u00e0 v\u1eabn ti\u1ebft ki\u1ec7m chi ph\u00ed v\u1eadn h\u00e0nh.<\/p><p><strong>X\u00e1c \u0111\u1ecbnh nhu c\u1ea7u s\u1eed d\u1ee5ng<\/strong><\/p><p>L\u01b0\u1ee3ng n\u01b0\u1edbc n\u00f3ng c\u1ea7n d\u00f9ng (DHW) ph\u1ee5 thu\u1ed9c v\u00e0o s\u1ed1 ng\u01b0\u1eddi trong gia \u0111\u00ecnh v\u00e0 th\u00f3i quen sinh ho\u1ea1t c\u1ee7a h\u1ecd. V\u1edbi m\u1ee9c s\u1eed d\u1ee5ng n\u01b0\u1edbc n\u00f3ng trung b\u00ecnh, m\u1ed7i ng\u01b0\u1eddi s\u1ebd ti\u00eau th\u1ee5 kho\u1ea3ng 40\u201350 l\u00edt m\u1ed7i ng\u00e0y. Vi\u1ec7c \u0111\u00e1nh gi\u00e1 \u0111\u00fang nhu c\u1ea7u th\u1ef1c t\u1ebf l\u00e0 r\u1ea5t quan tr\u1ecdng: n\u1ebfu \u01b0\u1edbc l\u01b0\u1ee3ng th\u1ea5p, b\u1ea1n s\u1ebd ph\u1ea3i \u0111\u1ed1i m\u1eb7t v\u1edbi nh\u1eefng l\u1ea7n t\u1eafm n\u01b0\u1edbc l\u1ea1nh; c\u00f2n n\u1ebfu \u01b0\u1edbc l\u01b0\u1ee3ng qu\u00e1 cao, h\u00f3a \u0111\u01a1n ti\u1ec1n \u0111i\u1ec7n s\u1ebd t\u0103ng do l\u00e0m n\u00f3ng d\u01b0 th\u1eeba kh\u00f4ng c\u1ea7n thi\u1ebft. M\u1ed9t s\u1ed1 m\u1eabu b\u00ecnh n\u01b0\u1edbc n\u00f3ng th\u00f4ng minh hi\u1ec7n nay c\u00f3 kh\u1ea3 n\u0103ng ghi nh\u1edb th\u00f3i quen s\u1eed d\u1ee5ng h\u00e0ng ng\u00e0y v\u00e0 t\u1ef1 \u0111\u1ed9ng \u0111i\u1ec1u ch\u1ec9nh l\u01b0\u1ee3ng n\u01b0\u1edbc n\u00f3ng s\u1ea3n xu\u1ea5t, gi\u00fap t\u1ed1i \u01b0u h\u00f3a c\u1ea3 hi\u1ec7u su\u1ea5t v\u00e0 chi ph\u00ed.<\/p><p><strong>\u01af\u1edbc l\u01b0\u1ee3ng m\u1ee9c ti\u00eau th\u1ee5 n\u01b0\u1edbc n\u00f3ng<\/strong><br><a href=\"\/wp-content\/uploads\/2025\/05\/4dc7993021e7-assess-your-need-EN.jpg\"><img fetchpriority=\"high\" decoding=\"async\" class=\"alignnone wp-image-2783 size-full\" src=\"\/wp-content\/uploads\/2025\/05\/4dc7993021e7-assess-your-need-EN.jpg\" alt=\"\" width=\"600\" height=\"305\" srcset=\"https:\/\/atlantic-comfort.vn\/wp-content\/uploads\/2025\/05\/4dc7993021e7-assess-your-need-EN.jpg 600w, https:\/\/atlantic-comfort.vn\/wp-content\/uploads\/2025\/05\/4dc7993021e7-assess-your-need-EN-300x153.jpg 300w, https:\/\/atlantic-comfort.vn\/wp-content\/uploads\/2025\/05\/4dc7993021e7-assess-your-need-EN-18x9.jpg 18w\" sizes=\"(max-width: 600px) 100vw, 600px\" \/><\/a><\/p><p><strong>Ch\u1ea5t l\u01b0\u1ee3ng n\u01b0\u1edbc<\/strong><\/p><p>Ch\u1ea5t l\u01b0\u1ee3ng n\u01b0\u1edbc trong h\u1ec7 th\u1ed1ng c\u1ea5p n\u01b0\u1edbc c\u00f3 th\u1ec3 \u1ea3nh h\u01b0\u1edfng tr\u1ef1c ti\u1ebfp \u0111\u1ebfn tu\u1ed5i th\u1ecd c\u1ee7a m\u00e1y n\u01b0\u1edbc n\u00f3ng. N\u1ebfu ngu\u1ed3n n\u01b0\u1edbc \u1edf m\u1ee9c \u1ed5n \u0111\u1ecbnh, kh\u00f4ng qu\u00e1 nhi\u1ec1u t\u1ea1p ch\u1ea5t, b\u1ea1n c\u00f3 th\u1ec3 y\u00ean t\u00e2m s\u1eed d\u1ee5ng. Nh\u01b0ng n\u1ebfu n\u01b0\u1edbc c\u00f3 nhi\u1ec1u kho\u00e1ng (hay c\u00f2n g\u1ecdi l\u00e0 n\u01b0\u1edbc \u201cc\u1ee9ng\u201d), th\u00ec c\u1eb7n s\u1ebd d\u1ec5 t\u00edch t\u1ee5 \u2013 \u0111\u1eb7c bi\u1ec7t \u1edf b\u1ed9 ph\u1eadn l\u00e0m n\u00f3ng. Ng\u01b0\u1ee3c l\u1ea1i, n\u1ebfu n\u01b0\u1edbc c\u00f3 t\u00ednh \u0103n m\u00f2n cao, b\u00ecnh ch\u1ee9a s\u1ebd nhanh ch\u00f3ng b\u1ecb g\u1ec9 s\u00e9t. V\u00ec v\u1eady, b\u1ea1n n\u00ean ch\u1ecdn m\u00e1y n\u01b0\u1edbc n\u00f3ng c\u00f3 \u0111i\u1ec7n tr\u1edf s\u1ee9 Steatite \u2013 lo\u1ea1i thanh \u0111\u1ed1t \u0111\u01b0\u1ee3c \u0111\u1eb7t trong \u1ed1ng th\u00e9p tr\u00e1ng men \u0111\u1ec3 gi\u1ea3m t\u1ed1i \u0111a nguy c\u01a1 h\u01b0 h\u1ecfng do ch\u1ea5t l\u01b0\u1ee3ng n\u01b0\u1edbc kh\u00f4ng t\u1ed1t.<\/p><p>L\u01b0u \u00fd: N\u1ebfu b\u1ea1n d\u00f9ng thi\u1ebft b\u1ecb l\u00e0m m\u1ec1m n\u01b0\u1edbc, h\u00e3y \u0111\u1ea3m b\u1ea3o n\u00f3 \u0111\u01b0\u1ee3c \u0111i\u1ec1u ch\u1ec9nh \u0111\u00fang c\u00e1ch. N\u1ebfu kh\u00f4ng, n\u01b0\u1edbc c\u00f3 th\u1ec3 b\u1ecb thay \u0111\u1ed5i t\u00ednh ch\u1ea5t qu\u00e1 m\u1ee9c v\u00e0 tr\u1edf n\u00ean qu\u00e1 \"m\u1ea1nh\", d\u1ec5 g\u00e2y \u0103n m\u00f2n thi\u1ebft b\u1ecb.<\/p><p><strong>V\u1edbi t\u1eebng lo\u1ea1i ngu\u1ed3n n\u01b0\u1edbc, Atlantic \u0111\u01b0a ra gi\u1ea3i ph\u00e1p b\u1ea3o v\u1ec7 t\u1ed1i \u01b0u ph\u00f9 h\u1ee3p.<\/strong><\/p><p><a href=\"https:\/\/atlantic-comfort.vn\/wp-content\/uploads\/2025\/05\/b3291207980e-water-types-EN.jpg\"><img decoding=\"async\" class=\"aligncenter wp-image-2784 size-full\" src=\"https:\/\/atlantic-comfort.vn\/wp-content\/uploads\/2025\/05\/b3291207980e-water-types-EN.jpg\" alt=\"\" width=\"600\" height=\"242\" srcset=\"https:\/\/atlantic-comfort.vn\/wp-content\/uploads\/2025\/05\/b3291207980e-water-types-EN.jpg 600w, https:\/\/atlantic-comfort.vn\/wp-content\/uploads\/2025\/05\/b3291207980e-water-types-EN-300x121.jpg 300w, https:\/\/atlantic-comfort.vn\/wp-content\/uploads\/2025\/05\/b3291207980e-water-types-EN-18x7.jpg 18w\" sizes=\"(max-width: 600px) 100vw, 600px\" \/><\/a><\/p><h2 id=\"chapitre-ancre0\"><strong>N\u00ean ch\u1ecdn lo\u1ea1i m\u00e1y n\u01b0\u1edbc n\u00f3ng n\u00e0o?<\/strong><\/h2><p>B\u1ea1n c\u00f3 th\u1ec3 l\u1ef1a ch\u1ecdn gi\u1eefa m\u00e1y n\u01b0\u1edbc n\u00f3ng \u0111i\u1ec7n truy\u1ec1n th\u1ed1ng, m\u00e1y n\u01b0\u1edbc n\u00f3ng b\u01a1m nhi\u1ec7t, ho\u1eb7c m\u00e1y n\u01b0\u1edbc n\u00f3ng n\u0103ng l\u01b0\u1ee3ng m\u1eb7t tr\u1eddi \u2013 t\u00f9y theo nhu c\u1ea7u s\u1eed d\u1ee5ng v\u00e0 m\u1ee9c \u0111\u1ed9 ti\u1ebft ki\u1ec7m n\u0103ng l\u01b0\u1ee3ng mong mu\u1ed1n.\nM\u1ed9t y\u1ebfu t\u1ed1 quan tr\u1ecdng kh\u00e1c c\u1ea7n c\u00e2n nh\u1eafc: kh\u00f4ng gian l\u1eafp \u0111\u1eb7t.\nT\u00f9y thu\u1ed9c v\u00e0o t\u1eebng model, b\u00ecnh ch\u1ee9a n\u01b0\u1edbc c\u00f3 th\u1ec3 \u0111\u01b0\u1ee3c l\u1eafp \u0111\u1eb7t theo nhi\u1ec1u c\u00e1ch kh\u00e1c nhau (Treo t\u01b0\u1eddng ngang ho\u1eb7c d\u1ecdc, \u0111\u1eb7t s\u00e0n, g\u1eafn trong kh\u00f4ng gian h\u1eb9p,...)\nTuy nhi\u00ean, v\u1edbi c\u00e1c d\u00f2ng s\u1eed d\u1ee5ng n\u0103ng l\u01b0\u1ee3ng m\u1eb7t tr\u1eddi ho\u1eb7c c\u00f4ng ngh\u1ec7 b\u01a1m nhi\u1ec7t, thi\u1ebft b\u1ecb c\u00f3 th\u1ec3 c\u1ea7n di\u1ec7n t\u00edch l\u1edbn h\u01a1n, th\u1eadm ch\u00ed l\u00e0 m\u1ed9t ph\u00f2ng k\u1ef9 thu\u1eadt ri\u00eang \u0111\u1ec3 \u0111\u1ea3m b\u1ea3o v\u1eadn h\u00e0nh hi\u1ec7u qu\u1ea3.<\/p><p><strong>M\u00e1y n\u01b0\u1edbc n\u00f3ng b\u1eb1ng \u0111i\u1ec7n<\/strong><\/p><p>Chi ph\u00ed h\u1ee3p l\u00fd, d\u1ec5 l\u1eafp \u0111\u1eb7t \u2013 \u0111\u00e2y l\u00e0 gi\u1ea3i ph\u00e1p \u0111\u01a1n gi\u1ea3n nh\u1ea5t: n\u01b0\u1edbc trong b\u00ecnh \u0111\u01b0\u1ee3c l\u00e0m n\u00f3ng b\u1eb1ng thanh nhi\u1ec7t \u0111i\u1ec7n, \u0111\u1ea3m b\u1ea3o kh\u1ea3 n\u0103ng v\u1eadn h\u00e0nh \u1ed5n \u0111\u1ecbnh v\u00e0 d\u1ec5 b\u1ea3o tr\u00ec.\nC\u00e1c d\u00f2ng s\u1ea3n ph\u1ea9m hi\u1ec7n \u0111\u1ea1i ng\u00e0y nay t\u00edch h\u1ee3p b\u1ed9 \u0111i\u1ec1u khi\u1ec3n nhi\u1ec7t \u0111i\u1ec7n t\u1eed v\u00e0 m\u00e0n h\u00ecnh hi\u1ec3n th\u1ecb k\u1ef9 thu\u1eadt s\u1ed1, gi\u00fap ng\u01b0\u1eddi d\u00f9ng d\u1ec5 d\u00e0ng theo d\u00f5i v\u00e0 \u0111i\u1ec1u ch\u1ec9nh nhi\u1ec7t \u0111\u1ed9.\nM\u1ed9t s\u1ed1 model cao c\u1ea5p c\u00f2n \u0111\u01b0\u1ee3c trang b\u1ecb c\u00f4ng ngh\u1ec7 t\u1ef1 h\u1ecdc th\u00f4ng minh, cho ph\u00e9p thi\u1ebft b\u1ecb ghi nh\u1edb v\u00e0 t\u1ed1i \u01b0u h\u00f3a ho\u1ea1t \u0111\u1ed9ng d\u1ef1a tr\u00ean th\u00f3i quen s\u1eed d\u1ee5ng h\u00e0ng ng\u00e0y c\u1ee7a b\u1ea1n.\nNh\u1edd \u0111\u00f3, b\u1ea1n c\u00f3 th\u1ec3 ti\u1ebft ki\u1ec7m \u0111\u1ebfn 20% \u0111i\u1ec7n n\u0103ng ti\u00eau th\u1ee5 m\u1ed7i th\u00e1ng m\u00e0 v\u1eabn lu\u00f4n c\u00f3 n\u01b0\u1edbc n\u00f3ng khi c\u1ea7n.<\/p><p><strong>M\u00e1y n\u01b0\u1edbc n\u00f3ng n\u0103ng l\u01b0\u1ee3ng m\u1eb7t tr\u1eddi<\/strong><\/p><p>B\u1ea1n c\u00f3 th\u1ec3 ti\u1ebft ki\u1ec7m \u0111\u00e1ng k\u1ec3 chi ph\u00ed s\u1eed d\u1ee5ng n\u01b0\u1edbc n\u00f3ng khi l\u1ef1a ch\u1ecdn m\u00e1y n\u01b0\u1edbc n\u00f3ng n\u0103ng l\u01b0\u1ee3ng m\u1eb7t tr\u1eddi!\nN\u01b0\u1edbc s\u1ebd \u0111\u01b0\u1ee3c l\u00e0m n\u00f3ng m\u1ed9t c\u00e1ch t\u1ef1 nhi\u00ean nh\u1edd c\u00e1c t\u1ea5m thu nhi\u1ec7t n\u0103ng l\u01b0\u1ee3ng m\u1eb7t tr\u1eddi \u0111\u01b0\u1ee3c l\u1eafp \u0111\u1eb7t tr\u00ean m\u00e1i nh\u00e0. Nh\u1eefng t\u1ea5m thu n\u00e0y ch\u1ee9a dung d\u1ecbch d\u1eabn nhi\u1ec7t c\u00f3 kh\u1ea3 n\u0103ng truy\u1ec1n n\u0103ng l\u01b0\u1ee3ng m\u1eb7t tr\u1eddi \u0111\u1ebfn b\u00ecnh ch\u1ee9a n\u01b0\u1edbc n\u00f3ng th\u00f4ng qua m\u1ed9t b\u1ed9 trao \u0111\u1ed5i nhi\u1ec7t. Tuy nhi\u00ean, b\u1ea1n s\u1ebd c\u1ea7n th\u00eam m\u1ed9t ch\u00fat di\u1ec7n t\u00edch nh\u01b0 m\u1ed9t m\u00e1i nh\u00e0 ho\u1eb7c s\u00e2n th\u01b0\u1ee3ng th\u00edch h\u1ee3p \u0111\u1ec3 l\u1eafp \u0111\u1eb7t h\u1ec7 th\u1ed1ng thu n\u0103ng l\u01b0\u1ee3ng m\u1eb7t tr\u1eddi.<\/p><p><strong>M\u00e1y n\u01b0\u1edbc n\u00f3ng b\u01a1m nhi\u1ec7t<\/strong><\/p><p>\u0110\u00e2y c\u00f3 l\u1ebd l\u00e0 gi\u1ea3i ph\u00e1p \u0111\u01a1n gi\u1ea3n v\u00e0 hi\u1ec7n \u0111\u1ea1i nh\u1ea5t \u0111\u1ec3 gi\u00fap b\u1ea1n gi\u1ea3m m\u1ed9t n\u1eeda h\u00f3a \u0111\u01a1n ti\u1ec1n \u0111i\u1ec7n. Kh\u00f4ng c\u1ea7n \u0111\u1ebfn c\u00e1c t\u1ea5m thu n\u0103ng l\u01b0\u1ee3ng m\u1eb7t tr\u1eddi tr\u00ean m\u00e1i nh\u00e0 \u2013 thay v\u00e0o \u0111\u00f3 l\u00e0 m\u1ed9t h\u1ec7 th\u1ed1ng k\u1ebft h\u1ee3p gi\u1eefa b\u00ecnh n\u01b0\u1edbc n\u00f3ng v\u00e0 m\u00e1y b\u01a1m nhi\u1ec7t. T\u00f9y theo t\u1eebng model, m\u00e1y b\u01a1m nhi\u1ec7t s\u1ebd thu nhi\u1ec7t t\u1eeb kh\u00f4ng kh\u00ed xung quanh (v\u1edbi thi\u1ebft b\u1ecb t\u00edch h\u1ee3p \u0111\u1eb7t trong ph\u00f2ng k\u1ef9 thu\u1eadt kh\u00f4ng \u0111\u01b0\u1ee3c s\u01b0\u1edfi, di\u1ec7n t\u00edch t\u1ed1i thi\u1ec3u 20 m\u00b2) ho\u1eb7c t\u1eeb kh\u00f4ng kh\u00ed ngo\u00e0i tr\u1eddi (v\u1edbi h\u1ec7 th\u1ed1ng hai ph\u1ea7n ho\u1eb7c d\u1ea1ng t\u00e1ch r\u1eddi), sau \u0111\u00f3 truy\u1ec1n nhi\u1ec7t n\u00e0y \u0111\u1ec3 l\u00e0m n\u00f3ng n\u01b0\u1edbc trong b\u00ecnh.<\/p><p><strong>B\u00ecnh ch\u1ee9a v\u1edbi b\u1ed9 trao \u0111\u1ed5i nhi\u1ec7t \u0111\u01b0\u1ee3c t\u1ed1i \u01b0u h\u00f3a<\/strong><\/p><p>\u0110\u00e2y l\u00e0 m\u1ed9t gi\u1ea3i ph\u00e1p kh\u00e1 th\u1ef1c ti\u1ec5n khi k\u1ebft h\u1ee3p v\u1edbi n\u1ed3i h\u01a1i: c\u00e1c gi\u1ea3i ph\u00e1p n\u01b0\u1edbc n\u00f3ng sinh ho\u1ea1t (DHW - Domestic Hot Water) t\u01b0\u01a1ng th\u00edch v\u1edbi m\u1ecdi lo\u1ea1i n\u1ed3i h\u01a1i \u0111\u01b0\u1ee3c s\u1eed d\u1ee5ng nh\u01b0 ngu\u1ed3n c\u1ea5p nhi\u1ec7t d\u1ef1 ph\u00f2ng.\n\nV\u00e0o m\u00f9a \u0111\u00f4ng, n\u1ed3i h\u01a1i \u0111\u1ea3m nhi\u1ec7m vi\u1ec7c l\u00e0m n\u00f3ng n\u01b0\u1edbc th\u00f4ng qua ch\u1ea5t t\u1ea3i nhi\u1ec7t l\u01b0u th\u00f4ng trong b\u1ed9 trao \u0111\u1ed5i nhi\u1ec7t.\nC\u00f2n v\u00e0o m\u00f9a h\u00e8, b\u00ecnh ch\u1ee9a n\u01b0\u1edbc n\u00f3ng s\u1ebd \u0111\u1ea3m nh\u1eadn vai tr\u00f2 n\u00e0y nh\u1edd b\u1ed9 \u0111i\u1ec7n tr\u1edf gia nhi\u1ec7t d\u1ef1 ph\u00f2ng \u0111\u01b0\u1ee3c t\u00edch h\u1ee3p s\u1eb5n (phi\u00ean b\u1ea3n h\u1ed7n h\u1ee3p).<\/p>                            <\/div>\n                        <\/div>\n                    <\/div>\n                <\/div>\n            <\/div>\n        <\/div>\n        <aside class=\"landing-page__zone landing-page__zone--3261\" data-ibexa-zone-id=\"3261\"><\/aside>\n    <\/div>\n\n\t\t<script>\n    document.addEventListener('DOMContentLoaded', function () {\n        const links = document.querySelectorAll('.js-summary-list-data a');\n        const sections = Array.from(document.querySelectorAll('.scrollspy-content h2'));\n\n        function activateLink(id) {\n            document.querySelectorAll('.scrollspy--item').forEach(li => li.classList.remove('active'));\n            const activeItem = document.querySelector('.scrollspy--item a[href=\"#' + id + '\"]');\n            if (activeItem && activeItem.parentElement) {\n                activeItem.parentElement.classList.add('active');\n            }\n        }\n\n        window.addEventListener('scroll', function () {\n            let currentId = '';\n            sections.forEach((section) => {\n                const rect = section.getBoundingClientRect();\n                if (rect.top < 150) {\n                    currentId = section.id;\n                }\n            });\n            if (currentId) activateLink(currentId);\n        });\n\n        links.forEach(link => {\n            link.addEventListener('click', function (e) {\n                e.preventDefault();\n                const target = document.querySelector(this.getAttribute('href'));\n                if (target) {\n                    window.scrollTo({ top: target.offsetTop - 100, behavior: 'smooth' });\n                }\n            });\n        });\n    });\n    <\/script>\n\n        \t\t\t\t<\/div>\n\t\t\t\t<\/div>\n\t\t\t\t\t<\/div>\n\t\t\t\t<\/div>\n\t\t\t\t<\/div>","protected":false},"excerpt":{"rendered":"<p>Choosing your water heater Summary Which model to choose? To enjoy hot water all the time, at a reasonable cost, is what one can expect from their water heater. here are some basic tips you need to know in order to pick the right one. Hot water is a critical element of comfort that is [&hellip;]<\/p>","protected":false},"author":1,"featured_media":2175,"parent":1954,"menu_order":1,"comment_status":"closed","ping_status":"open","template":"","meta":{"inline_featured_image":false,"footnotes":""},"class_list":["post-1964","page","type-page","status-publish","has-post-thumbnail","hentry"],"_links":{"self":[{"href":"https:\/\/atlantic-comfort.vn\/vn\/wp-json\/wp\/v2\/pages\/1964","targetHints":{"allow":["GET"]}}],"collection":[{"href":"https:\/\/atlantic-comfort.vn\/vn\/wp-json\/wp\/v2\/pages"}],"about":[{"href":"https:\/\/atlantic-comfort.vn\/vn\/wp-json\/wp\/v2\/types\/page"}],"author":[{"embeddable":true,"href":"https:\/\/atlantic-comfort.vn\/vn\/wp-json\/wp\/v2\/users\/1"}],"replies":[{"embeddable":true,"href":"https:\/\/atlantic-comfort.vn\/vn\/wp-json\/wp\/v2\/comments?post=1964"}],"version-history":[{"count":0,"href":"https:\/\/atlantic-comfort.vn\/vn\/wp-json\/wp\/v2\/pages\/1964\/revisions"}],"up":[{"embeddable":true,"href":"https:\/\/atlantic-comfort.vn\/vn\/wp-json\/wp\/v2\/pages\/1954"}],"wp:featuredmedia":[{"embeddable":true,"href":"https:\/\/atlantic-comfort.vn\/vn\/wp-json\/wp\/v2\/media\/2175"}],"wp:attachment":[{"href":"https:\/\/atlantic-comfort.vn\/vn\/wp-json\/wp\/v2\/media?parent=1964"}],"curies":[{"name":"wp","href":"https:\/\/api.w.org\/{rel}","templated":true}]}}