{"id":1954,"date":"2025-04-23T15:37:59","date_gmt":"2025-04-23T08:37:59","guid":{"rendered":"https:\/\/atlantic-comfort-vn.wamstore.com\/?page_id=1954"},"modified":"2025-04-24T11:20:54","modified_gmt":"2025-04-24T04:20:54","slug":"water-heater-installation-technologies","status":"publish","type":"page","link":"https:\/\/atlantic-comfort.vn\/vn\/water-heater-installation-technologies\/","title":{"rendered":"L\u1eafp \u0111\u1eb7t v\u00e0 c\u00f4ng ngh\u1ec7 m\u00e1y n\u01b0\u1edbc n\u00f3ng"},"content":{"rendered":"<div data-elementor-type=\"wp-page\" data-elementor-id=\"1954\" class=\"elementor elementor-1954\" data-elementor-post-type=\"page\">\n\t\t\t\t<div class=\"elementor-element elementor-element-6315167 e-con-full e-flex e-con e-parent\" data-id=\"6315167\" data-element_type=\"container\">\n\t\t\t\t<div class=\"elementor-element elementor-element-286f60e elementor-widget elementor-widget-atlantic_title_banner\" data-id=\"286f60e\" data-element_type=\"widget\" data-widget_type=\"atlantic_title_banner.default\">\n\t\t\t\t<div class=\"elementor-widget-container\">\n\t\t\t\t\t\n        <div class=\"banner-range bg-light\">\n            <div class=\"container\">\n                <div class=\"row\">\n                    <div class=\"col-md-9\">\n                        <div class=\"header-section header-section--xl\">\n                            <h1 class=\"section-title\">C\u00f4ng ngh\u1ec7 &amp; l\u1eafp \u0111\u1eb7t m\u00e1y n\u01b0\u1edbc n\u00f3ng<\/h1>\n                            <p class=\"section-title-desc\">D\u01b0\u1edbi \u0111\u00e2y l\u00e0 nh\u1eefng m\u1eb9o c\u1ee7a ch\u00fang t\u00f4i \u0111\u1ec3 l\u1eafp \u0111\u1eb7t v\u00e0 b\u1ea3o d\u01b0\u1ee1ng m\u00e1y n\u01b0\u1edbc n\u00f3ng m\u1ed9t c\u00e1ch \u0111\u00fang \u0111\u1eafn, gi\u00fap \u0111\u1ea3m b\u1ea3o hi\u1ec7u qu\u1ea3 ho\u1ea1t \u0111\u1ed9ng l\u00e2u d\u00e0i v\u00e0 b\u1ec1n b\u1ec9.<\/p>\n                        <\/div>\n                        <div class=\"banner-range__text\"><\/div>\n                    <\/div>\n                    <div class=\"col-md-3 d-none d-md-block\">\n                        <div class=\"banner-range__img\">\n                            <picture class=\"ezimage-field img-fluid\">\n                                <source srcset=\"https:\/\/atlantic-comfort.vn\/wp-content\/uploads\/2025\/04\/1356c8e820e9-PAGE_76_iStock-457425295.png, https:\/\/atlantic-comfort.vn\/wp-content\/uploads\/2025\/04\/1356c8e820e9-PAGE_76_iStock-457425295.png 2x\" class=\"enhancedimage--img--lazyload enhancedimage--focused-img\" data-focus-x=\"0\" data-focus-y=\"-0\" data-width=\"332\" data-height=\"310\" width=\"332\" height=\"310\" data-variation=\"summary_guide\" media=\"(min-width: 576px)\" type=\"image\/png\">\n                                <img loading=\"lazy\" decoding=\"async\" src=\"https:\/\/atlantic-comfort.vn\/wp-content\/uploads\/2025\/04\/1356c8e820e9-PAGE_76_iStock-457425295.png\" alt=\"\" class=\"enhancedimage--img enhancedimage--img--lazyload enhancedimage--focused-img\" srcset=\"https:\/\/atlantic-comfort.vn\/wp-content\/uploads\/2025\/04\/1356c8e820e9-PAGE_76_iStock-457425295.png, https:\/\/atlantic-comfort.vn\/wp-content\/uploads\/2025\/04\/1356c8e820e9-PAGE_76_iStock-457425295.png 2x\" data-focus-x=\"0\" data-focus-y=\"-0\" data-width=\"332\" data-height=\"310\" width=\"332\" height=\"310\" data-variation=\"summary_guide\" type=\"image\/png\">\n                            <\/picture>\n                        <\/div>\n                    <\/div>\n                <\/div>\n            <\/div>\n        <\/div>\n\n        \t\t\t\t<\/div>\n\t\t\t\t<\/div>\n\t\t\t\t<\/div>\n\t\t<div class=\"elementor-element elementor-element-ddd4637 e-flex e-con-boxed e-con e-parent\" data-id=\"ddd4637\" data-element_type=\"container\">\n\t\t\t\t\t<div class=\"e-con-inner\">\n\t\t\t\t<div class=\"elementor-element elementor-element-04cd386 elementor-widget elementor-widget-atlantic_our_advice\" data-id=\"04cd386\" data-element_type=\"widget\" data-widget_type=\"atlantic_our_advice.default\">\n\t\t\t\t<div class=\"elementor-widget-container\">\n\t\t\t\t\t\n        <div class=\"landing-section range-section\">\n            <div class=\"container\">\n                <ul class=\"advice-card__list row list-unstyled\">\n                                            <li class=\"col-12 col-sm-6 col-lg-4\">\n                            <div class=\"advice-card atl-rounded\">\n                                <div class=\"advice-card__image atl-rounded\">\n                                    <picture class=\"ezimage-field\">\n                                        <source srcset=\"https:\/\/atlantic-comfort.vn\/wp-content\/uploads\/2025\/04\/Maintaining-your-water-heater.jpeg, https:\/\/atlantic-comfort.vn\/wp-content\/uploads\/2025\/04\/Maintaining-your-water-heater.jpeg 2x\" class=\"enhancedimage--img--lazyload enhancedimage--focused-img\" data-focus-x=\"0\" data-focus-y=\"-0\" data-width=\"432\" data-height=\"243\" width=\"432\" height=\"243\" data-variation=\"summary_guide_cards\" media=\"(min-width: 576px)\" type=\"image\/png\">\n                                            <source srcset=\"https:\/\/atlantic-comfort.vn\/wp-content\/uploads\/2025\/04\/Maintaining-your-water-heater.jpeg, https:\/\/atlantic-comfort.vn\/wp-content\/uploads\/2025\/04\/Maintaining-your-water-heater.jpeg 2x\" class=\"enhancedimage--img--lazyload enhancedimage--focused-img\" data-focus-x=\"0\" data-focus-y=\"-0\" data-width=\"432\" data-height=\"243\" width=\"432\" height=\"243\" data-variation=\"summary_guide_cards_mobile\" media=\"(min-width: 0)\" type=\"image\/png\">\n                                                <a href=\"\/vn\/water-heater-installation-technologies\/maintaining-your-water-heater\/\" title=\"B\u1ea3o tr\u00ec b\u00ecnh n\u01b0\u1edbc n\u00f3ng c\u1ee7a b\u1ea1n\" target=\"_self\">\n                                                    <img loading=\"lazy\" decoding=\"async\" src=\"https:\/\/atlantic-comfort.vn\/wp-content\/uploads\/2025\/04\/Maintaining-your-water-heater.jpeg\" alt=\"\" class=\"enhancedimage--img img-fluid enhancedimage--img--lazyload enhancedimage--focused-img\" srcset=\"https:\/\/atlantic-comfort.vn\/wp-content\/uploads\/2025\/04\/Maintaining-your-water-heater.jpeg, https:\/\/atlantic-comfort.vn\/wp-content\/uploads\/2025\/04\/Maintaining-your-water-heater.jpeg 2x\" data-focus-x=\"0\" data-focus-y=\"-0\" data-width=\"432\" data-height=\"243\" width=\"432\" height=\"243\" data-variation=\"summary_guide_cards\" type=\"image\/png\">\n                                                <\/a>\n                                    <\/picture>\n                                <\/div>\n                                <div class=\"advice-card__body small-pb\">\n                                    <h2 class=\"advice-card__title\">\n                                        <a href=\"\/vn\/water-heater-installation-technologies\/maintaining-your-water-heater\/\">B\u1ea3o tr\u00ec b\u00ecnh n\u01b0\u1edbc n\u00f3ng c\u1ee7a b\u1ea1n<\/a>\n                                    <\/h2>\n                                    <p class=\"badge advice-card__badge\">01\/01\/2025<\/p>\n                                <\/div>\n                            <\/div>\n                        <\/li>\n                                            <li class=\"col-12 col-sm-6 col-lg-4\">\n                            <div class=\"advice-card atl-rounded\">\n                                <div class=\"advice-card__image atl-rounded\">\n                                    <picture class=\"ezimage-field\">\n                                        <source srcset=\"https:\/\/atlantic-comfort.vn\/wp-content\/uploads\/2025\/04\/Choosing-your-water-heater.jpg, https:\/\/atlantic-comfort.vn\/wp-content\/uploads\/2025\/04\/Choosing-your-water-heater.jpg 2x\" class=\"enhancedimage--img--lazyload enhancedimage--focused-img\" data-focus-x=\"0\" data-focus-y=\"-0\" data-width=\"432\" data-height=\"243\" width=\"432\" height=\"243\" data-variation=\"summary_guide_cards\" media=\"(min-width: 576px)\" type=\"image\/png\">\n                                            <source srcset=\"https:\/\/atlantic-comfort.vn\/wp-content\/uploads\/2025\/04\/Choosing-your-water-heater.jpg, https:\/\/atlantic-comfort.vn\/wp-content\/uploads\/2025\/04\/Choosing-your-water-heater.jpg 2x\" class=\"enhancedimage--img--lazyload enhancedimage--focused-img\" data-focus-x=\"0\" data-focus-y=\"-0\" data-width=\"432\" data-height=\"243\" width=\"432\" height=\"243\" data-variation=\"summary_guide_cards_mobile\" media=\"(min-width: 0)\" type=\"image\/png\">\n                                                <a href=\"\/vn\/water-heater-installation-technologies\/choosing-your-water-heater\/\" title=\"C\u00e1ch ch\u1ecdn b\u00ecnh n\u01b0\u1edbc n\u00f3ng ph\u00f9 h\u1ee3p\" target=\"_self\">\n                                                    <img loading=\"lazy\" decoding=\"async\" src=\"https:\/\/atlantic-comfort.vn\/wp-content\/uploads\/2025\/04\/Choosing-your-water-heater.jpg\" alt=\"\" class=\"enhancedimage--img img-fluid enhancedimage--img--lazyload enhancedimage--focused-img\" srcset=\"https:\/\/atlantic-comfort.vn\/wp-content\/uploads\/2025\/04\/Choosing-your-water-heater.jpg, https:\/\/atlantic-comfort.vn\/wp-content\/uploads\/2025\/04\/Choosing-your-water-heater.jpg 2x\" data-focus-x=\"0\" data-focus-y=\"-0\" data-width=\"432\" data-height=\"243\" width=\"432\" height=\"243\" data-variation=\"summary_guide_cards\" type=\"image\/png\">\n                                                <\/a>\n                                    <\/picture>\n                                <\/div>\n                                <div class=\"advice-card__body small-pb\">\n                                    <h2 class=\"advice-card__title\">\n                                        <a href=\"\/vn\/water-heater-installation-technologies\/choosing-your-water-heater\/\">C\u00e1ch ch\u1ecdn b\u00ecnh n\u01b0\u1edbc n\u00f3ng ph\u00f9 h\u1ee3p<\/a>\n                                    <\/h2>\n                                    <p class=\"badge advice-card__badge\">01\/01\/2025<\/p>\n                                <\/div>\n                            <\/div>\n                        <\/li>\n                                            <li class=\"col-12 col-sm-6 col-lg-4\">\n                            <div class=\"advice-card atl-rounded\">\n                                <div class=\"advice-card__image atl-rounded\">\n                                    <picture class=\"ezimage-field\">\n                                        <source srcset=\"https:\/\/atlantic-comfort.vn\/wp-content\/uploads\/2025\/04\/HD_Lifestyle_-AMI_Slim_rvb-1-scaled.jpg, https:\/\/atlantic-comfort.vn\/wp-content\/uploads\/2025\/04\/HD_Lifestyle_-AMI_Slim_rvb-1-scaled.jpg 2x\" class=\"enhancedimage--img--lazyload enhancedimage--focused-img\" data-focus-x=\"0\" data-focus-y=\"-0\" data-width=\"432\" data-height=\"243\" width=\"432\" height=\"243\" data-variation=\"summary_guide_cards\" media=\"(min-width: 576px)\" type=\"image\/png\">\n                                            <source srcset=\"https:\/\/atlantic-comfort.vn\/wp-content\/uploads\/2025\/04\/HD_Lifestyle_-AMI_Slim_rvb-1-scaled.jpg, https:\/\/atlantic-comfort.vn\/wp-content\/uploads\/2025\/04\/HD_Lifestyle_-AMI_Slim_rvb-1-scaled.jpg 2x\" class=\"enhancedimage--img--lazyload enhancedimage--focused-img\" data-focus-x=\"0\" data-focus-y=\"-0\" data-width=\"432\" data-height=\"243\" width=\"432\" height=\"243\" data-variation=\"summary_guide_cards_mobile\" media=\"(min-width: 0)\" type=\"image\/png\">\n                                                <a href=\"https:\/\/atlantic-comfort.vn\/vn\/water-heater-installation-technologies\/installing-your-water-heater\/\" title=\"Quy tr\u00ecnh l\u1eafp \u0111\u1eb7t m\u00e1y n\u01b0\u1edbc n\u00f3ng\" target=\"_self\">\n                                                    <img loading=\"lazy\" decoding=\"async\" src=\"https:\/\/atlantic-comfort.vn\/wp-content\/uploads\/2025\/04\/HD_Lifestyle_-AMI_Slim_rvb-1-scaled.jpg\" alt=\"\" class=\"enhancedimage--img img-fluid enhancedimage--img--lazyload enhancedimage--focused-img\" srcset=\"https:\/\/atlantic-comfort.vn\/wp-content\/uploads\/2025\/04\/HD_Lifestyle_-AMI_Slim_rvb-1-scaled.jpg, https:\/\/atlantic-comfort.vn\/wp-content\/uploads\/2025\/04\/HD_Lifestyle_-AMI_Slim_rvb-1-scaled.jpg 2x\" data-focus-x=\"0\" data-focus-y=\"-0\" data-width=\"432\" data-height=\"243\" width=\"432\" height=\"243\" data-variation=\"summary_guide_cards\" type=\"image\/png\">\n                                                <\/a>\n                                    <\/picture>\n                                <\/div>\n                                <div class=\"advice-card__body small-pb\">\n                                    <h2 class=\"advice-card__title\">\n                                        <a href=\"https:\/\/atlantic-comfort.vn\/vn\/water-heater-installation-technologies\/installing-your-water-heater\/\">Quy tr\u00ecnh l\u1eafp \u0111\u1eb7t m\u00e1y n\u01b0\u1edbc n\u00f3ng<\/a>\n                                    <\/h2>\n                                    <p class=\"badge advice-card__badge\">01\/01\/2025<\/p>\n                                <\/div>\n                            <\/div>\n                        <\/li>\n                                            <li class=\"col-12 col-sm-6 col-lg-4\">\n                            <div class=\"advice-card atl-rounded\">\n                                <div class=\"advice-card__image atl-rounded\">\n                                    <picture class=\"ezimage-field\">\n                                        <source srcset=\"https:\/\/atlantic-comfort.vn\/wp-content\/uploads\/2025\/04\/COZYTOUCH_smartphone_new-scaled.jpg, https:\/\/atlantic-comfort.vn\/wp-content\/uploads\/2025\/04\/COZYTOUCH_smartphone_new-scaled.jpg 2x\" class=\"enhancedimage--img--lazyload enhancedimage--focused-img\" data-focus-x=\"0\" data-focus-y=\"-0\" data-width=\"432\" data-height=\"243\" width=\"432\" height=\"243\" data-variation=\"summary_guide_cards\" media=\"(min-width: 576px)\" type=\"image\/png\">\n                                            <source srcset=\"https:\/\/atlantic-comfort.vn\/wp-content\/uploads\/2025\/04\/COZYTOUCH_smartphone_new-scaled.jpg, https:\/\/atlantic-comfort.vn\/wp-content\/uploads\/2025\/04\/COZYTOUCH_smartphone_new-scaled.jpg 2x\" class=\"enhancedimage--img--lazyload enhancedimage--focused-img\" data-focus-x=\"0\" data-focus-y=\"-0\" data-width=\"432\" data-height=\"243\" width=\"432\" height=\"243\" data-variation=\"summary_guide_cards_mobile\" media=\"(min-width: 0)\" type=\"image\/png\">\n                                                <a href=\"https:\/\/atlantic-comfort.vn\/vn\/water-heater-installation-technologies\/connectivity-remote-piloting-cozytouch\/\" title=\"K\u1ebft n\u1ed1i &amp; \u0110i\u1ec1u khi\u1ec3n t\u1eeb xa: Cozytouch\" target=\"_self\">\n                                                    <img loading=\"lazy\" decoding=\"async\" src=\"https:\/\/atlantic-comfort.vn\/wp-content\/uploads\/2025\/04\/COZYTOUCH_smartphone_new-scaled.jpg\" alt=\"\" class=\"enhancedimage--img img-fluid enhancedimage--img--lazyload enhancedimage--focused-img\" srcset=\"https:\/\/atlantic-comfort.vn\/wp-content\/uploads\/2025\/04\/COZYTOUCH_smartphone_new-scaled.jpg, https:\/\/atlantic-comfort.vn\/wp-content\/uploads\/2025\/04\/COZYTOUCH_smartphone_new-scaled.jpg 2x\" data-focus-x=\"0\" data-focus-y=\"-0\" data-width=\"432\" data-height=\"243\" width=\"432\" height=\"243\" data-variation=\"summary_guide_cards\" type=\"image\/png\">\n                                                <\/a>\n                                    <\/picture>\n                                <\/div>\n                                <div class=\"advice-card__body small-pb\">\n                                    <h2 class=\"advice-card__title\">\n                                        <a href=\"https:\/\/atlantic-comfort.vn\/vn\/water-heater-installation-technologies\/connectivity-remote-piloting-cozytouch\/\">K\u1ebft n\u1ed1i &amp; \u0110i\u1ec1u khi\u1ec3n t\u1eeb xa: Cozytouch<\/a>\n                                    <\/h2>\n                                    <p class=\"badge advice-card__badge\">01\/01\/2025<\/p>\n                                <\/div>\n                            <\/div>\n                        <\/li>\n                                    <\/ul>\n            <\/div>\n        <\/div>\n\n        \t\t\t\t<\/div>\n\t\t\t\t<\/div>\n\t\t\t\t\t<\/div>\n\t\t\t\t<\/div>\n\t\t\t\t<\/div>","protected":false},"excerpt":{"rendered":"<p>Water heater installation &#038; technologies Find here our tips to properly install and maintain your water heater to ensure proper and long-lasting service. Maintaining your water heater 01\/01\/2025 Choosing your water heater 01\/01\/2025 Installing your water heater 01\/01\/2025 Connectivity &#038; Remote Piloting: Cozytouch 01\/01\/2025<\/p>","protected":false},"author":1,"featured_media":0,"parent":0,"menu_order":10,"comment_status":"closed","ping_status":"open","template":"","meta":{"inline_featured_image":false,"footnotes":""},"class_list":["post-1954","page","type-page","status-publish","hentry"],"_links":{"self":[{"href":"https:\/\/atlantic-comfort.vn\/vn\/wp-json\/wp\/v2\/pages\/1954","targetHints":{"allow":["GET"]}}],"collection":[{"href":"https:\/\/atlantic-comfort.vn\/vn\/wp-json\/wp\/v2\/pages"}],"about":[{"href":"https:\/\/atlantic-comfort.vn\/vn\/wp-json\/wp\/v2\/types\/page"}],"author":[{"embeddable":true,"href":"https:\/\/atlantic-comfort.vn\/vn\/wp-json\/wp\/v2\/users\/1"}],"replies":[{"embeddable":true,"href":"https:\/\/atlantic-comfort.vn\/vn\/wp-json\/wp\/v2\/comments?post=1954"}],"version-history":[{"count":0,"href":"https:\/\/atlantic-comfort.vn\/vn\/wp-json\/wp\/v2\/pages\/1954\/revisions"}],"wp:attachment":[{"href":"https:\/\/atlantic-comfort.vn\/vn\/wp-json\/wp\/v2\/media?parent=1954"}],"curies":[{"name":"wp","href":"https:\/\/api.w.org\/{rel}","templated":true}]}}