{"id":1609,"date":"2025-03-04T02:33:43","date_gmt":"2025-03-03T19:33:43","guid":{"rendered":"https:\/\/groupe-atlantic-au.wamstore.com\/?page_id=1609"},"modified":"2025-09-24T14:27:46","modified_gmt":"2025-09-24T07:27:46","slug":"commercial-products","status":"publish","type":"page","link":"https:\/\/atlantic-comfort.vn\/vn\/commercial-products\/","title":{"rendered":"S\u1ea3n ph\u1ea9m th\u01b0\u01a1ng m\u1ea1i"},"content":{"rendered":"<div data-elementor-type=\"wp-page\" data-elementor-id=\"1609\" class=\"elementor elementor-1609\" data-elementor-post-type=\"page\">\n\t\t\t\t<div class=\"elementor-element elementor-element-32fdd4a e-con-full e-flex e-con e-parent\" data-id=\"32fdd4a\" data-element_type=\"container\">\n\t\t\t\t<div class=\"elementor-element elementor-element-d47eb47 elementor-widget elementor-widget-atlantic_title_banner\" data-id=\"d47eb47\" data-element_type=\"widget\" data-widget_type=\"atlantic_title_banner.default\">\n\t\t\t\t<div class=\"elementor-widget-container\">\n\t\t\t\t\t\n        <div class=\"banner-range bg-light\">\n            <div class=\"container\">\n                <div class=\"row\">\n                    <div class=\"col-md-9\">\n                        <div class=\"header-section header-section--xl\">\n                            <h1 class=\"section-title\">S\u1ea3n ph\u1ea9m th\u01b0\u01a1ng m\u1ea1i<\/h1>\n                            <p class=\"section-title-desc\">Gi\u1ea3i ph\u00e1p xanh cho ng\u00f4i nh\u00e0 hi\u1ec7n \u0111\u1ea1i, ti\u1ec7n nghi v\u00e0 c\u00f4ng tr\u00ecnh chuy\u00ean d\u1ee5ng, b\u1ec1n v\u1eefng - b\u1ea3o v\u1ec7 m\u00f4i tr\u01b0\u1eddng b\u1eaft \u0111\u1ea7u t\u1eeb ch\u00ednh kh\u00f4ng gian s\u1ed1ng c\u1ee7a b\u1ea1n.<\/p>\n                        <\/div>\n                        <div class=\"banner-range__text\"><\/div>\n                    <\/div>\n                    <div class=\"col-md-3 d-none d-md-block\">\n                        <div class=\"banner-range__img\">\n                            <picture class=\"ezimage-field img-fluid\">\n                                <source srcset=\"https:\/\/atlantic-comfort.vn\/wp-content\/uploads\/2025\/03\/63a8335bef94-ambiance.jpg, https:\/\/atlantic-comfort.vn\/wp-content\/uploads\/2025\/03\/63a8335bef94-ambiance.jpg 2x\" class=\"enhancedimage--img--lazyload enhancedimage--focused-img\" data-focus-x=\"0\" data-focus-y=\"-0\" data-width=\"332\" data-height=\"310\" width=\"332\" height=\"310\" data-variation=\"summary_guide\" media=\"(min-width: 576px)\" type=\"image\/png\">\n                                <img loading=\"lazy\" decoding=\"async\" src=\"https:\/\/atlantic-comfort.vn\/wp-content\/uploads\/2025\/03\/63a8335bef94-ambiance.jpg\" alt=\"\" class=\"enhancedimage--img enhancedimage--img--lazyload enhancedimage--focused-img\" srcset=\"https:\/\/atlantic-comfort.vn\/wp-content\/uploads\/2025\/03\/63a8335bef94-ambiance.jpg, https:\/\/atlantic-comfort.vn\/wp-content\/uploads\/2025\/03\/63a8335bef94-ambiance.jpg 2x\" data-focus-x=\"0\" data-focus-y=\"-0\" data-width=\"332\" data-height=\"310\" width=\"332\" height=\"310\" data-variation=\"summary_guide\" type=\"image\/png\">\n                            <\/picture>\n                        <\/div>\n                    <\/div>\n                <\/div>\n            <\/div>\n        <\/div>\n\n        \t\t\t\t<\/div>\n\t\t\t\t<\/div>\n\t\t\t\t<\/div>\n\t\t<div class=\"elementor-element elementor-element-542f77d e-flex e-con-boxed e-con e-parent\" data-id=\"542f77d\" data-element_type=\"container\">\n\t\t\t\t\t<div class=\"e-con-inner\">\n\t\t\t\t<div class=\"elementor-element elementor-element-f05cbb8 elementor-widget elementor-widget-atlantic_product_grid_auto\" data-id=\"f05cbb8\" data-element_type=\"widget\" data-widget_type=\"atlantic_product_grid_auto.default\">\n\t\t\t\t<div class=\"elementor-widget-container\">\n\t\t\t\t\t    <div class=\"landing-section range-section\">\n        <div class=\"container\">\n            <span class=\"is-loading d-none\"><\/span>\n            <ul class=\"advice-card__list row list-unstyled\">\n                                    <li class=\"col-12 col-sm-6 col-lg-4\">\n                        <div class=\"advice-card atl-rounded\">\n                            <div class=\"advice-card__image atl-rounded\">\n                                <a href=\"https:\/\/atlantic-comfort.vn\/vn\/commercial-products\/f125d\/\">\n                                    <picture class=\"ezimage-field img-object-fit\">\n                                        <source srcset=\"https:\/\/atlantic-comfort.vn\/wp-content\/uploads\/2025\/04\/ATL_F125D_AMBIANCE.jpg\" width=\"432\" height=\"243\" type=\"image\/jpeg\">\n                                        <img fetchpriority=\"high\" decoding=\"async\" src=\"https:\/\/atlantic-comfort.vn\/wp-content\/uploads\/2025\/04\/ATL_F125D_AMBIANCE.jpg\" width=\"432\" height=\"243\" alt=\"F125D\" class=\"img-fluid\">\n                                    <\/picture>\n                                <\/a>\n                            <\/div>\n                            <div class=\"advice-card__body\">\n                                <h2 class=\"advice-card__title\">\n                                    <a href=\"https:\/\/atlantic-comfort.vn\/vn\/commercial-products\/f125d\/\">F125D<\/a>\n                                <\/h2>\n                                <p class=\"advice-card__text\">\u0110\u1ec9nh cao c\u00f4ng ngh\u1ec7 Ph\u00e1p, chu\u1ea9n \u1ea5m \u00e1p ch\u00e2u \u00c2u<\/p>\n                                <div class=\"product-about-services-col advice-card__btn\">\n                                    <a href=\"https:\/\/atlantic-comfort.vn\/vn\/commercial-products\/f125d\/\" class=\"btn btn-primary\">\n                                        <span class=\"atlicon atlicon-file\" aria-hidden=\"true\"><\/span>\n                                        <span class=\"text\">T\u00ecm hi\u1ec3u th\u00eam<\/span>\n                                    <\/a>\n                                <\/div>\n                            <\/div>\n                        <\/div>\n                    <\/li>\n                                    <li class=\"col-12 col-sm-6 col-lg-4\">\n                        <div class=\"advice-card atl-rounded\">\n                            <div class=\"advice-card__image atl-rounded\">\n                                <a href=\"https:\/\/atlantic-comfort.vn\/vn\/commercial-products\/f19d\/\">\n                                    <picture class=\"ezimage-field img-object-fit\">\n                                        <source srcset=\"https:\/\/atlantic-comfort.vn\/wp-content\/uploads\/2025\/04\/ATL_F19D_AMBIANCE-2.jpg\" width=\"432\" height=\"243\" type=\"image\/jpeg\">\n                                        <img decoding=\"async\" src=\"https:\/\/atlantic-comfort.vn\/wp-content\/uploads\/2025\/04\/ATL_F19D_AMBIANCE-2.jpg\" width=\"432\" height=\"243\" alt=\"F19D\" class=\"img-fluid\">\n                                    <\/picture>\n                                <\/a>\n                            <\/div>\n                            <div class=\"advice-card__body\">\n                                <h2 class=\"advice-card__title\">\n                                    <a href=\"https:\/\/atlantic-comfort.vn\/vn\/commercial-products\/f19d\/\">F19D<\/a>\n                                <\/h2>\n                                <p class=\"advice-card__text\">T\u1ea5m s\u01b0\u1edfi c\u1ee7a s\u1ef1 b\u1ec1n b\u1ec9 v\u00e0 d\u1ec5 s\u1eed d\u1ee5ng<\/p>\n                                <div class=\"product-about-services-col advice-card__btn\">\n                                    <a href=\"https:\/\/atlantic-comfort.vn\/vn\/commercial-products\/f19d\/\" class=\"btn btn-primary\">\n                                        <span class=\"atlicon atlicon-file\" aria-hidden=\"true\"><\/span>\n                                        <span class=\"text\">T\u00ecm hi\u1ec3u th\u00eam<\/span>\n                                    <\/a>\n                                <\/div>\n                            <\/div>\n                        <\/div>\n                    <\/li>\n                            <\/ul>\n        <\/div>\n    <\/div>\n    \t\t\t\t<\/div>\n\t\t\t\t<\/div>\n\t\t\t\t\t<\/div>\n\t\t\t\t<\/div>\n\t\t<div class=\"elementor-element elementor-element-21d0b3b e-con-full e-flex e-con e-parent\" data-id=\"21d0b3b\" data-element_type=\"container\">\n\t\t\t\t<div class=\"elementor-element elementor-element-1a6e1c4 elementor-widget elementor-widget-atlantic_our_advice_ideas\" data-id=\"1a6e1c4\" data-element_type=\"widget\" data-widget_type=\"atlantic_our_advice_ideas.default\">\n\t\t\t\t<div class=\"elementor-widget-container\">\n\t\t\t\t\t        <div class=\"landing-section advices-ideas-section bg-light\">\n            <div class=\"container\">\n                <div class=\"header-section header-section--md\">\n                    <p class=\"section-title\">L\u1eddi khuy\u00ean v\u00e0 \u00fd t\u01b0\u1edfng c\u1ee7a ch\u00fang t\u00f4i<\/p>\n                <\/div>\n                <ul class=\"row highlight-md-list list-unstyled\">\n                                            <li class=\"col-12 col-sm-6 col-lg-4\">\n                            <a href=\"\/vn\/water-heater-installation-technologies\/maintaining-your-water-heater\/\" class=\"highlight-box atl-rounded highlight-box--md\">\n                                <div class=\"highlight-image highlight-image--md\">\n                                    <picture class=\"ezimage-field\">\n                                        <img decoding=\"async\" src=\"https:\/\/atlantic-comfort.vn\/wp-content\/uploads\/2025\/04\/Maintaining-your-water-heater.jpeg\" alt=\"B\u1ea3o tr\u00ec b\u00ecnh n\u01b0\u1edbc n\u00f3ng c\u1ee7a b\u1ea1n\" class=\"enhancedimage--img img-fluid\">\n                                    <\/picture>\n                                <\/div>\n                                <div class=\"highlight-body highlight-body--md\">\n                                    <h2 class=\"highlight-title highlight-title--md\">B\u1ea3o tr\u00ec b\u00ecnh n\u01b0\u1edbc n\u00f3ng c\u1ee7a b\u1ea1n<\/h2>\n                                <\/div>\n                            <\/a>\n                        <\/li>\n                                            <li class=\"col-12 col-sm-6 col-lg-4\">\n                            <a href=\"\/vn\/water-heater-installation-technologies\/choosing-your-water-heater\/\" class=\"highlight-box atl-rounded highlight-box--md\">\n                                <div class=\"highlight-image highlight-image--md\">\n                                    <picture class=\"ezimage-field\">\n                                        <img decoding=\"async\" src=\"https:\/\/atlantic-comfort.vn\/wp-content\/uploads\/2025\/04\/Choosing-your-water-heater.jpg\" alt=\"C\u00e1ch ch\u1ecdn b\u00ecnh n\u01b0\u1edbc n\u00f3ng ph\u00f9 h\u1ee3p\" class=\"enhancedimage--img img-fluid\">\n                                    <\/picture>\n                                <\/div>\n                                <div class=\"highlight-body highlight-body--md\">\n                                    <h2 class=\"highlight-title highlight-title--md\">C\u00e1ch ch\u1ecdn b\u00ecnh n\u01b0\u1edbc n\u00f3ng ph\u00f9 h\u1ee3p<\/h2>\n                                <\/div>\n                            <\/a>\n                        <\/li>\n                                            <li class=\"col-12 col-sm-6 col-lg-4\">\n                            <a href=\"\/vn\/water-heater-installation-technologies\/installing-your-water-heater\/\" class=\"highlight-box atl-rounded highlight-box--md\">\n                                <div class=\"highlight-image highlight-image--md\">\n                                    <picture class=\"ezimage-field\">\n                                        <img decoding=\"async\" src=\"https:\/\/atlantic-comfort.vn\/wp-content\/uploads\/2025\/04\/HD_Lifestyle_-AMI_Slim_rvb-1-scaled.jpg\" alt=\"Quy tr\u00ecnh l\u1eafp \u0111\u1eb7t m\u00e1y n\u01b0\u1edbc n\u00f3ng\" class=\"enhancedimage--img img-fluid\">\n                                    <\/picture>\n                                <\/div>\n                                <div class=\"highlight-body highlight-body--md\">\n                                    <h2 class=\"highlight-title highlight-title--md\">Quy tr\u00ecnh l\u1eafp \u0111\u1eb7t m\u00e1y n\u01b0\u1edbc n\u00f3ng<\/h2>\n                                <\/div>\n                            <\/a>\n                        <\/li>\n                                            <li class=\"col-12 col-sm-6 col-lg-4\">\n                            <a href=\"\/vn\/water-heater-installation-technologies\/connectivity-remote-piloting-cozytouch\/\" class=\"highlight-box atl-rounded highlight-box--md\">\n                                <div class=\"highlight-image highlight-image--md\">\n                                    <picture class=\"ezimage-field\">\n                                        <img decoding=\"async\" src=\"https:\/\/atlantic-comfort.vn\/wp-content\/uploads\/2025\/04\/COZYTOUCH_smartphone_new-scaled.jpg\" alt=\"K\u1ebft n\u1ed1i &amp; \u0110i\u1ec1u khi\u1ec3n t\u1eeb xa: Cozytouch\" class=\"enhancedimage--img img-fluid\">\n                                    <\/picture>\n                                <\/div>\n                                <div class=\"highlight-body highlight-body--md\">\n                                    <h2 class=\"highlight-title highlight-title--md\">K\u1ebft n\u1ed1i &amp; \u0110i\u1ec1u khi\u1ec3n t\u1eeb xa: Cozytouch<\/h2>\n                                <\/div>\n                            <\/a>\n                        <\/li>\n                                            <li class=\"col-12 col-sm-6 col-lg-4\">\n                            <a href=\"\/vn\/how-to-choose-your-heat-pump\/aerothermal-heating-systems\/\" class=\"highlight-box atl-rounded highlight-box--md\">\n                                <div class=\"highlight-image highlight-image--md\">\n                                    <picture class=\"ezimage-field\">\n                                        <img decoding=\"async\" src=\"https:\/\/atlantic-comfort.vn\/wp-content\/uploads\/2025\/04\/910970712048-shutterstock_394279750.png\" alt=\"H\u1ec7 th\u1ed1ng s\u01b0\u1edfi kh\u00ed nhi\u1ec7t\" class=\"enhancedimage--img img-fluid\">\n                                    <\/picture>\n                                <\/div>\n                                <div class=\"highlight-body highlight-body--md\">\n                                    <h2 class=\"highlight-title highlight-title--md\">H\u1ec7 th\u1ed1ng s\u01b0\u1edfi kh\u00ed nhi\u1ec7t<\/h2>\n                                <\/div>\n                            <\/a>\n                        <\/li>\n                                            <li class=\"col-12 col-sm-6 col-lg-4\">\n                            <a href=\"\/vn\/how-to-choose-your-heat-pump\/how-to-choose-your-heat-pump\/\" class=\"highlight-box atl-rounded highlight-box--md\">\n                                <div class=\"highlight-image highlight-image--md\">\n                                    <picture class=\"ezimage-field\">\n                                        <img decoding=\"async\" src=\"https:\/\/atlantic-comfort.vn\/wp-content\/uploads\/2025\/04\/9aa7d554d605-PAGE_42_iStock-537706754.png\" alt=\"C\u00e1ch l\u1ef1a ch\u1ecdn m\u00e1y b\u01a1m nhi\u1ec7t ph\u00f9 h\u1ee3p\" class=\"enhancedimage--img img-fluid\">\n                                    <\/picture>\n                                <\/div>\n                                <div class=\"highlight-body highlight-body--md\">\n                                    <h2 class=\"highlight-title highlight-title--md\">C\u00e1ch l\u1ef1a ch\u1ecdn m\u00e1y b\u01a1m nhi\u1ec7t ph\u00f9 h\u1ee3p<\/h2>\n                                <\/div>\n                            <\/a>\n                        <\/li>\n                                    <\/ul>\n            <\/div>\n        <\/div>\n        \t\t\t\t<\/div>\n\t\t\t\t<\/div>\n\t\t\t\t<div class=\"elementor-element elementor-element-05e016f elementor-widget elementor-widget-atlantic_product_get_in_touch\" data-id=\"05e016f\" data-element_type=\"widget\" data-widget_type=\"atlantic_product_get_in_touch.default\">\n\t\t\t\t<div class=\"elementor-widget-container\">\n\t\t\t\t\t        <div id=\"questionsAnchor\" class=\"landing-section bg-light questions-section\">\n            <div class=\"container\">\n                <div class=\"questions-section-inner\">\n                    <div class=\"d-flex justify-content-md-center\">\n                        <div class=\"header-section header-section--md\">\n                            <p class=\"section-title\">C\u1ea7n h\u1ed7 tr\u1ee3 th\u00eam th\u00f4ng tin?<\/p>\n                        <\/div>\n                    <\/div>\n                    <div class=\"questions-section-body\">\n                        <ul class=\"row justify-content-center text-center list-unstyled mb-0\">\n                            <li class=\"col-sm-4\">\n                                <div class=\"question-box atl-rounded\">\n                                    <div class=\"question-box-icon\">\n                                        <span class=\"atlicon atlicon-comments-question-check\" aria-hidden=\"true\"><\/span>\n                                    <\/div>\n                                    <div class=\"question-box-title\">\u0110\u1eebng ng\u1ea7n ng\u1ea1i<\/div>\n                                    <div class=\"question-box-text\">\n                                        <p>k\u1ebft n\u1ed1i v\u1edbi ch\u00fang t\u00f4i ho\u1eb7c b\u1ed9 ph\u1eadn ch\u0103m s\u00f3c kh\u00e1ch h\u00e0ng!<\/p>\n                                    <\/div>\n                                    <a href=\"\/vn\/get-in-touch-with-us\/\" class=\"btn btn-primary\" target=\"_self\">\n                                        <span class=\"text\">Li\u00ean h\u1ec7<\/span>\n                                    <\/a>\n                                <\/div>\n                            <\/li>\n                        <\/ul>\n                    <\/div>\n                <\/div>\n            <\/div>\n        <\/div>\n        \t\t\t\t<\/div>\n\t\t\t\t<\/div>\n\t\t\t\t<\/div>\n\t\t\t\t<\/div>","protected":false},"excerpt":{"rendered":"<p>Commercial products A green solution for modern, comfortable homes and sustainable commercial buildings &#8211; protecting the environment starts right from your living space. F125D The Pinnacle of French Technology, European Warmth Standard Learn more F19D The panel of durability and ease of use Learn more Our Advice &amp; Ideas Maintaining your water heater Choosing your [&hellip;]<\/p>","protected":false},"author":1,"featured_media":0,"parent":0,"menu_order":8,"comment_status":"closed","ping_status":"closed","template":"","meta":{"inline_featured_image":false,"footnotes":""},"class_list":["post-1609","page","type-page","status-publish","hentry"],"_links":{"self":[{"href":"https:\/\/atlantic-comfort.vn\/vn\/wp-json\/wp\/v2\/pages\/1609","targetHints":{"allow":["GET"]}}],"collection":[{"href":"https:\/\/atlantic-comfort.vn\/vn\/wp-json\/wp\/v2\/pages"}],"about":[{"href":"https:\/\/atlantic-comfort.vn\/vn\/wp-json\/wp\/v2\/types\/page"}],"author":[{"embeddable":true,"href":"https:\/\/atlantic-comfort.vn\/vn\/wp-json\/wp\/v2\/users\/1"}],"replies":[{"embeddable":true,"href":"https:\/\/atlantic-comfort.vn\/vn\/wp-json\/wp\/v2\/comments?post=1609"}],"version-history":[{"count":0,"href":"https:\/\/atlantic-comfort.vn\/vn\/wp-json\/wp\/v2\/pages\/1609\/revisions"}],"wp:attachment":[{"href":"https:\/\/atlantic-comfort.vn\/vn\/wp-json\/wp\/v2\/media?parent=1609"}],"curies":[{"name":"wp","href":"https:\/\/api.w.org\/{rel}","templated":true}]}}