{"id":121,"date":"2024-07-25T00:57:11","date_gmt":"2024-07-25T00:57:11","guid":{"rendered":"https:\/\/atlantic.wamvietnam.com\/?page_id=121"},"modified":"2025-05-07T16:24:51","modified_gmt":"2025-05-07T09:24:51","slug":"maintaining-your-water-heater","status":"publish","type":"page","link":"https:\/\/atlantic-comfort.vn\/vn\/water-heater-installation-technologies\/maintaining-your-water-heater\/","title":{"rendered":"B\u1ea3o tr\u00ec b\u00ecnh n\u01b0\u1edbc n\u00f3ng c\u1ee7a b\u1ea1n"},"content":{"rendered":"<div data-elementor-type=\"wp-page\" data-elementor-id=\"121\" class=\"elementor elementor-121\" data-elementor-post-type=\"page\">\n\t\t\t\t<div class=\"elementor-element elementor-element-cb21c9b e-flex e-con-boxed e-con e-parent\" data-id=\"cb21c9b\" data-element_type=\"container\">\n\t\t\t\t\t<div class=\"e-con-inner\">\n\t\t\t\t<div class=\"elementor-element elementor-element-7db9d58 elementor-widget elementor-widget-atlantic_our_advice_detail_widget\" data-id=\"7db9d58\" data-element_type=\"widget\" data-widget_type=\"atlantic_our_advice_detail_widget.default\">\n\t\t\t\t<div class=\"elementor-widget-container\">\n\t\t\t\t\t    <div class=\"ezlandingpage-field\">\n        <div class=\"container container-big landing-page__zones\">\n            <div class=\"row\">\n                <div class=\"col-12\">\n                    <div class=\"header-section header-section--xl\">\n                        <h1 class=\"section-title\">B\u1ea3o tr\u00ec b\u00ecnh n\u01b0\u1edbc n\u00f3ng c\u1ee7a b\u1ea1n<\/h1>\n                    <\/div>\n                <\/div>\n                <div class=\"column-aside col-12 col-md-3\">\n                    <div id=\"scrollspy\" class=\"scrollspy list-unstyled\">\n                        <button class=\"dropdown-toggle\" data-bs-toggle=\"dropdown\" role=\"button\" aria-expanded=\"false\">\n                            <span>B\u1ea3n t\u00f3m t\u1eaft<\/span>\n                            <span class=\"atlicon atlicon-angle-down\"><\/span>\n                        <\/button>\n                        <div class=\"dropdown-menu\">\n                            <ul class=\"scrollspy--list list-unstyled js-summary-list-data\">\n                                                            <\/ul>\n                        <\/div>\n                    <\/div>\n                <\/div>\n                <div class=\"col-12 col-md-9\">\n                    <div class=\"scrollspy-content\">\n                        <div class=\"wysiwyg js-summary-source\">\n                            <div class=\"ezrichtext-field\">\n                                <div class=\"block-richtext\"><p><strong>T\u0103ng tu\u1ed5i th\u1ecd cho b\u00ecnh n\u01b0\u1edbc n\u00f3ng v\u00e0 ti\u1ebft ki\u1ec7m n\u0103ng l\u01b0\u1ee3ng!<\/strong><\/p><p>Vi\u1ec7c b\u1ea3o tr\u00ec b\u00ecnh n\u01b0\u1edbc n\u00f3ng \u0111i\u1ec7n c\u00f3 th\u1ec3 th\u1ef1c hi\u1ec7n \u0111\u01b0\u1ee3c b\u1edfi m\u1ecdi ng\u01b0\u1eddi n\u1ebfu tu\u00e2n th\u1ee7 \u0111\u00fang h\u01b0\u1edbng d\u1eabn c\u1ee7a nh\u00e0 s\u1ea3n xu\u1ea5t. Tuy nhi\u00ean, b\u1ea1n c\u00f3 th\u1ec3 y\u00eau c\u1ea7u ng\u01b0\u1eddi l\u1eafp \u0111\u1eb7t cung c\u1ea5p h\u1ee3p \u0111\u1ed3ng b\u1ea3o tr\u00ec \u0111\u1ecbnh k\u1ef3 hai n\u0103m n\u1ebfu c\u00f3 th\u1ec3. \u0110i\u1ec1u n\u00e0y \u0111\u1eb7c bi\u1ec7t \u0111\u01b0\u1ee3c khuy\u1ebfn kh\u00edch \u0111\u1ed1i v\u1edbi b\u00ecnh n\u01b0\u1edbc n\u00f3ng nhi\u1ec7t \u0111\u1ed9ng h\u1ecdc v\u00e0 n\u0103ng l\u01b0\u1ee3ng m\u1eb7t tr\u1eddi.<\/p><h3><strong>B\u1ea3o tr\u00ec \u0111\u1ecbnh k\u1ef3 g\u1ed3m ba b\u01b0\u1edbc c\u01a1 b\u1ea3n<\/strong><\/h3><p>D\u00f9 l\u00e0 lo\u1ea1i c\u00f4ng ngh\u1ec7 n\u00e0o, ba c\u00f4ng vi\u1ec7c ph\u1ea3i \u0111\u01b0\u1ee3c th\u1ef1c hi\u1ec7n th\u01b0\u1eddng xuy\u00ean:<\/p><ol><li>V\u1eadn h\u00e0nh c\u1ea7n g\u1ea1t c\u1ee7a van x\u1ea3 \u00e1p \u0111\u1ec3 x\u1ea3 n\u01b0\u1edbc: \u0110i\u1ec1u n\u00e0y gi\u00fap tr\u00e1nh t\u00ecnh tr\u1ea1ng k\u1eb9t van do c\u1eb7n v\u00f4i. L\u00fd t\u01b0\u1edfng nh\u1ea5t l\u00e0 th\u1ef1c hi\u1ec7n m\u1ed7i th\u00e1ng m\u1ed9t l\u1ea7n.<\/li><li>X\u1ea3 b\u00ecnh n\u01b0\u1edbc n\u00f3ng (ho\u1eb7c nh\u1edd chuy\u00ean gia l\u00e0m \u0111i\u1ec1u n\u00e0y) \u00edt nh\u1ea5t hai n\u0103m m\u1ed9t l\u1ea7n \u0111\u1ed1i v\u1edbi khu v\u1ef1c c\u00f3 n\u01b0\u1edbc c\u1ee9ng. \u0110i\u1ec1u n\u00e0y gi\u00fap lo\u1ea1i b\u1ecf c\u00e1c c\u1eb7n b\u00e1m tr\u00ean thanh \u0111\u1ed1t. L\u01b0u \u00fd: th\u1ef1c hi\u1ec7n b\u1eb1ng tay m\u00e0 kh\u00f4ng d\u00f9ng ch\u1ea5t t\u1ea9y r\u1eeda hay h\u00f3a ch\u1ea5t. \u0110\u1eebng qu\u00ean thay v\u00f2ng \u0111\u1ec7m cao su khi l\u1eafp l\u1ea1i.<\/li><li>Ki\u1ec3m tra c\u00e1c k\u1ebft n\u1ed1i \u0111i\u1ec7n, t\u00ecnh tr\u1ea1ng c\u1ee7a d\u00e2y \u0111i\u1ec7n, c\u00e1c b\u1ed9 \u0111i\u1ec1u ch\u1ec9nh nhi\u1ec7t \u0111\u1ed9 v\u00e0 c\u00e1c thi\u1ebft b\u1ecb \u0111i\u1ec1u ch\u1ec9nh kh\u00e1c.<\/li><\/ol><h3><strong>\u0110\u1ed1i v\u1edbi b\u01a1m nhi\u1ec7t v\u00e0 m\u00e1y n\u0103ng l\u01b0\u1ee3ng m\u1eb7t tr\u1eddi:<\/strong><\/h3><p>\u0110\u1ed1i v\u1edbi m\u00e1y n\u01b0\u1edbc n\u00f3ng nhi\u1ec7t \u0111\u1ed9ng h\u1ecdc, v\u1ec7 sinh b\u1ed9 l\u1ecdc:\nTh\u00eam v\u00e0o quy tr\u00ecnh b\u1ea3o d\u01b0\u1ee1ng vi\u1ec7c l\u00e0m s\u1ea1ch b\u1ed9 l\u1ecdc \u00edt nh\u1ea5t m\u1ed9t l\u1ea7n m\u1ed7i n\u0103m. C\u1ea7n l\u01b0u \u00fd: ch\u1ee9ng ch\u1ec9 v\u1ec1 l\u1ea1nh l\u00e0 y\u00eau c\u1ea7u \u0111\u1ec3 ki\u1ec3m tra \u0111\u1ed9 k\u00edn c\u1ee7a m\u1ea1ch ch\u1ee9a ch\u1ea5t l\u00e0m l\u1ea1nh (c\u1ea7n thi\u1ebft cho m\u00e1y b\u01a1m nhi\u1ec7t ho\u1ea1t \u0111\u1ed9ng).\n\n\u0110\u1ed1i v\u1edbi m\u00e1y n\u01b0\u1edbc n\u00f3ng n\u0103ng l\u01b0\u1ee3ng m\u1eb7t tr\u1eddi, ki\u1ec3m tra \u0111\u1ed9 s\u1ea1ch c\u1ee7a c\u00e1c t\u1ea5m thu n\u0103ng l\u01b0\u1ee3ng m\u1eb7t tr\u1eddi:\nKi\u1ec3m tra \u0111\u1ecbnh k\u1ef3 \u0111\u1ed9 s\u1ea1ch c\u1ee7a c\u00e1c t\u1ea5m thu n\u0103ng l\u01b0\u1ee3ng m\u1eb7t tr\u1eddi l\u1eafp tr\u00ean m\u00e1i nh\u00e0. Th\u00f4ng th\u01b0\u1eddng, kh\u00f4ng c\u1ea7n can thi\u1ec7p, v\u00ec m\u01b0a s\u1ebd t\u1ef1 r\u1eeda s\u1ea1ch b\u1ee5i v\u00e0 c\u00e1c ch\u1ea5t b\u1ea9n kh\u00e1c.<\/p><\/div>                            <\/div>\n                        <\/div>\n                    <\/div>\n                <\/div>\n            <\/div>\n        <\/div>\n        <aside class=\"landing-page__zone landing-page__zone--3261\" data-ibexa-zone-id=\"3261\"><\/aside>\n    <\/div>\n\n\t\t<script>\n    document.addEventListener('DOMContentLoaded', function () {\n        const links = document.querySelectorAll('.js-summary-list-data a');\n        const sections = Array.from(document.querySelectorAll('.scrollspy-content h2'));\n\n        function activateLink(id) {\n            document.querySelectorAll('.scrollspy--item').forEach(li => li.classList.remove('active'));\n            const activeItem = document.querySelector('.scrollspy--item a[href=\"#' + id + '\"]');\n            if (activeItem && activeItem.parentElement) {\n                activeItem.parentElement.classList.add('active');\n            }\n        }\n\n        window.addEventListener('scroll', function () {\n            let currentId = '';\n            sections.forEach((section) => {\n                const rect = section.getBoundingClientRect();\n                if (rect.top < 150) {\n                    currentId = section.id;\n                }\n            });\n            if (currentId) activateLink(currentId);\n        });\n\n        links.forEach(link => {\n            link.addEventListener('click', function (e) {\n                e.preventDefault();\n                const target = document.querySelector(this.getAttribute('href'));\n                if (target) {\n                    window.scrollTo({ top: target.offsetTop - 100, behavior: 'smooth' });\n                }\n            });\n        });\n    });\n    <\/script>\n\n        \t\t\t\t<\/div>\n\t\t\t\t<\/div>\n\t\t\t\t\t<\/div>\n\t\t\t\t<\/div>\n\t\t\t\t<\/div>","protected":false},"excerpt":{"rendered":"<p>Maintaining your water heater Summary Increasing your water heater&#8217;s service life and providing energy savings! The maintenance of an electric water heater is within everyone&#8217;s reach providing you follow the manufacturer&#8217;s guidelines. However, you are free to ask your installer for a biennial maintenance contract if possible. It is highly recommended for thermodynamic and solar [&hellip;]<\/p>","protected":false},"author":1,"featured_media":2218,"parent":1954,"menu_order":3,"comment_status":"closed","ping_status":"closed","template":"","meta":{"inline_featured_image":false,"footnotes":""},"class_list":["post-121","page","type-page","status-publish","has-post-thumbnail","hentry"],"_links":{"self":[{"href":"https:\/\/atlantic-comfort.vn\/vn\/wp-json\/wp\/v2\/pages\/121","targetHints":{"allow":["GET"]}}],"collection":[{"href":"https:\/\/atlantic-comfort.vn\/vn\/wp-json\/wp\/v2\/pages"}],"about":[{"href":"https:\/\/atlantic-comfort.vn\/vn\/wp-json\/wp\/v2\/types\/page"}],"author":[{"embeddable":true,"href":"https:\/\/atlantic-comfort.vn\/vn\/wp-json\/wp\/v2\/users\/1"}],"replies":[{"embeddable":true,"href":"https:\/\/atlantic-comfort.vn\/vn\/wp-json\/wp\/v2\/comments?post=121"}],"version-history":[{"count":0,"href":"https:\/\/atlantic-comfort.vn\/vn\/wp-json\/wp\/v2\/pages\/121\/revisions"}],"up":[{"embeddable":true,"href":"https:\/\/atlantic-comfort.vn\/vn\/wp-json\/wp\/v2\/pages\/1954"}],"wp:featuredmedia":[{"embeddable":true,"href":"https:\/\/atlantic-comfort.vn\/vn\/wp-json\/wp\/v2\/media\/2218"}],"wp:attachment":[{"href":"https:\/\/atlantic-comfort.vn\/vn\/wp-json\/wp\/v2\/media?parent=121"}],"curies":[{"name":"wp","href":"https:\/\/api.w.org\/{rel}","templated":true}]}}