{"id":115,"date":"2024-07-25T00:56:14","date_gmt":"2024-07-25T00:56:14","guid":{"rendered":"https:\/\/atlantic.wamvietnam.com\/?page_id=115"},"modified":"2025-04-24T11:14:17","modified_gmt":"2025-04-24T04:14:17","slug":"how-to-choose-your-heat-pump","status":"publish","type":"page","link":"https:\/\/atlantic-comfort.vn\/vn\/how-to-choose-your-heat-pump\/","title":{"rendered":"C\u00e1ch l\u1ef1a ch\u1ecdn m\u00e1y b\u01a1m nhi\u1ec7t ph\u00f9 h\u1ee3p"},"content":{"rendered":"<div data-elementor-type=\"wp-page\" data-elementor-id=\"115\" class=\"elementor elementor-115\" data-elementor-post-type=\"page\">\n\t\t\t\t<div class=\"elementor-element elementor-element-6315167 e-con-full e-flex e-con e-parent\" data-id=\"6315167\" data-element_type=\"container\">\n\t\t\t\t<div class=\"elementor-element elementor-element-286f60e elementor-widget elementor-widget-atlantic_title_banner\" data-id=\"286f60e\" data-element_type=\"widget\" data-widget_type=\"atlantic_title_banner.default\">\n\t\t\t\t<div class=\"elementor-widget-container\">\n\t\t\t\t\t\n        <div class=\"banner-range bg-light\">\n            <div class=\"container\">\n                <div class=\"row\">\n                    <div class=\"col-md-9\">\n                        <div class=\"header-section header-section--xl\">\n                            <h1 class=\"section-title\">C\u00e1ch l\u1ef1a ch\u1ecdn m\u00e1y b\u01a1m nhi\u1ec7t ph\u00f9 h\u1ee3p<\/h1>\n                            <p class=\"section-title-desc\">D\u00f9 b\u1ea1n \u0111ang th\u1ef1c hi\u1ec7n m\u1ed9t d\u1ef1 \u00e1n x\u00e2y m\u1edbi hay c\u1ea3i t\u1ea1o, cho m\u1ee5c \u0111\u00edch s\u01b0\u1edfi \u1ea5m kh\u00f4ng gian ho\u1eb7c s\u1ea3n xu\u1ea5t n\u01b0\u1edbc n\u00f3ng sinh ho\u1ea1t, h\u00e3y tham kh\u1ea3o nh\u1eefng g\u1ee3i \u00fd d\u01b0\u1edbi \u0111\u00e2y \u0111\u1ec3 l\u1ef1a ch\u1ecdn \u0111\u01b0\u1ee3c d\u00f2ng m\u00e1y b\u01a1m nhi\u1ec7t ph\u00f9 h\u1ee3p v\u1edbi nhu c\u1ea7u s\u1eed d\u1ee5ng th\u1ef1c t\u1ebf c\u1ee7a b\u1ea1n.<\/p>\n                        <\/div>\n                        <div class=\"banner-range__text\"><\/div>\n                    <\/div>\n                    <div class=\"col-md-3 d-none d-md-block\">\n                        <div class=\"banner-range__img\">\n                            <picture class=\"ezimage-field img-fluid\">\n                                <source srcset=\"https:\/\/atlantic-comfort.vn\/wp-content\/uploads\/2025\/04\/dcadb01c1cdf-PAGE_34_iStock-641279790.png, https:\/\/atlantic-comfort.vn\/wp-content\/uploads\/2025\/04\/dcadb01c1cdf-PAGE_34_iStock-641279790.png 2x\" class=\"enhancedimage--img--lazyload enhancedimage--focused-img\" data-focus-x=\"0\" data-focus-y=\"-0\" data-width=\"332\" data-height=\"310\" width=\"332\" height=\"310\" data-variation=\"summary_guide\" media=\"(min-width: 576px)\" type=\"image\/png\">\n                                <img loading=\"lazy\" decoding=\"async\" src=\"https:\/\/atlantic-comfort.vn\/wp-content\/uploads\/2025\/04\/dcadb01c1cdf-PAGE_34_iStock-641279790.png\" alt=\"\" class=\"enhancedimage--img enhancedimage--img--lazyload enhancedimage--focused-img\" srcset=\"https:\/\/atlantic-comfort.vn\/wp-content\/uploads\/2025\/04\/dcadb01c1cdf-PAGE_34_iStock-641279790.png, https:\/\/atlantic-comfort.vn\/wp-content\/uploads\/2025\/04\/dcadb01c1cdf-PAGE_34_iStock-641279790.png 2x\" data-focus-x=\"0\" data-focus-y=\"-0\" data-width=\"332\" data-height=\"310\" width=\"332\" height=\"310\" data-variation=\"summary_guide\" type=\"image\/png\">\n                            <\/picture>\n                        <\/div>\n                    <\/div>\n                <\/div>\n            <\/div>\n        <\/div>\n\n        \t\t\t\t<\/div>\n\t\t\t\t<\/div>\n\t\t\t\t<\/div>\n\t\t<div class=\"elementor-element elementor-element-ddd4637 e-flex e-con-boxed e-con e-parent\" data-id=\"ddd4637\" data-element_type=\"container\">\n\t\t\t\t\t<div class=\"e-con-inner\">\n\t\t\t\t<div class=\"elementor-element elementor-element-04cd386 elementor-widget elementor-widget-atlantic_our_advice\" data-id=\"04cd386\" data-element_type=\"widget\" data-widget_type=\"atlantic_our_advice.default\">\n\t\t\t\t<div class=\"elementor-widget-container\">\n\t\t\t\t\t\n        <div class=\"landing-section range-section\">\n            <div class=\"container\">\n                <ul class=\"advice-card__list row list-unstyled\">\n                                            <li class=\"col-12 col-sm-6 col-lg-4\">\n                            <div class=\"advice-card atl-rounded\">\n                                <div class=\"advice-card__image atl-rounded\">\n                                    <picture class=\"ezimage-field\">\n                                        <source srcset=\"https:\/\/atlantic-comfort.vn\/wp-content\/uploads\/2025\/04\/910970712048-shutterstock_394279750.png, https:\/\/atlantic-comfort.vn\/wp-content\/uploads\/2025\/04\/910970712048-shutterstock_394279750.png 2x\" class=\"enhancedimage--img--lazyload enhancedimage--focused-img\" data-focus-x=\"0\" data-focus-y=\"-0\" data-width=\"432\" data-height=\"243\" width=\"432\" height=\"243\" data-variation=\"summary_guide_cards\" media=\"(min-width: 576px)\" type=\"image\/png\">\n                                            <source srcset=\"https:\/\/atlantic-comfort.vn\/wp-content\/uploads\/2025\/04\/910970712048-shutterstock_394279750.png, https:\/\/atlantic-comfort.vn\/wp-content\/uploads\/2025\/04\/910970712048-shutterstock_394279750.png 2x\" class=\"enhancedimage--img--lazyload enhancedimage--focused-img\" data-focus-x=\"0\" data-focus-y=\"-0\" data-width=\"432\" data-height=\"243\" width=\"432\" height=\"243\" data-variation=\"summary_guide_cards_mobile\" media=\"(min-width: 0)\" type=\"image\/png\">\n                                                <a href=\"\/vn\/how-to-choose-your-heat-pump\/aerothermal-heating-systems\/\" title=\"H\u1ec7 th\u1ed1ng s\u01b0\u1edfi kh\u00ed nhi\u1ec7t\" target=\"_self\">\n                                                    <img loading=\"lazy\" decoding=\"async\" src=\"https:\/\/atlantic-comfort.vn\/wp-content\/uploads\/2025\/04\/910970712048-shutterstock_394279750.png\" alt=\"\" class=\"enhancedimage--img img-fluid enhancedimage--img--lazyload enhancedimage--focused-img\" srcset=\"https:\/\/atlantic-comfort.vn\/wp-content\/uploads\/2025\/04\/910970712048-shutterstock_394279750.png, https:\/\/atlantic-comfort.vn\/wp-content\/uploads\/2025\/04\/910970712048-shutterstock_394279750.png 2x\" data-focus-x=\"0\" data-focus-y=\"-0\" data-width=\"432\" data-height=\"243\" width=\"432\" height=\"243\" data-variation=\"summary_guide_cards\" type=\"image\/png\">\n                                                <\/a>\n                                    <\/picture>\n                                <\/div>\n                                <div class=\"advice-card__body small-pb\">\n                                    <h2 class=\"advice-card__title\">\n                                        <a href=\"\/vn\/how-to-choose-your-heat-pump\/aerothermal-heating-systems\/\">H\u1ec7 th\u1ed1ng s\u01b0\u1edfi kh\u00ed nhi\u1ec7t<\/a>\n                                    <\/h2>\n                                    <p class=\"badge advice-card__badge\">01\/01\/2025<\/p>\n                                <\/div>\n                            <\/div>\n                        <\/li>\n                                            <li class=\"col-12 col-sm-6 col-lg-4\">\n                            <div class=\"advice-card atl-rounded\">\n                                <div class=\"advice-card__image atl-rounded\">\n                                    <picture class=\"ezimage-field\">\n                                        <source srcset=\"https:\/\/atlantic-comfort.vn\/wp-content\/uploads\/2025\/04\/9aa7d554d605-PAGE_42_iStock-537706754.png, https:\/\/atlantic-comfort.vn\/wp-content\/uploads\/2025\/04\/9aa7d554d605-PAGE_42_iStock-537706754.png 2x\" class=\"enhancedimage--img--lazyload enhancedimage--focused-img\" data-focus-x=\"0\" data-focus-y=\"-0\" data-width=\"432\" data-height=\"243\" width=\"432\" height=\"243\" data-variation=\"summary_guide_cards\" media=\"(min-width: 576px)\" type=\"image\/png\">\n                                            <source srcset=\"https:\/\/atlantic-comfort.vn\/wp-content\/uploads\/2025\/04\/9aa7d554d605-PAGE_42_iStock-537706754.png, https:\/\/atlantic-comfort.vn\/wp-content\/uploads\/2025\/04\/9aa7d554d605-PAGE_42_iStock-537706754.png 2x\" class=\"enhancedimage--img--lazyload enhancedimage--focused-img\" data-focus-x=\"0\" data-focus-y=\"-0\" data-width=\"432\" data-height=\"243\" width=\"432\" height=\"243\" data-variation=\"summary_guide_cards_mobile\" media=\"(min-width: 0)\" type=\"image\/png\">\n                                                <a href=\"\/vn\/how-to-choose-your-heat-pump\/how-to-choose-your-heat-pump\/\" title=\"C\u00e1ch l\u1ef1a ch\u1ecdn m\u00e1y b\u01a1m nhi\u1ec7t ph\u00f9 h\u1ee3p\" target=\"_self\">\n                                                    <img loading=\"lazy\" decoding=\"async\" src=\"https:\/\/atlantic-comfort.vn\/wp-content\/uploads\/2025\/04\/9aa7d554d605-PAGE_42_iStock-537706754.png\" alt=\"\" class=\"enhancedimage--img img-fluid enhancedimage--img--lazyload enhancedimage--focused-img\" srcset=\"https:\/\/atlantic-comfort.vn\/wp-content\/uploads\/2025\/04\/9aa7d554d605-PAGE_42_iStock-537706754.png, https:\/\/atlantic-comfort.vn\/wp-content\/uploads\/2025\/04\/9aa7d554d605-PAGE_42_iStock-537706754.png 2x\" data-focus-x=\"0\" data-focus-y=\"-0\" data-width=\"432\" data-height=\"243\" width=\"432\" height=\"243\" data-variation=\"summary_guide_cards\" type=\"image\/png\">\n                                                <\/a>\n                                    <\/picture>\n                                <\/div>\n                                <div class=\"advice-card__body small-pb\">\n                                    <h2 class=\"advice-card__title\">\n                                        <a href=\"\/vn\/how-to-choose-your-heat-pump\/how-to-choose-your-heat-pump\/\">C\u00e1ch l\u1ef1a ch\u1ecdn m\u00e1y b\u01a1m nhi\u1ec7t ph\u00f9 h\u1ee3p<\/a>\n                                    <\/h2>\n                                    <p class=\"badge advice-card__badge\">01\/01\/2025<\/p>\n                                <\/div>\n                            <\/div>\n                        <\/li>\n                                    <\/ul>\n            <\/div>\n        <\/div>\n\n        \t\t\t\t<\/div>\n\t\t\t\t<\/div>\n\t\t\t\t\t<\/div>\n\t\t\t\t<\/div>\n\t\t\t\t<\/div>","protected":false},"excerpt":{"rendered":"<p>How to choose your heat pump Find here our tips to choose the heat pump suited to your needs, weather it involves a new build project or a renovation, for your heating system and domestic hot water production. Aerothermal heating systems 01\/01\/2025 How to choose your heat pump 01\/01\/2025<\/p>","protected":false},"author":1,"featured_media":0,"parent":0,"menu_order":10,"comment_status":"closed","ping_status":"closed","template":"","meta":{"inline_featured_image":false,"footnotes":""},"class_list":["post-115","page","type-page","status-publish","hentry"],"_links":{"self":[{"href":"https:\/\/atlantic-comfort.vn\/vn\/wp-json\/wp\/v2\/pages\/115","targetHints":{"allow":["GET"]}}],"collection":[{"href":"https:\/\/atlantic-comfort.vn\/vn\/wp-json\/wp\/v2\/pages"}],"about":[{"href":"https:\/\/atlantic-comfort.vn\/vn\/wp-json\/wp\/v2\/types\/page"}],"author":[{"embeddable":true,"href":"https:\/\/atlantic-comfort.vn\/vn\/wp-json\/wp\/v2\/users\/1"}],"replies":[{"embeddable":true,"href":"https:\/\/atlantic-comfort.vn\/vn\/wp-json\/wp\/v2\/comments?post=115"}],"version-history":[{"count":0,"href":"https:\/\/atlantic-comfort.vn\/vn\/wp-json\/wp\/v2\/pages\/115\/revisions"}],"wp:attachment":[{"href":"https:\/\/atlantic-comfort.vn\/vn\/wp-json\/wp\/v2\/media?parent=115"}],"curies":[{"name":"wp","href":"https:\/\/api.w.org\/{rel}","templated":true}]}}