{"id":11302,"date":"2025-09-20T15:32:29","date_gmt":"2025-09-20T08:32:29","guid":{"rendered":"https:\/\/atlantic-comfort-vn.wamstore.com\/?page_id=11302"},"modified":"2025-09-24T15:40:52","modified_gmt":"2025-09-24T08:40:52","slug":"opro-turbo-hz","status":"publish","type":"page","link":"https:\/\/atlantic-comfort.vn\/vn\/heat-pump\/opro-turbo-hz\/","title":{"rendered":"O&#039;Pro Turbo HZ"},"content":{"rendered":"<div data-elementor-type=\"wp-page\" data-elementor-id=\"11302\" class=\"elementor elementor-11302\" data-elementor-post-type=\"page\">\n\t\t\t\t<div class=\"elementor-element elementor-element-07be4f9 e-con-full e-flex e-con e-parent\" data-id=\"07be4f9\" data-element_type=\"container\">\n\t\t\t\t<div class=\"elementor-element elementor-element-1c783ed elementor-widget elementor-widget-atlantic_product_menu_sticky\" data-id=\"1c783ed\" data-element_type=\"widget\" data-widget_type=\"atlantic_product_menu_sticky.default\">\n\t\t\t\t<div class=\"elementor-widget-container\">\n\t\t\t\t\t        <nav class=\"product-navigation sticky-block d-none d-lg-block\">\n            <div class=\"container\">\n                <div class=\"sticky-block-wrapper\">\n                    <div class=\"sticky-block-title\">\n                        <p class=\"title\">O&#039;Pro Turbo HZ<\/p>\n                    <\/div>\n                    <ul class=\"nav nav-menu\">\n                                                    <li class=\"nav-item\">\n                                <a href=\"#charAnchor\">Th\u00f4ng s\u1ed1<\/a>\n                            <\/li>\n                                                    <li class=\"nav-item\">\n                                <a href=\"#descriptionAnchor\">M\u00f4 t\u1ea3<\/a>\n                            <\/li>\n                                                    <li class=\"nav-item\">\n                                <a href=\"#notesAnchor\">H\u01b0\u1edbng d\u1eabn<\/a>\n                            <\/li>\n                                                    <li class=\"nav-item\">\n                                <a href=\"#questionsAnchor\">Tr\u1ee3 gi\u00fap<\/a>\n                            <\/li>\n                                            <\/ul>\n                    <a href=\"\/vn\/contact-us\/\" class=\"btn btn-primary\">\n                        <span class=\"atlicon atlicon-file\" aria-hidden=\"true\"><\/span>\n                        <span class=\"text\">Li\u00ean h\u1ec7 v\u1edbi ch\u00fang t\u00f4i<\/span>\n                    <\/a>\n                <\/div>\n            <\/div>\n        <\/nav>\n        \t\t\t\t<\/div>\n\t\t\t\t<\/div>\n\t\t\t\t<\/div>\n\t\t<div class=\"elementor-element elementor-element-bcfb9bf e-flex e-con-boxed e-con e-parent\" data-id=\"bcfb9bf\" data-element_type=\"container\">\n\t\t\t\t\t<div class=\"e-con-inner\">\n\t\t\t\t<div class=\"elementor-element elementor-element-986e851 elementor-widget elementor-widget-atlantic_product_intro\" data-id=\"986e851\" data-element_type=\"widget\" data-widget_type=\"atlantic_product_intro.default\">\n\t\t\t\t<div class=\"elementor-widget-container\">\n\t\t\t\t\t        <div id=\"atlantic-product-intro\" class=\"landing-section product-media-section\">\n            <div class=\"container\">\n                <div class=\"row flex-column-reverse flex-md-row-reverse\">\n                    <div class=\"col-md-6 d-flex flex-column d-md-block\">\n                        <div class=\"header-section d-none d-md-block\">\n                                                            <h1 class=\"section-title\">Atlantic O&#039;Pro Turbo HZ<\/h1>\n                                                                                        <p class=\"section-title-desc\">Khi c\u00f4ng ngh\u1ec7 Ph\u00e1p ch\u1ea1m \u0111\u1ebfn ti\u1ec7n nghi gia \u0111\u00ecnh<\/p>\n                                                    <\/div>\n                        <div class=\"benefits-product\">\n                                                            <p class=\"like-title\">Nh\u1eefng l\u1ee3i \u00edch c\u1ee7a Atlantic O&#039;Pro Turbo HZ<\/p>\n                                <ul>\n                                                                                                                    <li>Kh\u00f4ng ch\u1ec9 l\u00e0 ngu\u1ed3n n\u01b0\u1edbc n\u00f3ng, \u0111\u00f3 l\u00e0 s\u1ef1 kh\u1edfi \u0111\u1ea7u cho nh\u1eefng ph\u00fat gi\u00e2y th\u01b0 gi\u00e3n tr\u1ecdn v\u1eb9n. Atlantic O\u2019Pro Turbo HZ mang l\u1ea1i d\u00f2ng n\u01b0\u1edbc \u1ea5m t\u1ee9c th\u00ec, \u0111\u1ec3 b\u1ea1n kh\u00f4ng ph\u1ea3i ch\u1edd \u0111\u1ee3i. L\u1edbp c\u00e1ch nhi\u1ec7t d\u00e0y gi\u1eef h\u01a1i \u1ea5m l\u00e2u, ti\u1ebft ki\u1ec7m \u0111i\u1ec7n n\u0103ng cho c\u1ea3 nh\u00e0. V\u1edbi c\u00f4ng ngh\u1ec7 O\u2019Pro \u0111\u1ed9c quy\u1ec1n ch\u1ed1ng \u0103n m\u00f2n, gi\u00fap l\u00f2ng b\u00ecnh b\u1ec1n b\u1ec9 theo n\u0103m th\u00e1ng. V\u00e0 h\u01a1n h\u1ebft, h\u1ec7 th\u1ed1ng an to\u00e0n to\u00e0n di\u1ec7n mang \u0111\u1ebfn s\u1ef1 y\u00ean t\u00e2m tuy\u1ec7t \u0111\u1ed1i. Atlantic O\u2019Pro Turbo HZ kh\u00f4ng ch\u1ec9 \u0111\u01a1n thu\u1ea7n l\u00e0 m\u1ed9t chi\u1ebfc b\u00ecnh n\u00f3ng l\u1ea1nh m\u00e0 l\u00e0 chu\u1ea9n m\u1ef1c m\u1edbi c\u1ee7a m\u1ed9t phong c\u00e1ch s\u1ed1ng hi\u1ec7n \u0111\u1ea1i, an to\u00e0n v\u00e0 tinh t\u1ebf.<\/li>\n                                                                    <\/ul>\n                                                    <\/div>\n                        <a href=\"\/vn\/contact-us\/\" class=\"btn btn-primary\">\n                            <span class=\"atlicon atlicon-file\" aria-hidden=\"true\"><\/span>\n                            <span class=\"text\">Li\u00ean h\u1ec7 v\u1edbi ch\u00fang t\u00f4i<\/span>\n                        <\/a>\n                    <\/div>\n                    <div class=\"col-md-6\">\n                                                    <div class=\"product-slider js-product-slider\" id=\"my-gallery\">\n                                <div class=\"slider-single-wrapper\">\n                                    <div class=\"slider slider-single\">\n                                                                                    <div class=\"slider-item atl-rounded\">\n                                                <a href=\"https:\/\/atlantic-comfort.vn\/wp-content\/uploads\/2025\/09\/OPro-Turbo-HZ-Ambiance.jpg\" data-elementor-open-lightbox=\"yes\" data-elementor-lightbox-slideshow=\"product-gallery\" class=\"image__full-width\" title=\"Ph\u00f3ng to h\u00ecnh \u1ea3nh\">\n                                                    <button class=\"slick-zoom\">\n                                                        <span class=\"atlicon atlicon-search-plus\" aria-hidden=\"true\"><\/span>\n                                                        <span class=\"slick-sr-only\">Ph\u00f3ng<\/span>\n                                                    <\/button>\n                                                    <img decoding=\"async\" src=\"https:\/\/atlantic-comfort.vn\/wp-content\/uploads\/2025\/09\/OPro-Turbo-HZ-Ambiance.jpg\" loading=\"lazy\" alt=\"Atlantic O&#039;Pro Turbo HZ\" \/>\n                                                <\/a>\n                                            <\/div>\n                                                                                    <div class=\"slider-item atl-rounded\">\n                                                <a href=\"https:\/\/atlantic-comfort.vn\/wp-content\/uploads\/2025\/09\/OPro-Turbo-HZ-Ambiance-2.jpg\" data-elementor-open-lightbox=\"yes\" data-elementor-lightbox-slideshow=\"product-gallery\" class=\"image__full-width\" title=\"Ph\u00f3ng to h\u00ecnh \u1ea3nh\">\n                                                    <button class=\"slick-zoom\">\n                                                        <span class=\"atlicon atlicon-search-plus\" aria-hidden=\"true\"><\/span>\n                                                        <span class=\"slick-sr-only\">Ph\u00f3ng<\/span>\n                                                    <\/button>\n                                                    <img decoding=\"async\" src=\"https:\/\/atlantic-comfort.vn\/wp-content\/uploads\/2025\/09\/OPro-Turbo-HZ-Ambiance-2.jpg\" loading=\"lazy\" alt=\"Atlantic O&#039;Pro Turbo HZ\" \/>\n                                                <\/a>\n                                            <\/div>\n                                                                            <\/div>\n                                <\/div>\n                                <div class=\"slider slider-nav\">\n                                                                            <div class=\"slider-item\">\n                                            <img decoding=\"async\" src=\"https:\/\/atlantic-comfort.vn\/wp-content\/uploads\/2025\/09\/OPro-Turbo-HZ-Ambiance.jpg\" alt=\"Atlantic O&#039;Pro Turbo HZ\" class=\"image-thumbnail\"\/>\n                                        <\/div>\n                                                                            <div class=\"slider-item\">\n                                            <img decoding=\"async\" src=\"https:\/\/atlantic-comfort.vn\/wp-content\/uploads\/2025\/09\/OPro-Turbo-HZ-Ambiance-2.jpg\" alt=\"Atlantic O&#039;Pro Turbo HZ\" class=\"image-thumbnail\"\/>\n                                        <\/div>\n                                                                    <\/div>\n                                <div class=\"slick-counter\"><strong>1-2<\/strong>\/2<\/div>\n                            <\/div>\n                                            <\/div>\n                <\/div>\n            <\/div>\n        <\/div>\n        \t\t\t\t<\/div>\n\t\t\t\t<\/div>\n\t\t\t\t\t<\/div>\n\t\t\t\t<\/div>\n\t\t<div class=\"elementor-element elementor-element-5487c50 e-con-full elementor-hidden-desktop elementor-hidden-tablet elementor-hidden-mobile e-flex e-con e-parent\" data-id=\"5487c50\" data-element_type=\"container\">\n\t\t\t\t<div class=\"elementor-element elementor-element-5444d19 elementor-widget elementor-widget-atlantic_product_icon_info\" data-id=\"5444d19\" data-element_type=\"widget\" data-widget_type=\"atlantic_product_icon_info.default\">\n\t\t\t\t<div class=\"elementor-widget-container\">\n\t\t\t\t\t<div id=\"techAnchor\" class=\"landing-section icons-section bg-light\"><div class=\"container\"><ul class=\"row justify-content-around text-center list-unstyled mb-0\"><li class=\"col-6 col-md col-xl-auto\"><div class=\"col-inner\"><button type=\"button\" class=\"btn d-flex flex-column\" data-bs-toggle=\"popover\" data-bs-placement=\"top\" data-bs-trigger=\"hover focus\" data-bs-content=\"Gulf technical regulation on low voltage electrical equipment and appliance\" data-bs-custom-class=\"icon-popover\"><span class=\"atlicon img-wrapper Gulf technical regulation on low voltage electrical equipment and appliance\" aria-hidden=\"true\"><img decoding=\"async\" src=\"https:\/\/atlantic-comfort.vn\/wp-content\/uploads\/2024\/07\/Gulf_conformity_mark.svg\" alt=\"\"><\/span><p class=\"text\">Quy chu\u1ea9n k\u1ef9 thu\u1eadt v\u00f9ng V\u1ecbnh v\u1ec1 thi\u1ebft b\u1ecb v\u00e0 \u0111\u1ed3 d\u00f9ng \u0111i\u1ec7n h\u1ea1 th\u1ebf<\/p><\/button><\/div><\/li><li class=\"col-6 col-md col-xl-auto\"><div class=\"col-inner\"><button type=\"button\" class=\"btn d-flex flex-column\" data-bs-toggle=\"popover\" data-bs-placement=\"top\" data-bs-trigger=\"hover focus\" data-bs-content=\"O&#039;Pro Technology\" data-bs-custom-class=\"icon-popover\"><span class=\"atlicon img-wrapper O&#039;Pro Technology\" aria-hidden=\"true\"><img decoding=\"async\" src=\"https:\/\/atlantic-comfort.vn\/wp-content\/uploads\/2024\/07\/OPro_technology.svg\" alt=\"\"><\/span><p class=\"text\">C\u00f4ng ngh\u1ec7 O&#039;Pro<\/p><\/button><\/div><\/li><\/ul><\/div><\/div>        <script>\n            document.addEventListener('DOMContentLoaded', function () {\n                var popoverTriggerList = [].slice.call(document.querySelectorAll('[data-bs-toggle=\"popover\"]'));\n                var popoverList = popoverTriggerList.map(function (popoverTriggerEl) {\n                    return new bootstrap.Popover(popoverTriggerEl);\n                });\n            });\n        <\/script>\n        \t\t\t\t<\/div>\n\t\t\t\t<\/div>\n\t\t\t\t<\/div>\n\t\t<div class=\"elementor-element elementor-element-d991098 e-flex e-con-boxed e-con e-parent\" data-id=\"d991098\" data-element_type=\"container\">\n\t\t\t\t\t<div class=\"e-con-inner\">\n\t\t\t\t<div class=\"elementor-element elementor-element-6f580ff elementor-widget elementor-widget-atlantic_product_discover\" data-id=\"6f580ff\" data-element_type=\"widget\" data-widget_type=\"atlantic_product_discover.default\">\n\t\t\t\t<div class=\"elementor-widget-container\">\n\t\t\t\t\t<div class=\"landing-section product-2-cols-section anchor-scroll\" id=\"descriptionAnchor\"><div class=\"container\"><div class=\"row\"><div class=\"col-sm-12 order-1\"><div class=\"header-section header-section--md\"><p class=\"section-title\">\u0110i\u1ec3m n\u1ed5i b\u1eadt<\/p><\/div><\/div><div class=\"col-sm-6 order-3 order-sm-2\"><div class=\"product-2-cols__desc\"><h3>An to\u00e0n<\/h3><ul><li><div class=\"ewa-rteLine\"><strong>Chu\u1ea9n IP 24: <\/strong>Ch\u1ed1ng n\u01b0\u1edbc, c\u00f4n tr\u00f9ng<\/div><\/li><li><strong>C\u1ea3m bi\u1ebfn nhi\u1ec7t: <\/strong>Ng\u0103n qu\u00e1 nhi\u1ec7t<\/li><\/ul><h3>Ti\u1ebft ki\u1ec7m<\/h3><ul><li><div class=\"ewa-rteLine\"><strong>Ti\u1ebft ki\u1ec7m \u0111i\u1ec7n 5 sao: <\/strong>\u0110\u1ea1t chu\u1ea9n n\u0103ng l\u01b0\u1ee3ng qu\u1ed1c gia<\/div><\/li><li><div class=\"ewa-rteLine\"><strong>C\u00e1ch nhi\u1ec7t Polyurethane: <\/strong>Gi\u1eef nhi\u1ec7t l\u00e2u, gi\u1ea3m th\u1ea5t tho\u00e1t<\/div><\/li><li><div class=\"ewa-rteLine\"><strong>\u1ed0ng n\u01b0\u1edbc l\u1ea1nh ngang: <\/strong>Gi\u1ea3m tr\u1ed9n nhi\u1ec7t, t\u1ed1i \u01b0u n\u01b0\u1edbc n\u00f3ng<\/div><\/li><\/ul><h3>Ti\u1ec7n nghi<\/h3><ul><li><div class=\"ewa-rteLine\"><strong>\u0110i\u1ec7n tr\u1edf \u0111\u1ed3ng cao c\u1ea5p: <\/strong>N\u00f3ng nhanh, b\u1ec1n b\u1ec9 (Ai C\u1eadp)<\/div><\/li><li><div class=\"ewa-rteLine\"><strong>\u0110\u00e8n LED: <\/strong>B\u00e1o khi n\u01b0\u1edbc n\u00f3ng<\/div><\/li><li><div class=\"ewa-rteLine\"><strong>M\u1eb7t b\u00edch l\u1edbn: <\/strong>Th\u00e1o l\u1eafp d\u1ec5 d\u00e0ng, ti\u1ebft ki\u1ec7m th\u1eddi gian<\/div><\/li><\/ul><h3>Ch\u1ea5t l\u01b0\u1ee3ng<\/h3><div class=\"ewa-rteLine\"><ul><li><strong>C\u00f4ng ngh\u1ec7 O&#039;Pro:<\/strong> T\u0103ng 50% tu\u1ed5i th\u1ecd l\u00f2ng b\u00ecnh<\/li><li><strong>L\u00f2ng b\u00ecnh th\u00e9p cao c\u1ea5p: <\/strong>B\u1ec1n b\u1ec9 (S\u1ea3n xu\u1ea5t t\u1ea1i Nh\u1eadt B\u1ea3n)<\/li><li><strong>C\u00f4ng ngh\u1ec7 h\u00e0n ch\u1ed3ng m\u00ed: <\/strong>\u0110\u1ed9 b\u1ec1n v\u00e0 k\u00edn kh\u00edt tuy\u1ec7t \u0111\u1ed1i<\/li><li><strong>Tr\u00e1ng men kim c\u01b0\u01a1ng: <\/strong>B\u1ea3o v\u1ec7 v\u00e0 ch\u1ed1ng \u0103n m\u00f2n<\/li><li><strong>Thanh Magie cao c\u1ea5p: <\/strong>Gi\u1ea3m \u0103n m\u00f2n, k\u00e9o d\u00e0i tu\u1ed5i th\u1ecd<\/li><li><strong>Van an to\u00e0n: <\/strong>B\u1ea3o v\u1ec7 \u00e1p su\u1ea5t (S\u1ea3n xu\u1ea5t t\u1ea1i Ch\u00e2u \u00c2u)<\/li><\/ul><\/div><\/div><\/div><div class=\"col-sm-6 order-2\"><div class=\"product-2-cols__img\"><img decoding=\"async\" src=\"https:\/\/atlantic-comfort.vn\/wp-content\/uploads\/2025\/09\/OPro-Turbo-HZ-Ambiance.jpg\" alt=\"\"><\/div><\/div><\/div><\/div><\/div>\t\t\t\t<\/div>\n\t\t\t\t<\/div>\n\t\t\t\t\t<\/div>\n\t\t\t\t<\/div>\n\t\t<div class=\"elementor-element elementor-element-945f6bc e-flex e-con-boxed e-con e-parent\" data-id=\"945f6bc\" data-element_type=\"container\">\n\t\t\t\t\t<div class=\"e-con-inner\">\n\t\t\t\t<div class=\"elementor-element elementor-element-60e749d elementor-widget elementor-widget-atlantic_product_model\" data-id=\"60e749d\" data-element_type=\"widget\" data-widget_type=\"atlantic_product_model.default\">\n\t\t\t\t<div class=\"elementor-widget-container\">\n\t\t\t\t\t<div class=\"landing-section models-product-section anchor-scroll\" id=\"charAnchor\">  <div class=\"container\">    <div class=\"header-section header-section--md\">      <p class=\"section-title\">Th\u00f4ng s\u1ed1 &amp; m\u1eabu m\u00e3<\/p>    <\/div>    <div class=\"row models-product-wrapper models-product-table\"><table class=\"models-table table\"><thead><tr><th>Th\u00f4ng s\u1ed1 k\u1ef9 thu\u1eadt<\/th><th>\u0110\u01a1n v\u1ecb<\/th><th>50L<\/th><th>80L<\/th><th>100L<\/th><\/tr><\/thead><tbody><tr><td>C\u00f4ng su\u1ea5t<\/td><td>W<\/td><td>2500\/3000<\/td><td>2500\/3000<\/td><td>2500\/3000<\/td><\/tr><tr><td>\u0110i\u1ec7n \u00e1p s\u1eed d\u1ee5ng<\/td><td>V<\/td><td>230 (220\/240)<\/td><td>230 (220\/240)<\/td><td>230 (220\/240)<\/td><\/tr><tr><td>M\u1eb7t b\u00edch (\u2205)<\/td><td>mm<\/td><td>72<\/td><td>72<\/td><td>72<\/td><\/tr><tr><td>Tr\u1ecdng l\u01b0\u1ee3ng<\/td><td>kg<\/td><td>15<\/td><td>21<\/td><td>24<\/td><\/tr><\/tbody><\/table>    <\/div>  <\/div><\/div>\t\t\t\t<\/div>\n\t\t\t\t<\/div>\n\t\t\t\t\t<\/div>\n\t\t\t\t<\/div>\n\t\t<div class=\"elementor-element elementor-element-3564817 e-flex e-con-boxed e-con e-parent\" data-id=\"3564817\" data-element_type=\"container\">\n\t\t\t\t\t<div class=\"e-con-inner\">\n\t\t\t\t<div class=\"elementor-element elementor-element-c257663 elementor-widget elementor-widget-atlantic_product_document\" data-id=\"c257663\" data-element_type=\"widget\" data-widget_type=\"atlantic_product_document.default\">\n\t\t\t\t<div class=\"elementor-widget-container\">\n\t\t\t\t\t<div class=\"landing-section notes-section anchor-scroll\" id=\"notesAnchor\"><div class=\"container\"><span class=\"is-loading d-none\"><\/span><div class=\"header-section header-section--md\"><p class=\"section-title\">T\u00e0i li\u1ec7u<\/p><\/div><ul class=\"notes-section__to-dl row list-unstyled g-0 mb-0\"><li class=\"col-sm-6\"><div class=\"card\"><div class=\"row align-items-center g-0\"><div class=\"col-sm-4 col-img\"><div class=\"card-img\"><img decoding=\"async\" src=\"https:\/\/atlantic-comfort.vn\/wp-content\/uploads\/2025\/05\/document-atlantic.jpg\" alt=\"O&#039;Pro Turbo HZ\" \/><\/div><\/div><div class=\"col-9 col-sm-8\"><div class=\"card-body\"><p class=\"card-title\">O&#039;Pro Turbo HZ<\/p><a href=\"\/wp-content\/uploads\/2025\/09\/Opro-turbo-HZ.pdf\" class=\"btn btn-primary\" target=\"_blank\"><span class=\"atlicon atlicon-arrow-to-bottom\" aria-hidden=\"true\"><\/span><span class=\"text\">T\u1ea3i v\u1ec1<\/span><\/a><\/div><\/div><\/div><\/div><\/li><\/ul><p class=\"see-all-documents\"><a class=\"btn btn-primary\" href=\"\/vn\/document-library\/documents\/\">Xem t\u1ea5t c\u1ea3 t\u00e0i li\u1ec7u<\/a><\/p><\/div><\/div>\t\t\t\t<\/div>\n\t\t\t\t<\/div>\n\t\t\t\t\t<\/div>\n\t\t\t\t<\/div>\n\t\t<div class=\"elementor-element elementor-element-19c0e2d e-flex e-con-boxed e-con e-parent\" data-id=\"19c0e2d\" data-element_type=\"container\">\n\t\t\t\t\t<div class=\"e-con-inner\">\n\t\t\t\t<div class=\"elementor-element elementor-element-ac35988 elementor-widget elementor-widget-atlantic_related_products_advanced\" data-id=\"ac35988\" data-element_type=\"widget\" data-widget_type=\"atlantic_related_products_advanced.default\">\n\t\t\t\t<div class=\"elementor-widget-container\">\n\t\t\t\t\t<div class=\"landing-section interested-product-section\"><div class=\"container\"><span class=\"is-loading d-none\"><\/span><div class=\"header-section header-section--md\"><p class=\"section-title\">S\u1ea3n ph\u1ea9m li\u00ean quan<\/p><\/div><ul class=\"advice-card__list row list-unstyled\"><li class=\"col-12 col-sm-6 col-lg-4\"><div class=\"advice-card atl-rounded link-extension\"><div class=\"advice-card__image atl-rounded\"><picture class=\"ezimage-field img-object-fit\"><source srcset=\"https:\/\/atlantic-comfort.vn\/wp-content\/uploads\/2025\/09\/5c27f97c8468-o-pro-turbo-ambiance.jpg, https:\/\/atlantic-comfort.vn\/wp-content\/uploads\/2025\/09\/5c27f97c8468-o-pro-turbo-ambiance.jpg 2x\" class=\"enhancedimage--img--lazyload enhancedimage--focused-img\"><img decoding=\"async\" src=\"https:\/\/atlantic-comfort.vn\/wp-content\/uploads\/2025\/09\/5c27f97c8468-o-pro-turbo-ambiance.jpg\" loading=\"lazy\" alt=\"O&#039;Pro Turbo\" class=\"enhancedimage--img img-fluid\"><\/picture><\/div><div class=\"advice-card__body\"><p class=\"advice-card__title\"><a href=\"https:\/\/atlantic-comfort.vn\/vn\/heat-pump\/opro-turbo\/\">O&#039;Pro Turbo<\/a><\/p><p class=\"advice-card__text\">B\u00ecnh n\u00f3ng l\u1ea1nh Ph\u00e1p, b\u1ec1n b\u1ec9 v\u01b0\u1ee3t th\u1eddi gian<\/p><\/div><\/div><\/li><li class=\"col-12 col-sm-6 col-lg-4\"><div class=\"advice-card atl-rounded link-extension\"><div class=\"advice-card__image atl-rounded\"><picture class=\"ezimage-field img-object-fit\"><source srcset=\"https:\/\/atlantic-comfort.vn\/wp-content\/uploads\/2025\/09\/ATL_OPRO_Central_Domestic_VM_Lifestyle.jpg, https:\/\/atlantic-comfort.vn\/wp-content\/uploads\/2025\/09\/ATL_OPRO_Central_Domestic_VM_Lifestyle.jpg 2x\" class=\"enhancedimage--img--lazyload enhancedimage--focused-img\"><img decoding=\"async\" src=\"https:\/\/atlantic-comfort.vn\/wp-content\/uploads\/2025\/09\/ATL_OPRO_Central_Domestic_VM_Lifestyle.jpg\" loading=\"lazy\" alt=\"O&#039;Pro Central Domestic\" class=\"enhancedimage--img img-fluid\"><\/picture><\/div><div class=\"advice-card__body\"><p class=\"advice-card__title\"><a href=\"https:\/\/atlantic-comfort.vn\/vn\/heat-pump\/opro-central-domestic\/\">O&#039;Pro Central Domestic<\/a><\/p><p class=\"advice-card__text\">\u0110\u1eb3ng c\u1ea5p b\u00ecnh n\u00f3ng l\u1ea1nh Ph\u00e1p, ki\u1ebfn t\u1ea1o chu\u1ea9n s\u1ed1ng m\u1edbi<\/p><\/div><\/div><\/li><\/ul><\/div><\/div>\t\t\t\t<\/div>\n\t\t\t\t<\/div>\n\t\t\t\t\t<\/div>\n\t\t\t\t<\/div>\n\t\t<div class=\"elementor-element elementor-element-f654b8a e-con-full e-flex e-con e-parent\" data-id=\"f654b8a\" data-element_type=\"container\">\n\t\t\t\t<div class=\"elementor-element elementor-element-761228b elementor-widget elementor-widget-atlantic_product_get_in_touch\" data-id=\"761228b\" data-element_type=\"widget\" data-widget_type=\"atlantic_product_get_in_touch.default\">\n\t\t\t\t<div class=\"elementor-widget-container\">\n\t\t\t\t\t        <div id=\"questionsAnchor\" class=\"landing-section bg-light questions-section\">\n            <div class=\"container\">\n                <div class=\"questions-section-inner\">\n                    <div class=\"d-flex justify-content-md-center\">\n                        <div class=\"header-section header-section--md\">\n                            <p class=\"section-title\">C\u1ea7n h\u1ed7 tr\u1ee3 th\u00eam th\u00f4ng tin?<\/p>\n                        <\/div>\n                    <\/div>\n                    <div class=\"questions-section-body\">\n                        <ul class=\"row justify-content-center text-center list-unstyled mb-0\">\n                            <li class=\"col-sm-4\">\n                                <div class=\"question-box atl-rounded\">\n                                    <div class=\"question-box-icon\">\n                                        <span class=\"atlicon atlicon-comments-question-check\" aria-hidden=\"true\"><\/span>\n                                    <\/div>\n                                    <div class=\"question-box-title\">\u0110\u1eebng ng\u1ea7n ng\u1ea1i<\/div>\n                                    <div class=\"question-box-text\">\n                                        <p>k\u1ebft n\u1ed1i v\u1edbi ch\u00fang t\u00f4i ho\u1eb7c b\u1ed9 ph\u1eadn ch\u0103m s\u00f3c kh\u00e1ch h\u00e0ng!<\/p>\n                                    <\/div>\n                                    <a href=\"\/vn\/get-in-touch-with-us\/\" class=\"btn btn-primary\" target=\"_self\">\n                                        <span class=\"text\">Li\u00ean h\u1ec7<\/span>\n                                    <\/a>\n                                <\/div>\n                            <\/li>\n                        <\/ul>\n                    <\/div>\n                <\/div>\n            <\/div>\n        <\/div>\n        \t\t\t\t<\/div>\n\t\t\t\t<\/div>\n\t\t\t\t<\/div>\n\t\t\t\t<\/div>","protected":false},"excerpt":{"rendered":"<p>O\u2019Pro Turbo HZ Characteristics Description Notices &amp; guides Need any help? Contact us Atlantic O\u2019Pro Turbo HZ Where French technology meets home comfort The perks of Atlantic O\u2019Pro Turbo HZ More than just hot water, it is the beginning of moments filled with relaxation. Atlantic O\u2019Pro Turbo HZ delivers instant warmth, so you never have [&hellip;]<\/p>","protected":false},"author":1,"featured_media":11372,"parent":338,"menu_order":1,"comment_status":"closed","ping_status":"closed","template":"","meta":{"inline_featured_image":false,"footnotes":""},"class_list":["post-11302","page","type-page","status-publish","has-post-thumbnail","hentry"],"_links":{"self":[{"href":"https:\/\/atlantic-comfort.vn\/vn\/wp-json\/wp\/v2\/pages\/11302","targetHints":{"allow":["GET"]}}],"collection":[{"href":"https:\/\/atlantic-comfort.vn\/vn\/wp-json\/wp\/v2\/pages"}],"about":[{"href":"https:\/\/atlantic-comfort.vn\/vn\/wp-json\/wp\/v2\/types\/page"}],"author":[{"embeddable":true,"href":"https:\/\/atlantic-comfort.vn\/vn\/wp-json\/wp\/v2\/users\/1"}],"replies":[{"embeddable":true,"href":"https:\/\/atlantic-comfort.vn\/vn\/wp-json\/wp\/v2\/comments?post=11302"}],"version-history":[{"count":0,"href":"https:\/\/atlantic-comfort.vn\/vn\/wp-json\/wp\/v2\/pages\/11302\/revisions"}],"up":[{"embeddable":true,"href":"https:\/\/atlantic-comfort.vn\/vn\/wp-json\/wp\/v2\/pages\/338"}],"wp:featuredmedia":[{"embeddable":true,"href":"https:\/\/atlantic-comfort.vn\/vn\/wp-json\/wp\/v2\/media\/11372"}],"wp:attachment":[{"href":"https:\/\/atlantic-comfort.vn\/vn\/wp-json\/wp\/v2\/media?parent=11302"}],"curies":[{"name":"wp","href":"https:\/\/api.w.org\/{rel}","templated":true}]}}