{"id":113,"date":"2024-07-25T00:54:16","date_gmt":"2024-07-25T00:54:16","guid":{"rendered":"https:\/\/atlantic.wamvietnam.com\/?page_id=113"},"modified":"2025-04-24T10:35:24","modified_gmt":"2025-04-24T03:35:24","slug":"groupe-atlantic-vietnam","status":"publish","type":"page","link":"https:\/\/atlantic-comfort.vn\/vn\/groupe-atlantic-vietnam\/","title":{"rendered":"Groupe Atlantic Vietnam"},"content":{"rendered":"<div data-elementor-type=\"wp-page\" data-elementor-id=\"113\" class=\"elementor elementor-113\" data-elementor-post-type=\"page\">\n\t\t\t\t<div class=\"elementor-element elementor-element-6c66efd e-flex e-con-boxed e-con e-parent\" data-id=\"6c66efd\" data-element_type=\"container\">\n\t\t\t\t\t<div class=\"e-con-inner\">\n\t\t\t\t<div class=\"elementor-element elementor-element-1a6611c elementor-widget elementor-widget-atlantic_page_content\" data-id=\"1a6611c\" data-element_type=\"widget\" data-widget_type=\"atlantic_page_content.default\">\n\t\t\t\t<div class=\"elementor-widget-container\">\n\t\t\t\t\t        <div class=\"ezlandingpage-field\">\n            <div class=\"container container-small\">\n                <div class=\"row\">\n                    <div class=\"col-12\">\n                        <div class=\"header-section header-section--xl\">\n                            <h1 class=\"section-title\">Groupe Atlantic Vietnam<\/h1>\n                        <\/div>\n                    <\/div>\n                    <div class=\"col-12 col-md-9\">\n                        <div class=\"scrollspy-content\">\n                            <div class=\"wysiwyg js-summary-source\">\n                                <div class=\"ezrichtext-field\">\n                                    <p><strong>GROUPE ATLANTIC VIETNAM<\/strong> l\u00e0 c\u00f4ng ty con c\u1ee7a t\u1eadp \u0111o\u00e0n <strong>GROUPE ATLANTIC<\/strong>.<\/p><h2>H\u00e0nh tr\u00ecnh ph\u00e1t tri\u1ec3n<\/h2><p><strong>T\u1eeb n\u0103m 1996:<\/strong> Ch\u00fang t\u00f4i l\u00e0 IPIX Co., Ltd., chuy\u00ean gia n\u01b0\u1edbc n\u00f3ng t\u1ea1i Vi\u1ec7t Nam v\u1edbi 30 n\u0103m kinh nghi\u1ec7m, mang \u0111\u1ebfn c\u00e1c gi\u1ea3i ph\u00e1p t\u1ed1i \u01b0u cho nhu c\u1ea7u s\u1eed d\u1ee5ng n\u01b0\u1edbc n\u00f3ng v\u1edbi s\u1ea3n ph\u1ea9m ch\u1ea5t l\u01b0\u1ee3ng cao, an to\u00e0n v\u00e0 ti\u1ebft ki\u1ec7m n\u0103ng l\u01b0\u1ee3ng.<\/p><p><strong>T\u1eeb n\u0103m 2019:<\/strong> l\u00e0 th\u00e0nh vi\u00ean t\u1eadp \u0111o\u00e0n GROUPE ATLANTIC, \u0111\u01a1n v\u1ecb duy nh\u1ea5t c\u00f3 th\u1ec3 t\u01b0 v\u1ea5n v\u00e0 thi\u1ebft k\u1ebf k\u1ef9 thu\u1eadt trong cao l\u0129nh v\u1ef1c n\u01b0\u1edbc n\u00f3ng tr\u00ean th\u1ebf gi\u1edbi. T\u1eadp \u0111o\u00e0n GROUPE ATLANTIC c\u00f3 h\u01a1n 50 n\u0103m kinh nghi\u1ec7m t\u1ea1i c\u00e1c c\u00f4ng tr\u00ecnh qu\u1ed1c t\u1ebf.<\/p><h2>D\u1ecbch v\u1ee5 b\u1ea3o h\u00e0nh &amp; Cam k\u1ebft ch\u1ea5t l\u01b0\u1ee3ng<\/h2><p><strong>H\u1ec7 th\u1ed1ng b\u1ea3o h\u00e0nh ph\u1ee7 s\u00f3ng to\u00e0n qu\u1ed1c:<\/strong> C\u00f3 m\u1eb7t tr\u00ean to\u00e0n qu\u1ed1c \u0111\u1ec3 h\u1ed7 tr\u1ee3 kh\u00e1ch h\u00e0ng nhanh ch\u00f3ng v\u00e0 thu\u1eadn ti\u1ec7n.<\/p><p><strong>Ch\u00ednh s\u00e1ch 1 \u0110\u1ed4I 1 trong n\u0103m \u0111\u1ea7u:<\/strong> Cam k\u1ebft mang \u0111\u1ebfn tr\u1ea3i nghi\u1ec7m t\u1ed1t nh\u1ea5t, \u0111\u1ed5i m\u1edbi cho m\u1ed9t s\u1ed1 s\u1ea3n ph\u1ea9m gia d\u1ee5ng n\u1ebfu c\u00f3 l\u1ed7i t\u1eeb nh\u00e0 s\u1ea3n xu\u1ea5t.<\/p><p><strong>B\u1ea3o hi\u1ec3m s\u1ea3n ph\u1ea9m l\u00ean \u0111\u1ebfn 1.000.000 EUR:<\/strong> \u0111\u1ea3m b\u1ea3o an to\u00e0n v\u00e0 quy\u1ec1n l\u1ee3i kh\u00e1ch h\u00e0ng trong m\u1ecdi t\u00ecnh hu\u1ed1ng.<\/p><h2>Gi\u1ea3i ph\u00e1p n\u01b0\u1edbc n\u00f3ng to\u00e0n di\u1ec7n<\/h2><p>Atlantic Vietnam chuy\u00ean cung c\u1ea5p c\u00e1c gi\u1ea3i ph\u00e1p n\u01b0\u1edbc n\u00f3ng t\u1ed1i \u01b0u cho c\u1ea3 gia \u0111\u00ecnh v\u00e0 c\u00f4ng tr\u00ecnh. Ch\u00fang t\u00f4i t\u1ef1 h\u00e0o mang \u0111\u1ebfn nh\u1eefng s\u1ea3n ph\u1ea9m v\u1edbi c\u00f4ng ngh\u1ec7 ti\u00ean ti\u1ebfn, \u0111\u1ea3m b\u1ea3o hi\u1ec7u su\u1ea5t cao v\u00e0 ti\u1ebft ki\u1ec7m n\u0103ng l\u01b0\u1ee3ng.<\/p><p>C\u00e1c d\u00f2ng s\u1ea3n ph\u1ea9m n\u1ed5i b\u1eadt c\u1ee7a Atlantic Vietnam:<br \/><strong>B\u00ecnh n\u00f3ng l\u1ea1nh (Tr\u1ef1c ti\u1ebfp\/Gi\u00e1n ti\u1ebfp):<\/strong> C\u00f4ng ngh\u1ec7 hi\u1ec7n \u0111\u1ea1i, ti\u1ebft ki\u1ec7m \u0111i\u1ec7n t\u1ed1i \u01b0u.<br \/><strong>B\u01a1m nhi\u1ec7t:<\/strong> Hi\u1ec7u su\u1ea5t cao, th\u00e2n thi\u1ec7n v\u1edbi m\u00f4i tr\u01b0\u1eddng.<br \/><strong>M\u00e1y n\u01b0\u1edbc n\u00f3ng n\u0103ng l\u01b0\u1ee3ng m\u1eb7t tr\u1eddi:<\/strong> Gi\u1ea3i ph\u00e1p b\u1ec1n v\u1eefng, ti\u1ebft ki\u1ec7m n\u0103ng l\u01b0\u1ee3ng.<\/p><p>\u00a0<\/p><h3>Atlantic Vietnam \u2013 N\u00e2ng t\u1ea7m ch\u1ea5t l\u01b0\u1ee3ng n\u01b0\u1edbc n\u00f3ng, ki\u1ebfn t\u1ea1o cu\u1ed9c s\u1ed1ng ti\u1ec7n nghi<\/h3>                                <\/div>\n                                <div class=\"landing-page__zone landing-page__zone--3511\" data-ibexa-zone-id=\"3511\">\n                                    <!-- Dynamic content here -->\n                                <\/div>\n                            <\/div>\n                        <\/div>\n                    <\/div>\n                <\/div>\n            <\/div>\n            <aside class=\"landing-page__zone landing-page__zone--3512\" data-ibexa-zone-id=\"3512\">\n                <!-- Dynamic content here -->\n            <\/aside>\n        <\/div>\n        \t\t\t\t<\/div>\n\t\t\t\t<\/div>\n\t\t\t\t<div class=\"elementor-element elementor-element-d0806d7 elementor-widget elementor-widget-about_us_widget\" data-id=\"d0806d7\" data-element_type=\"widget\" data-widget_type=\"about_us_widget.default\">\n\t\t\t\t<div class=\"elementor-widget-container\">\n\t\t\t\t\t        <div class=\"ezlandingpage-field\">\n            <div class=\"container container-small\">\n                <div class=\"row\">\n                    <div class=\"col-12\">\n                        <div class=\"header-section header-section--xl\">\n                            <h1 class=\"section-title\"><\/h1>\n                        <\/div>\n                    <\/div>\n                    <div class=\"col-12 col-md-9\">\n                        <div class=\"scrollspy-content\">\n                            <div class=\"wysiwyg js-summary-source\">\n                                <div class=\"ezrichtext-field\">\n                                    <div class=\"landing-page__zone\">\n                                        <!-- Main Content Above Video -->\n                                        <div class=\"landing-page__block block_richtext\">\n                                            <div class=\"block-richtext\">\n                                                                                            <\/div>\n                                        <\/div>\n\n                                        <!-- Video Section -->\n                                        <div class=\"landing-page__block block_cta_media_text\">\n                                            <div class=\"actualites-columns\">\n                                                <div class=\"actualites-column media w-100\">\n                                                    <div class=\"plyr-video-wrapper\">\n                                                        <div class=\"elementor-video-wrapper\" style=\"position: relative; padding-bottom: 56.25%; height: 0; overflow: hidden; max-width: 100%; background: #000;\">\n                                                            <iframe width=\"640\" height=\"360\" src=\"https:\/\/www.youtube.com\/embed\/ZfN9mz7ewSA\" frameborder=\"0\" allow=\"accelerometer; autoplay; clipboard-write; encrypted-media; gyroscope; picture-in-picture\" allowfullscreen style=\"position: absolute; top: 0; left: 0; width: 100%; height: 100%;\"><\/iframe>\n                                                        <\/div>\n                                                    <\/div>\n                                                <\/div>\n                                            <\/div>\n                                        <\/div>\n\n                                        <!-- Content Below Video -->\n                                        <div class=\"landing-page__block block_richtext\">\n                                            <div class=\"block-richtext\">\n                                                                                            <\/div>\n                                        <\/div>\n                                    <\/div>\n                                <\/div>\n                            <\/div>\n                        <\/div>\n                    <\/div>\n                <\/div>\n            <\/div>\n        <\/div>\n        \t\t\t\t<\/div>\n\t\t\t\t<\/div>\n\t\t\t\t\t<\/div>\n\t\t\t\t<\/div>\n\t\t<div class=\"elementor-element elementor-element-a69584d e-con-full e-flex e-con e-parent\" data-id=\"a69584d\" data-element_type=\"container\">\n\t\t\t\t<div class=\"elementor-element elementor-element-45b64d4 elementor-widget elementor-widget-atlantic_product_get_in_touch\" data-id=\"45b64d4\" data-element_type=\"widget\" data-widget_type=\"atlantic_product_get_in_touch.default\">\n\t\t\t\t<div class=\"elementor-widget-container\">\n\t\t\t\t\t        <div id=\"questionsAnchor\" class=\"landing-section bg-light questions-section\">\n            <div class=\"container\">\n                <div class=\"questions-section-inner\">\n                    <div class=\"d-flex justify-content-md-center\">\n                        <div class=\"header-section header-section--md\">\n                            <p class=\"section-title\">C\u1ea7n h\u1ed7 tr\u1ee3 th\u00eam th\u00f4ng tin?<\/p>\n                        <\/div>\n                    <\/div>\n                    <div class=\"questions-section-body\">\n                        <ul class=\"row justify-content-center text-center list-unstyled mb-0\">\n                            <li class=\"col-sm-4\">\n                                <div class=\"question-box atl-rounded\">\n                                    <div class=\"question-box-icon\">\n                                        <span class=\"atlicon atlicon-comments-question-check\" aria-hidden=\"true\"><\/span>\n                                    <\/div>\n                                    <div class=\"question-box-title\">\u0110\u1eebng ng\u1ea7n ng\u1ea1i<\/div>\n                                    <div class=\"question-box-text\">\n                                        <p>k\u1ebft n\u1ed1i v\u1edbi ch\u00fang t\u00f4i ho\u1eb7c b\u1ed9 ph\u1eadn ch\u0103m s\u00f3c kh\u00e1ch h\u00e0ng!<\/p>\n                                    <\/div>\n                                    <a href=\"\/vn\/get-in-touch-with-us\/\" class=\"btn btn-primary\" target=\"_self\">\n                                        <span class=\"text\">Li\u00ean h\u1ec7<\/span>\n                                    <\/a>\n                                <\/div>\n                            <\/li>\n                        <\/ul>\n                    <\/div>\n                <\/div>\n            <\/div>\n        <\/div>\n        \t\t\t\t<\/div>\n\t\t\t\t<\/div>\n\t\t\t\t<\/div>\n\t\t\t\t<\/div>","protected":false},"excerpt":{"rendered":"<p>Groupe Atlantic Vietnam GROUPE ATLANTIC VIETNAM is a subsidiary of GROUPE ATLANTIC. Our Journey of Growth Since 1996: We are IPIX Co., Ltd., an expert in providing hot water in Vietnam with 30 years of experience, providing optimal solutions for hot water needs with high-quality, safe, and energy-saving products. Since 2019: As a member of [&hellip;]<\/p>","protected":false},"author":1,"featured_media":0,"parent":0,"menu_order":4,"comment_status":"closed","ping_status":"closed","template":"","meta":{"inline_featured_image":false,"footnotes":""},"class_list":["post-113","page","type-page","status-publish","hentry"],"_links":{"self":[{"href":"https:\/\/atlantic-comfort.vn\/vn\/wp-json\/wp\/v2\/pages\/113","targetHints":{"allow":["GET"]}}],"collection":[{"href":"https:\/\/atlantic-comfort.vn\/vn\/wp-json\/wp\/v2\/pages"}],"about":[{"href":"https:\/\/atlantic-comfort.vn\/vn\/wp-json\/wp\/v2\/types\/page"}],"author":[{"embeddable":true,"href":"https:\/\/atlantic-comfort.vn\/vn\/wp-json\/wp\/v2\/users\/1"}],"replies":[{"embeddable":true,"href":"https:\/\/atlantic-comfort.vn\/vn\/wp-json\/wp\/v2\/comments?post=113"}],"version-history":[{"count":0,"href":"https:\/\/atlantic-comfort.vn\/vn\/wp-json\/wp\/v2\/pages\/113\/revisions"}],"wp:attachment":[{"href":"https:\/\/atlantic-comfort.vn\/vn\/wp-json\/wp\/v2\/media?parent=113"}],"curies":[{"name":"wp","href":"https:\/\/api.w.org\/{rel}","templated":true}]}}