{"id":111,"date":"2024-07-25T00:53:48","date_gmt":"2024-07-25T00:53:48","guid":{"rendered":"https:\/\/atlantic.wamvietnam.com\/?page_id=111"},"modified":"2025-05-14T10:21:05","modified_gmt":"2025-05-14T03:21:05","slug":"groupe-atlantic","status":"publish","type":"page","link":"https:\/\/atlantic-comfort.vn\/vn\/groupe-atlantic\/","title":{"rendered":"Groupe Atlantic"},"content":{"rendered":"<div data-elementor-type=\"wp-page\" data-elementor-id=\"111\" class=\"elementor elementor-111\" data-elementor-post-type=\"page\">\n\t\t\t\t<div class=\"elementor-element elementor-element-f6558dc e-flex e-con-boxed e-con e-parent\" data-id=\"f6558dc\" data-element_type=\"container\">\n\t\t\t\t\t<div class=\"e-con-inner\">\n\t\t\t\t<div class=\"elementor-element elementor-element-c9a1504 elementor-widget elementor-widget-about_us_widget\" data-id=\"c9a1504\" data-element_type=\"widget\" data-widget_type=\"about_us_widget.default\">\n\t\t\t\t<div class=\"elementor-widget-container\">\n\t\t\t\t\t        <div class=\"ezlandingpage-field\">\n            <div class=\"container container-small\">\n                <div class=\"row\">\n                    <div class=\"col-12\">\n                        <div class=\"header-section header-section--xl\">\n                            <h1 class=\"section-title\">Groupe Atlantic<\/h1>\n                        <\/div>\n                    <\/div>\n                    <div class=\"col-12 col-md-9\">\n                        <div class=\"scrollspy-content\">\n                            <div class=\"wysiwyg js-summary-source\">\n                                <div class=\"ezrichtext-field\">\n                                    <div class=\"landing-page__zone\">\n                                        <!-- Main Content Above Video -->\n                                        <div class=\"landing-page__block block_richtext\">\n                                            <div class=\"block-richtext\">\n                                                <div class=\"block-richtext\"><h2>T\u1eadp \u0111o\u00e0n Ph\u00e1p v\u1edbi m\u1ed9t m\u1ee5c \u0111\u00edch thi\u1ebft y\u1ebfu<\/h2><p>Groupe Atlantic l\u00e0 m\u1ed9t t\u1eadp \u0111o\u00e0n qu\u1ed1c t\u1ebf c\u00f3 ngu\u1ed3n g\u1ed1c t\u1eeb Ph\u00e1p, \u0111\u01b0\u1ee3c th\u00e0nh l\u1eadp v\u00e0o n\u0103m 1968 b\u1edfi hai k\u1ef9 s\u01b0, Paul Radat v\u00e0 Pierre Lamoure. C\u00f4ng ty l\u00e0 chuy\u00ean gia v\u1ec1 c\u00e1c thi\u1ebft b\u1ecb mang l\u1ea1i ti\u1ec7n nghi v\u1ec1 nhi\u1ec7t, \u0111\u00e1p \u1ee9ng nhu c\u1ea7u ph\u1ed5 bi\u1ebfn. \u0110\u00e2y l\u00e0 l\u00fd do m\u00e0 s\u1ee9 m\u1ec7nh c\u1ee7a Groupe Atlantic l\u00e0 chuy\u1ec3n \u0111\u1ed5i c\u00e1c ngu\u1ed3n n\u0103ng l\u01b0\u1ee3ng s\u1eb5n c\u00f3 th\u00e0nh c\u00e1c gi\u1ea3i ph\u00e1p carbon th\u1ea5p (s\u01b0\u1edfi \u1ea5m, n\u01b0\u1edbc n\u00f3ng sinh ho\u1ea1t, x\u1eed l\u00fd kh\u00f4ng kh\u00ed, \u0111i\u1ec1u h\u00f2a kh\u00f4ng kh\u00ed) c\u00f3 th\u1ec3 ti\u1ebfp c\u1eadn \u0111\u01b0\u1ee3c v\u1edbi t\u1ea5t c\u1ea3 m\u1ecdi ng\u01b0\u1eddi. Groupe Atlantic quy\u1ebft t\u00e2m gi\u00fap c\u1ea3i thi\u1ec7n \u0111\u1eddi s\u1ed1ng, s\u1ee9c kh\u1ecfe v\u00e0 v\u1ec7 sinh c\u1ee7a v\u00f4 s\u1ed1 ngh\u00ecn ng\u01b0\u1eddi tr\u00ean kh\u1eafp th\u1ebf gi\u1edbi.<\/p><h2>5 l\u00fd do \u0111\u1ec3 ch\u1ecdn Groupe Atlantic<\/h2><p>S\u1ef1 ph\u00e1t tri\u1ec3n c\u1ee7a T\u1eadp \u0111o\u00e0n d\u1ef1a tr\u00ean c\u00e1c gi\u00e1 tr\u1ecb gia \u0111\u00ecnh: t\u1ef1 ch\u1ee7, tin t\u01b0\u1edfng, cam k\u1ebft l\u00e2u d\u00e0i... Xem c\u00e1c gi\u00e1 tr\u1ecb c\u1ee7a ch\u00fang t\u00f4i trong video d\u01b0\u1edbi \u0111\u00e2y:<\/p><\/div>                                            <\/div>\n                                        <\/div>\n\n                                        <!-- Video Section -->\n                                        <div class=\"landing-page__block block_cta_media_text\">\n                                            <div class=\"actualites-columns\">\n                                                <div class=\"actualites-column media w-100\">\n                                                    <div class=\"plyr-video-wrapper\">\n                                                        <div class=\"elementor-video-wrapper\" style=\"position: relative; padding-bottom: 56.25%; height: 0; overflow: hidden; max-width: 100%; background: #000;\">\n                                                            <iframe width=\"640\" height=\"360\" src=\"https:\/\/www.youtube.com\/embed\/9IEc72CiU1k\" frameborder=\"0\" allow=\"accelerometer; autoplay; clipboard-write; encrypted-media; gyroscope; picture-in-picture\" allowfullscreen style=\"position: absolute; top: 0; left: 0; width: 100%; height: 100%;\"><\/iframe>\n                                                        <\/div>\n                                                    <\/div>\n                                                <\/div>\n                                            <\/div>\n                                        <\/div>\n\n                                        <!-- Content Below Video -->\n                                        <div class=\"landing-page__block block_richtext\">\n                                            <div class=\"block-richtext\">\n                                                <div class=\"col-12 col-md-9\">\n<div class=\"scrollspy-content\">\n<div class=\"wysiwyg js-summary-source\">\n<div class=\"ezrichtext-field\"><\/div>\n<div class=\"landing-page__zone landing-page__zone--5167\" data-ibexa-zone-id=\"5167\">\n<div class=\"landing-page__block block_richtext\" data-ez-block-id=\"12690\">\n<div class=\"block-richtext\">\n<h2>M\u1ed9t c\u00f4ng ty qu\u1ed1c t\u1ebf c\u00f3 k\u1ebft n\u1ed1i v\u1edbi kh\u00e1ch h\u00e0ng<\/h2>\n<\/div>\n<\/div>\n<div class=\"landing-page__block block_two_columns\" data-ez-block-id=\"12691\">\n<div class=\"actualites-text-card-columns\">\n<div class=\"actualites-text-card-column\">\n<div class=\"actualites-text-card\">\n<div class=\"card-body\">\n<div class=\"card-text\">\n\n\u0110\u1ec3 cung c\u1ea5p c\u00e1c d\u00f2ng s\u1ea3n ph\u1ea9m mang t\u00ednh c\u1ea1nh tranh v\u00e0 h\u1ed7 tr\u1ee3 s\u1ef1 ph\u00e1t tri\u1ec3n b\u1ec1n v\u1eefng, Groupe Atlantic \u0111\u1ea7u t\u01b0 v\u00e0o h\u1ec7 th\u1ed1ng s\u1ea3n xu\u1ea5t \u0111\u01b0\u1ee3c \u0111\u1eb7t g\u1ea7n nh\u1ea5t v\u1edbi th\u1ecb tr\u01b0\u1eddng m\u1ee5c ti\u00eau, x\u00e2y d\u1ef1ng nh\u00e0 m\u00e1y \u1edf c\u00e1c qu\u1ed1c gia nh\u01b0 Ai C\u1eadp, Ukraine, Th\u1ed5 Nh\u0129 K\u1ef3 v\u00e0 Th\u00e1i Lan. Ng\u00e0y nay, h\u01a1n m\u1ed9t ph\u1ea7n ba l\u1ef1c l\u01b0\u1ee3ng lao \u0111\u1ed9ng c\u1ee7a T\u1eadp \u0111o\u00e0n s\u1ea3n xu\u1ea5t v\u00e0 ti\u1ebfp th\u1ecb s\u1ea3n ph\u1ea9m c\u1ee7a ch\u00fang t\u00f4i v\u01b0\u01a1n ra qu\u1ed1c t\u1ebf.\n\n<\/div>\n<\/div>\n<\/div>\n<\/div>\n<div class=\"actualites-text-card-column\">\n<div class=\"actualites-text-card\">\n<div class=\"card-image\"> <a href=\"\/wp-content\/uploads\/2025\/05\/Slide1.jpg\" target=\"_blank\" rel=\"noopener\"><img fetchpriority=\"high\" decoding=\"async\" class=\"enhancedimage--img img-fluid enhancedimage--img--lazyload enhancedimage--focused-img alignnone\" src=\"\/wp-content\/uploads\/2025\/05\/Slide1.jpg\" alt=\"\" width=\"540\" height=\"355\" data-focus-x=\"0\" data-focus-y=\"-0\" data-width=\"540\" data-height=\"355\" data-variation=\"cta_media_text\" \/>\n<\/a><\/div>\n<div class=\"card-body\">\n<div class=\"card-text\"><\/div>\n<\/div>\n<\/div>\n<\/div>\n<\/div>\n<\/div>\n<div class=\"landing-page__block block_two_columns\" data-ez-block-id=\"12692\">\n<div class=\"actualites-text-card-columns\">\n<div class=\"actualites-text-card-column\">\n<div class=\"actualites-text-card\">\n<div class=\"card-image\"> <a href=\"\/wp-content\/uploads\/2025\/05\/Slide3.jpg\" target=\"_blank\" rel=\"noopener\"><img decoding=\"async\" class=\"enhancedimage--img img-fluid enhancedimage--img--lazyload enhancedimage--focused-img alignnone\" src=\"\/wp-content\/uploads\/2025\/05\/Slide3.jpg\" alt=\"\" width=\"540\" height=\"355\" data-focus-x=\"0\" data-focus-y=\"-0\" data-width=\"540\" data-height=\"355\" data-variation=\"cta_media_text\" \/><\/a><\/div>\n<div class=\"card-body\">\n<div class=\"card-text\"><\/div>\n<\/div>\n<\/div>\n<\/div>\n<div class=\"actualites-text-card-column\">\n<div class=\"actualites-text-card\">\n<div class=\"card-body\">\n<div class=\"card-text\">\n\nB\u1eb1ng c\u00e1ch \u0111\u00f3, Groupe Atlantic t\u0103ng c\u01b0\u1eddng kh\u1ea3 n\u0103ng \u0111\u1ec3 \u0111\u1ed5i m\u1edbi v\u00e0 li\u00ean t\u1ee5c gi\u00e0nh \u0111\u01b0\u1ee3c th\u1ecb ph\u1ea7n. Cho d\u00f9 th\u00f4ng qua c\u00e1c c\u00f4ng ty con hay \u0111\u1ed1i t\u00e1c th\u01b0\u01a1ng m\u1ea1i, Groupe Atlantic n\u1ed5i ti\u1ebfng tr\u00ean to\u00e0n th\u1ebf gi\u1edbi, d\u01b0\u1edbi c\u00e1c th\u01b0\u01a1ng hi\u1ec7u kh\u00e1c nhau (Atlantic, Thermor, Pacific, v.v.) v\u00e0 c\u00e1c s\u1ea3n ph\u1ea9m \u0111\u01b0\u1ee3c th\u01b0\u01a1ng m\u1ea1i h\u00f3a t\u1ea1i h\u01a1n 100 qu\u1ed1c gia. \u0110\u1ec3 kh\u00e1m ph\u00e1 th\u00eam v\u1ec1 Groupe Atlantic, h\u00e3y xem trang web c\u1ee7a ch\u00fang t\u00f4i:\n<a title=\"\" href=\"https:\/\/www.groupe-atlantic.fr\/en\">www.groupe-atlantic.fr\/en<\/a> Ho\u1eb7c t\u1ea3i xu\u1ed1ng\n<a title=\"\" href=\"\/wp-content\/uploads\/2025\/05\/BROCHURE_GROUPE_ATLANTIC.pdf\">t\u00e0i li\u1ec7u v\u1ec1 ch\u00fang t\u00f4i t\u1ea1i \u0111\u00e2y.<\/a>.\n\n<\/div>\n<\/div>\n<\/div>\n<\/div>\n<\/div>\n<\/div>\n<\/div>\n<\/div>\n<\/div>\n<\/div>                                            <\/div>\n                                        <\/div>\n                                    <\/div>\n                                <\/div>\n                            <\/div>\n                        <\/div>\n                    <\/div>\n                <\/div>\n            <\/div>\n        <\/div>\n        \t\t\t\t<\/div>\n\t\t\t\t<\/div>\n\t\t\t\t\t<\/div>\n\t\t\t\t<\/div>\n\t\t\t\t<\/div>","protected":false},"excerpt":{"rendered":"<p>Groupe Atlantic A French Group with an essential purpose Groupe Atlantic is an international group of French origin, founded in 1968 by two engineers, Paul Radat and Pierre Lamoure. The company is an expert in thermal comfort equipment which is a universal need. This is why the mission of Groupe Atlantic is to transform available [&hellip;]<\/p>","protected":false},"author":1,"featured_media":0,"parent":0,"menu_order":3,"comment_status":"closed","ping_status":"closed","template":"","meta":{"inline_featured_image":false,"footnotes":""},"class_list":["post-111","page","type-page","status-publish","hentry"],"_links":{"self":[{"href":"https:\/\/atlantic-comfort.vn\/vn\/wp-json\/wp\/v2\/pages\/111","targetHints":{"allow":["GET"]}}],"collection":[{"href":"https:\/\/atlantic-comfort.vn\/vn\/wp-json\/wp\/v2\/pages"}],"about":[{"href":"https:\/\/atlantic-comfort.vn\/vn\/wp-json\/wp\/v2\/types\/page"}],"author":[{"embeddable":true,"href":"https:\/\/atlantic-comfort.vn\/vn\/wp-json\/wp\/v2\/users\/1"}],"replies":[{"embeddable":true,"href":"https:\/\/atlantic-comfort.vn\/vn\/wp-json\/wp\/v2\/comments?post=111"}],"version-history":[{"count":0,"href":"https:\/\/atlantic-comfort.vn\/vn\/wp-json\/wp\/v2\/pages\/111\/revisions"}],"wp:attachment":[{"href":"https:\/\/atlantic-comfort.vn\/vn\/wp-json\/wp\/v2\/media?parent=111"}],"curies":[{"name":"wp","href":"https:\/\/api.w.org\/{rel}","templated":true}]}}