{"id":106,"date":"2024-07-25T00:48:17","date_gmt":"2024-07-25T00:48:17","guid":{"rendered":"https:\/\/atlantic.wamvietnam.com\/?page_id=106"},"modified":"2025-05-14T10:04:14","modified_gmt":"2025-05-14T03:04:14","slug":"atlantic-brand","status":"publish","type":"page","link":"https:\/\/atlantic-comfort.vn\/vn\/atlantic-brand\/","title":{"rendered":"Th\u01b0\u01a1ng hi\u1ec7u Atlantic"},"content":{"rendered":"<div data-elementor-type=\"wp-page\" data-elementor-id=\"106\" class=\"elementor elementor-106\" data-elementor-post-type=\"page\">\n\t\t\t\t<div class=\"elementor-element elementor-element-1cb3190 e-con-full e-flex e-con e-parent\" data-id=\"1cb3190\" data-element_type=\"container\">\n\t\t\t\t<div class=\"elementor-element elementor-element-ba1c8f1 elementor-widget elementor-widget-about_us_widget\" data-id=\"ba1c8f1\" data-element_type=\"widget\" data-widget_type=\"about_us_widget.default\">\n\t\t\t\t<div class=\"elementor-widget-container\">\n\t\t\t\t\t        <div class=\"ezlandingpage-field\">\n            <div class=\"container container-small\">\n                <div class=\"row\">\n                    <div class=\"col-12\">\n                        <div class=\"header-section header-section--xl\">\n                            <h1 class=\"section-title\">Th\u01b0\u01a1ng hi\u1ec7u Atlantic<\/h1>\n                        <\/div>\n                    <\/div>\n                    <div class=\"col-12 col-md-9\">\n                        <div class=\"scrollspy-content\">\n                            <div class=\"wysiwyg js-summary-source\">\n                                <div class=\"ezrichtext-field\">\n                                    <div class=\"landing-page__zone\">\n                                        <!-- Main Content Above Video -->\n                                        <div class=\"landing-page__block block_richtext\">\n                                            <div class=\"block-richtext\">\n                                                <h2>M\u1ed8T TH\u01af\u01a0NG HI\u1ec6U PH\u00c1P N\u1ed4I TI\u1ebeNG TR\u00caN TO\u00c0N C\u1ea6U<\/h2><p>Atlantic \u0111\u01b0\u1ee3c bi\u1ebft \u0111\u1ebfn nh\u01b0 l\u00e0 m\u1ed9t th\u01b0\u01a1ng hi\u1ec7u PH\u00c1P, chuy\u00ean gia trong t\u1ea5t c\u1ea3 h\u1ec7 th\u1ed1ng l\u00e0m n\u00f3ng v\u00e0 thi\u1ebft b\u1ecb mang l\u1ea1i s\u1ef1 ti\u1ec7n nghi v\u1ec1 nhi\u1ec7t, v\u1edbi s\u1ef1 hi\u1ec7n di\u1ec7n tr\u00ean th\u1ebf gi\u1edbi.<\/p><p>Chuy\u00ean gia trong h\u1ec7 th\u1ed1ng l\u00e0m n\u00f3ng v\u00e0 thi\u1ebft b\u1ecb nhi\u1ec7t, c\u00e1c s\u1ea3n ph\u1ea9m c\u1ee7a Atlantic li\u00ean t\u1ee5c mang \u0111\u1ebfn c\u00e1c thi\u1ebft k\u1ebf cao c\u1ea5p, k\u1ebft h\u1ee3p s\u1ef1 \u0111\u1ed5i m\u1edbi v\u00e0 c\u00f4ng ngh\u1ec7 ti\u00ean ti\u1ebfn.<\/p><p>Atlantic ph\u00e1t tri\u1ec3n c\u00e1c d\u00f2ng s\u1ea3n ph\u1ea9m hi\u1ec7n \u0111\u1ea1i v\u00e0 b\u1ec1n b\u1ec9 nh\u01b0 b\u00ecnh n\u01b0\u1edbc n\u00f3ng, t\u1ea5m s\u01b0\u1edfi, s\u01b0\u1edfi ph\u00f2ng t\u1eafm, n\u0103ng l\u01b0\u1ee3ng m\u1eb7t tr\u1eddi, b\u01a1m nhi\u1ec7t, v.v\u2026 C\u00e1c s\u1ea3n ph\u1ea9m mang \u0111\u1ebfn cho ng\u01b0\u1eddi ti\u00eau d\u00f9ng nh\u1eefng tr\u1ea3i nghi\u1ec7m t\u1ed1i \u01b0u m\u00e0 v\u1eabn ti\u1ebft ki\u1ec7m chi ph\u00ed t\u1ed1i \u0111a.<\/p><p>H\u00e3y c\u00f9ng xem qua c\u00e1c c\u00f4ng ngh\u1ec7 v\u00e0 s\u1ea3n ph\u1ea9m c\u1ee7a Atlantic:<\/p>                                            <\/div>\n                                        <\/div>\n\n                                        <!-- Video Section -->\n                                        <div class=\"landing-page__block block_cta_media_text\">\n                                            <div class=\"actualites-columns\">\n                                                <div class=\"actualites-column media w-100\">\n                                                    <div class=\"plyr-video-wrapper\">\n                                                        <div class=\"elementor-video-wrapper\" style=\"position: relative; padding-bottom: 56.25%; height: 0; overflow: hidden; max-width: 100%; background: #000;\">\n                                                            <iframe width=\"640\" height=\"360\" src=\"https:\/\/www.youtube.com\/embed\/iwmIZSonJrY\" frameborder=\"0\" allow=\"accelerometer; autoplay; clipboard-write; encrypted-media; gyroscope; picture-in-picture\" allowfullscreen style=\"position: absolute; top: 0; left: 0; width: 100%; height: 100%;\"><\/iframe>\n                                                        <\/div>\n                                                    <\/div>\n                                                <\/div>\n                                            <\/div>\n                                        <\/div>\n\n                                        <!-- Content Below Video -->\n                                        <div class=\"landing-page__block block_richtext\">\n                                            <div class=\"block-richtext\">\n                                                <p>Qua h\u00e0ng n\u0103m, danh ti\u1ebfng c\u1ee7a th\u01b0\u01a1ng hi\u1ec7u Ph\u00e1p Atlantic v\u1edbi nh\u1eefng k\u1ef9 thu\u1eadt \u0111\u1ed9c \u0111\u00e1o, \u0111\u00e3 lan r\u1ed9ng tr\u00ean to\u00e0n th\u1ebf gi\u1edbi. Ng\u00e0y nay, Atlantic \u0111\u00e3 c\u00f3 ch\u1ed7 \u0111\u1ee9ng v\u1eefng ch\u1eafc t\u1ea1i th\u1ecb tr\u01b0\u1eddng Ph\u00e1p, T\u00e2y \u00c2u v\u00e0 \u0110\u00f4ng \u00c2u, C\u1eadn \u0110\u00f4ng v\u00e0 Trung \u0110\u00f4ng, Ch\u00e2u Phi, Nam M\u1ef9 v\u00e0 th\u1eadm ch\u00ed l\u00e0 Ch\u00e2u \u00c1 - Th\u00e1i B\u00ecnh D\u01b0\u01a1ng, v\u1edbi s\u1ef1 ph\u00e1t tri\u1ec3n kh\u00f4ng ng\u1eebng tr\u00ean to\u00e0n th\u1ebf gi\u1edbi.<\/p><h2>Ch\u00fang t\u00f4i cung c\u1ea5p v\u00e0 ph\u00e1t tri\u1ec3n c\u00e1c gi\u1ea3i ph\u00e1p mang t\u00ednh \u0111\u1ed5i m\u1edbi, th\u00e2n thi\u1ec7n v\u1edbi m\u00f4i tr\u01b0\u1eddng<\/h2><h3>Gi\u1ea3i ph\u00e1p k\u1ebft h\u1ee3p<\/h3><p>\u0110\u1ed9i ng\u0169 Atlantic cam k\u1ebft ph\u00e1t tri\u1ec3n c\u00e1c gi\u1ea3i ph\u00e1p th\u00fac \u0111\u1ea9y s\u1eed d\u1ee5ng n\u0103ng l\u01b0\u1ee3ng t\u00e1i t\u1ea1o nh\u01b0 m\u00e1y n\u01b0\u1edbc n\u00f3ng b\u01a1m nhi\u1ec7t.<\/p><h3>S\u1ea3n ph\u1ea9m th\u00f4ng minh<\/h3><p>L\u1ef1a ch\u1ecdn Atlantic - L\u1ef1a ch\u1ecdn m\u1ed9t h\u1ec7 th\u1ed1ng th\u00f4ng minh c\u00f3 thi\u1ebft k\u1ebf t\u00f9y ch\u1ec9nh \u0111\u1ec3 \u0111\u00e1p \u1ee9ng c\u00e1c y\u00eau c\u1ea7u v\u1ec1 n\u01b0\u1edbc n\u00f3ng c\u1ee5 th\u1ec3 d\u1ef1a tr\u00ean c\u00e1c t\u00ednh n\u0103ng k\u1ebft n\u1ed1i v\u00e0 l\u1eadp tr\u00ecnh \u0111\u1ec3 ti\u1ebft ki\u1ec7m n\u0103ng l\u01b0\u1ee3ng.<\/p>                                            <\/div>\n                                        <\/div>\n                                    <\/div>\n                                <\/div>\n                            <\/div>\n                        <\/div>\n                    <\/div>\n                <\/div>\n            <\/div>\n        <\/div>\n        \t\t\t\t<\/div>\n\t\t\t\t<\/div>\n\t\t\t\t<div class=\"elementor-element elementor-element-7961895 elementor-widget elementor-widget-our_advice_list_widget\" data-id=\"7961895\" data-element_type=\"widget\" data-widget_type=\"our_advice_list_widget.default\">\n\t\t\t\t<div class=\"elementor-widget-container\">\n\t\t\t\t\t        <aside class=\"landing-page__zone landing-page__zone--5166\">\n            <div class=\"landing-page__block block_advices\">\n                <div class=\"landing-section advice-section bg-light\">\n                    <div class=\"container\">\n                        <div class=\"header-section header-section--md bg-light\">\n                            <p class=\"section-title\">L\u1eddi khuy\u00ean c\u1ee7a ch\u00fang t\u00f4i<\/p>\n                        <\/div>\n                        <ul class=\"advice--list list-unstyled\">\n                                                            <li class=\"advice--item\">\n                                    <p class=\"advice--title\">\n                                        <a href=\"\/vn\/water-heater-installation-technologies\/choosing-your-water-heater\/\" class=\"advice--link\" target=\"_self\">\n                                            <span>C\u00e1ch ch\u1ecdn b\u00ecnh n\u01b0\u1edbc n\u00f3ng ph\u00f9 h\u1ee3p<\/span>\n                                        <\/a>\n                                    <\/p>\n                                <\/li>\n                                                            <li class=\"advice--item\">\n                                    <p class=\"advice--title\">\n                                        <a href=\"\/vn\/water-heater-installation-technologies\/installing-your-water-heater\/\" class=\"advice--link\" target=\"_self\">\n                                            <span>Quy tr\u00ecnh l\u1eafp \u0111\u1eb7t m\u00e1y n\u01b0\u1edbc n\u00f3ng<\/span>\n                                        <\/a>\n                                    <\/p>\n                                <\/li>\n                                                            <li class=\"advice--item\">\n                                    <p class=\"advice--title\">\n                                        <a href=\"\/vn\/water-heater-installation-technologies\/maintaining-your-water-heater\/\" class=\"advice--link\" target=\"_self\">\n                                            <span>B\u1ea3o tr\u00ec b\u00ecnh n\u01b0\u1edbc n\u00f3ng c\u1ee7a b\u1ea1n<\/span>\n                                        <\/a>\n                                    <\/p>\n                                <\/li>\n                                                            <li class=\"advice--item\">\n                                    <p class=\"advice--title\">\n                                        <a href=\"\/vn\/water-heater-installation-technologies\/connectivity-remote-piloting-cozytouch\/\" class=\"advice--link\" target=\"_self\">\n                                            <span>K\u1ebft n\u1ed1i &amp; \u0110i\u1ec1u khi\u1ec3n t\u1eeb xa: Cozytouch<\/span>\n                                        <\/a>\n                                    <\/p>\n                                <\/li>\n                                                            <li class=\"advice--item\">\n                                    <p class=\"advice--title\">\n                                        <a href=\"\/vn\/how-to-choose-your-heat-pump\/how-to-choose-your-heat-pump\/\" class=\"advice--link\" target=\"_self\">\n                                            <span>C\u00e1ch l\u1ef1a ch\u1ecdn m\u00e1y b\u01a1m nhi\u1ec7t ph\u00f9 h\u1ee3p<\/span>\n                                        <\/a>\n                                    <\/p>\n                                <\/li>\n                                                            <li class=\"advice--item\">\n                                    <p class=\"advice--title\">\n                                        <a href=\"\/vn\/how-to-choose-your-heat-pump\/aerothermal-heating-systems\/\" class=\"advice--link\" target=\"_self\">\n                                            <span>H\u1ec7 th\u1ed1ng s\u01b0\u1edfi kh\u00ed nhi\u1ec7t<\/span>\n                                        <\/a>\n                                    <\/p>\n                                <\/li>\n                                                    <\/ul>\n                    <\/div>\n                <\/div>\n            <\/div>\n        <\/aside>\n        \t\t\t\t<\/div>\n\t\t\t\t<\/div>\n\t\t\t\t<div class=\"elementor-element elementor-element-90db0de elementor-hidden-desktop elementor-hidden-tablet elementor-hidden-mobile elementor-widget elementor-widget-html\" data-id=\"90db0de\" data-element_type=\"widget\" data-widget_type=\"html.default\">\n\t\t\t\t<div class=\"elementor-widget-container\">\n\t\t\t\t\t<div class=\"ezlandingpage-field\">\r\n  <div class=\"container container-small\">\r\n    <div class=\"row\">\r\n      <div class=\"col-12\">\r\n        <div class=\"header-section header-section--xl\">\r\n          <h1 class=\"section-title\">Th\u01b0\u01a1ng hi\u1ec7u Atlantic<\/h1>\r\n        <\/div>\r\n      <\/div>\r\n      <div class=\"col-12 col-md-9\">\r\n        <div class=\"scrollspy-content\">\r\n          <div class=\"wysiwyg js-summary-source\">\r\n            <div class=\"ezrichtext-field\">\r\n            <\/div>\r\n            <div class=\"landing-page__zone landing-page__zone--5165\" data-ibexa-zone-id=\"5165\">\r\n              <div class=\"landing-page__block block_richtext\" data-ez-block-id=\"12684\">\r\n                <div class=\"block-richtext\">\r\n                  <h2>M\u1ed8T TH\u01af\u01a0NG HI\u1ec6U PH\u00c1P N\u1ed4I TI\u1ebeNG TR\u00caN TO\u00c0N C\u1ea6U<\/h2>\r\n                  <p>Atlantic \u0111\u01b0\u1ee3c bi\u1ebft \u0111\u1ebfn nh\u01b0 l\u00e0 m\u1ed9t th\u01b0\u01a1ng hi\u1ec7u PH\u00c1P, chuy\u00ean gia trong t\u1ea5t c\u1ea3 h\u1ec7 th\u1ed1ng l\u00e0m n\u00f3ng v\u00e0 thi\u1ebft b\u1ecb mang l\u1ea1i s\u1ef1 ti\u1ec7n nghi v\u1ec1 nhi\u1ec7t, v\u1edbi s\u1ef1 hi\u1ec7n di\u1ec7n tr\u00ean th\u1ebf gi\u1edbi.<\/p>\r\n                  <p>Chuy\u00ean gia trong h\u1ec7 th\u1ed1ng l\u00e0m n\u00f3ng v\u00e0 thi\u1ebft b\u1ecb nhi\u1ec7t, c\u00e1c s\u1ea3n ph\u1ea9m c\u1ee7a Atlantic li\u00ean t\u1ee5c mang \u0111\u1ebfn c\u00e1c thi\u1ebft k\u1ebf cao c\u1ea5p, k\u1ebft h\u1ee3p s\u1ef1 \u0111\u1ed5i m\u1edbi v\u00e0 c\u00f4ng ngh\u1ec7 ti\u00ean ti\u1ebfn.<\/p>\r\n                  <p>Atlantic ph\u00e1t tri\u1ec3n c\u00e1c d\u00f2ng s\u1ea3n ph\u1ea9m hi\u1ec7n \u0111\u1ea1i v\u00e0 b\u1ec1n b\u1ec9 nh\u01b0 b\u00ecnh n\u01b0\u1edbc n\u00f3ng, t\u1ea5m s\u01b0\u1edfi, s\u01b0\u1edfi ph\u00f2ng t\u1eafm, n\u0103ng l\u01b0\u1ee3ng m\u1eb7t tr\u1eddi, b\u01a1m nhi\u1ec7t, v.v\u2026 C\u00e1c s\u1ea3n ph\u1ea9m mang \u0111\u1ebfn cho ng\u01b0\u1eddi ti\u00eau d\u00f9ng nh\u1eefng tr\u1ea3i nghi\u1ec7m t\u1ed1i \u01b0u m\u00e0 v\u1eabn ti\u1ebft ki\u1ec7m chi ph\u00ed t\u1ed1i \u0111a.<\/p>\r\n                  <p>H\u00e3y c\u00f9ng xem qua c\u00e1c c\u00f4ng ngh\u1ec7 v\u00e0 s\u1ea3n ph\u1ea9m c\u1ee7a Atlantic:<\/p>\r\n                <\/div>\r\n              <\/div>\r\n              <div class=\"landing-page__block block_cta_media_text\" data-ez-block-id=\"12685\">\r\n                <div class=\"actualites-columns\">\r\n                  <div class=\"actualites-column media  w-100\">\r\n                    <div class=\"plyr-video-wrapper\">\r\n                      <div tabindex=\"0\" class=\"plyr plyr--full-ui plyr--video plyr--youtube plyr--fullscreen-enabled plyr--paused plyr--stopped plyr__poster-enabled\">\r\n                        <div class=\"plyr__controls\">\r\n                          <button class=\"plyr__controls__item plyr__control\" type=\"button\" data-plyr=\"play\" aria-pressed=\"false\" aria-label=\"Ch\u01a1i, Thi\u1ebft k\u1ebf cho th\u01b0\u01a1ng hi\u1ec7u Atlantic k\u1ebft h\u1ee3p s\u1ef1 s\u00e1ng t\u1ea1o, c\u00f4ng ngh\u1ec7 v\u00e0 \u0111\u1ed5i m\u1edbi (b\u1edfi Amaury Malhere)\">\r\n                            <svg class=\"icon--pressed\" aria-hidden=\"true\" focusable=\"false\">\r\n                              <use xlink:href=\"#plyr-pause\">\r\n                              <\/use>\r\n                            <\/svg>\r\n                            <svg class=\"icon--not-pressed\" aria-hidden=\"true\" focusable=\"false\">\r\n                              <use xlink:href=\"#plyr-play\">\r\n                              <\/use>\r\n                            <\/svg>\r\n                            <span class=\"label--pressed plyr__sr-only\">T\u1ea1m d\u1eebng<\/span>\r\n                            <span class=\"label--not-pressed plyr__sr-only\">Ch\u01a1i<\/span>\r\n                          <\/button>\r\n                          <div class=\"plyr__controls__item plyr__progress__container\">\r\n                            <div class=\"plyr__progress\">\r\n                              <input data-plyr=\"seek\" type=\"range\" min=\"0\" max=\"100\" step=\"0.01\" value=\"0\" autocomplete=\"off\" role=\"slider\" aria-label=\"T\u00ecm ki\u1ebfm\" aria-valuemin=\"0\" aria-valuemax=\"86\" aria-valuenow=\"0\" id=\"plyr-seek-6324\" aria-valuetext=\"00:00 of 01:26\" style=\"--value: 0%;\">\r\n                              <progress class=\"plyr__progress__buffer\" min=\"0\" max=\"100\" value=\"0\" role=\"progressbar\" aria-hidden=\"true\">% \u0111\u1ec7m<\/progress>\r\n                              <span class=\"plyr__tooltip\" style=\"left: 90.6331%;\">01:17<\/span>\r\n                            <\/div>\r\n                          <\/div>\r\n                          <div class=\"plyr__controls__item plyr__time--current plyr__time\" aria-label=\"Th\u1eddi gian hi\u1ec7n t\u1ea1i\">01:26<\/div>\r\n                          <div class=\"plyr__controls__item plyr__volume\">\r\n                            <button type=\"button\" class=\"plyr__control\" data-plyr=\"mute\" aria-pressed=\"false\">\r\n                              <svg class=\"icon--pressed\" aria-hidden=\"true\" focusable=\"false\">\r\n                                <use xlink:href=\"#plyr-muted\">\r\n                                <\/use>\r\n                              <\/svg>\r\n                              <svg class=\"icon--not-pressed\" aria-hidden=\"true\" focusable=\"false\">\r\n                                <use xlink:href=\"#plyr-volume\">\r\n                                <\/use>\r\n                              <\/svg>\r\n                              <span class=\"label--pressed plyr__sr-only\">B\u1ecf t\u1eaft ti\u1ebfng<\/span>\r\n                              <span class=\"label--not-pressed plyr__sr-only\">T\u1eaft ti\u1ebfng<\/span>\r\n                            <\/button>\r\n                            <input data-plyr=\"volume\" type=\"range\" min=\"0\" max=\"1\" step=\"0.05\" value=\"1\" autocomplete=\"off\" role=\"slider\" aria-label=\"\u00c2m l\u01b0\u1ee3ng\" aria-valuemin=\"0\" aria-valuemax=\"100\" aria-valuenow=\"100\" id=\"plyr-volume-6324\" aria-valuetext=\"100.0%\" style=\"--value: 100%;\">\r\n                          <\/div>\r\n                        <\/div>\r\n                        <div class=\"plyr__video-wrapper plyr__video-embed\" style=\"aspect-ratio: 16 \/ 9;\">\r\n                          <iframe id=\"youtube-1329\" frameborder=\"0\" allowfullscreen=\"\" allow=\"accelerometer; autoplay; clipboard-write; encrypted-media; gyroscope; picture-in-picture; web-share\" referrerpolicy=\"strict-origin-when-cross-origin\" title=\"Ng\u01b0\u1eddi ch\u01a1i cho Thi\u1ebft k\u1ebf cho th\u01b0\u01a1ng hi\u1ec7u Atlantic k\u1ebft h\u1ee3p s\u1ef1 s\u00e1ng t\u1ea1o, c\u00f4ng ngh\u1ec7 v\u00e0 \u0111\u1ed5i m\u1edbi (b\u1edfi Amaury Malhere)\" width=\"640\" height=\"360\" src=\"https:\/\/www.youtube-nocookie.com\/embed\/iwmIZSonJrY?autoplay=0&amp;controls=0&amp;disablekb=1&amp;playsinline=1&amp;cc_load_policy=0&amp;cc_lang_pref=auto&amp;widget_referrer=https%3A%2F%2Fatlantic-comfort.com%2Fabout-us%2Fatlantic-brand&amp;rel=0&amp;showinfo=0&amp;iv_load_policy=3&amp;modestbranding=1&amp;customControls=true&amp;noCookie=true&amp;enablejsapi=1&amp;origin=https%3A%2F%2Fatlantic-comfort.com&amp;widgetid=1\">\r\n                          <\/iframe>\r\n                          <div class=\"plyr__poster\" style=\"background-image: url(&quot;https:\/\/i.ytimg.com\/vi\/iwmIZSonJrY\/maxresdefault.jpg&quot;);\">\r\n                          <\/div>\r\n                        <\/div>\r\n                      <\/div>\r\n                    <\/div>\r\n                  <\/div>\r\n                <\/div>\r\n              <\/div>\r\n              <div class=\"landing-page__block block_richtext\" data-ez-block-id=\"12686\">\r\n                <div class=\"block-richtext\">\r\n                  <p>Qua h\u00e0ng n\u0103m, danh ti\u1ebfng c\u1ee7a th\u01b0\u01a1ng hi\u1ec7u Ph\u00e1p Atlantic v\u1edbi nh\u1eefng k\u1ef9 thu\u1eadt \u0111\u1ed9c \u0111\u00e1o, \u0111\u00e3 lan r\u1ed9ng tr\u00ean to\u00e0n th\u1ebf gi\u1edbi. Ng\u00e0y nay, Atlantic \u0111\u00e3 c\u00f3 ch\u1ed7 \u0111\u1ee9ng v\u1eefng ch\u1eafc t\u1ea1i th\u1ecb tr\u01b0\u1eddng Ph\u00e1p, T\u00e2y \u00c2u v\u00e0 \u0110\u00f4ng \u00c2u, C\u1eadn \u0110\u00f4ng v\u00e0 Trung \u0110\u00f4ng, Ch\u00e2u Phi, Nam M\u1ef9 v\u00e0 th\u1eadm ch\u00ed l\u00e0 Ch\u00e2u \u00c1 - Th\u00e1i B\u00ecnh D\u01b0\u01a1ng, v\u1edbi s\u1ef1 ph\u00e1t tri\u1ec3n kh\u00f4ng ng\u1eebng tr\u00ean to\u00e0n th\u1ebf gi\u1edbi.<\/p>\r\n                  <p>&nbsp;<\/p>\r\n                  <h2>Ch\u00fang t\u00f4i cung c\u1ea5p v\u00e0 ph\u00e1t tri\u1ec3n c\u00e1c gi\u1ea3i ph\u00e1p mang t\u00ednh \u0111\u1ed5i m\u1edbi, th\u00e2n thi\u1ec7n v\u1edbi m\u00f4i tr\u01b0\u1eddng<\/h2>\r\n                  <h3>Gi\u1ea3i ph\u00e1p k\u1ebft h\u1ee3p<\/h3>\r\n                  <p>\u0110\u1ed9i ng\u0169 Atlantic cam k\u1ebft ph\u00e1t tri\u1ec3n c\u00e1c gi\u1ea3i ph\u00e1p th\u00fac \u0111\u1ea9y s\u1eed d\u1ee5ng n\u0103ng l\u01b0\u1ee3ng t\u00e1i t\u1ea1o nh\u01b0 m\u00e1y n\u01b0\u1edbc n\u00f3ng b\u01a1m nhi\u1ec7t.<\/p>\r\n                  <h3>S\u1ea3n ph\u1ea9m th\u00f4ng minh<\/h3>\r\n                  <p>L\u1ef1a ch\u1ecdn Atlantic - L\u1ef1a ch\u1ecdn m\u1ed9t h\u1ec7 th\u1ed1ng th\u00f4ng minh c\u00f3 thi\u1ebft k\u1ebf t\u00f9y ch\u1ec9nh \u0111\u1ec3 \u0111\u00e1p \u1ee9ng c\u00e1c y\u00eau c\u1ea7u v\u1ec1 n\u01b0\u1edbc n\u00f3ng c\u1ee5 th\u1ec3 d\u1ef1a tr\u00ean c\u00e1c t\u00ednh n\u0103ng k\u1ebft n\u1ed1i v\u00e0 l\u1eadp tr\u00ecnh \u0111\u1ec3 ti\u1ebft ki\u1ec7m n\u0103ng l\u01b0\u1ee3ng.<\/p>\r\n                <\/div>\r\n              <\/div>\r\n            <\/div>\r\n          <\/div>\r\n        <\/div>\r\n      <\/div>\r\n    <\/div>\r\n  <\/div>\r\n<\/div>\t\t\t\t<\/div>\n\t\t\t\t<\/div>\n\t\t\t\t<\/div>\n\t\t\t\t<\/div>","protected":false},"excerpt":{"rendered":"<p>Atlantic Brand A GLOBALLY RENOWNED FRENCH BRAND Atlantic is a well-established and renowned French brand, expert in all types of heating and home comfort systems, with a worldwide presence. Specialist of heating and comfort appliances, Atlantic constantly combines premium design, innovation and cutting-edge technology. Atlantic has developed a complete range of modern and reliable equipment [&hellip;]<\/p>","protected":false},"author":1,"featured_media":0,"parent":0,"menu_order":2,"comment_status":"closed","ping_status":"closed","template":"","meta":{"inline_featured_image":false,"footnotes":""},"class_list":["post-106","page","type-page","status-publish","hentry"],"_links":{"self":[{"href":"https:\/\/atlantic-comfort.vn\/vn\/wp-json\/wp\/v2\/pages\/106","targetHints":{"allow":["GET"]}}],"collection":[{"href":"https:\/\/atlantic-comfort.vn\/vn\/wp-json\/wp\/v2\/pages"}],"about":[{"href":"https:\/\/atlantic-comfort.vn\/vn\/wp-json\/wp\/v2\/types\/page"}],"author":[{"embeddable":true,"href":"https:\/\/atlantic-comfort.vn\/vn\/wp-json\/wp\/v2\/users\/1"}],"replies":[{"embeddable":true,"href":"https:\/\/atlantic-comfort.vn\/vn\/wp-json\/wp\/v2\/comments?post=106"}],"version-history":[{"count":0,"href":"https:\/\/atlantic-comfort.vn\/vn\/wp-json\/wp\/v2\/pages\/106\/revisions"}],"wp:attachment":[{"href":"https:\/\/atlantic-comfort.vn\/vn\/wp-json\/wp\/v2\/media?parent=106"}],"curies":[{"name":"wp","href":"https:\/\/api.w.org\/{rel}","templated":true}]}}